{"id":1903,"date":"2020-12-02T09:45:56","date_gmt":"2020-12-02T09:45:56","guid":{"rendered":"https:\/\/puig.clonica.net\/servicios\/"},"modified":"2021-01-25T15:20:03","modified_gmt":"2021-01-25T15:20:03","slug":"services","status":"publish","type":"page","link":"https:\/\/puig-packaging.com\/fr\/services\/","title":{"rendered":"Services"},"content":{"rendered":"<div id='av_section_1'  class='avia-section main_color avia-section-default avia-no-border-styling  avia-bg-style-scroll  avia-builder-el-0  el_before_av_layout_row  avia-builder-el-first   container_wrap fullsize' style=' '  ><div class='container' ><main  role=\"main\" itemprop=\"mainContentOfPage\"  class='template-page content  av-content-full alpha units'><div class='post-entry post-entry-type-page post-entry-1903'><div class='entry-content-wrapper clearfix'>\n<div   data-size='featured'  data-lightbox_size='large'  data-animation='slide'  data-conditional_play=''  data-ids='1105'  data-video_counter='0'  data-autoplay='false'  data-bg_slider='false'  data-slide_height=''  data-handle='av_slideshow'  data-interval='5'  data-class=' avia-builder-el-1  el_before_av_slideshow  avia-builder-el-first   av-small-hide av-mini-hide'  data-el_id=''  data-css_id=''  data-scroll_down=''  data-control_layout='av-control-default'  data-custom_markup=''  data-perma_caption=''  data-autoplay_stopper=''  data-image_attachment=''  data-min_height='0px'  data-lazy_loading='disabled'  data-default-height='28.666666666667'  class='avia-slideshow avia-slideshow-1  av-control-default av-default-height-applied avia-slideshow-featured av_slideshow  avia-builder-el-1  el_before_av_slideshow  avia-builder-el-first   av-small-hide av-mini-hide avia-slide-slider '  itemprop=\"image\" itemscope=\"itemscope\" itemtype=\"https:\/\/schema.org\/ImageObject\" ><ul class='avia-slideshow-inner ' style='padding-bottom: 28%;' ><li  class=' av-single-slide slide-1 ' ><div data-rel='slideshow-1' class='avia-slide-wrap '   ><img decoding=\"async\" class=\"wp-image-1107 avia-img-lazy-loading-not-1107\"  src=\"https:\/\/puig-packaging.com\/wp-content\/uploads\/2020\/12\/SLIDERS-SERVICIOS.jpg\" width=\"1500\" height=\"420\" title='SLIDERS-SERVICIOS' alt=''  itemprop=\"thumbnailUrl\" srcset=\"https:\/\/puig-packaging.com\/wp-content\/uploads\/2020\/12\/SLIDERS-SERVICIOS.jpg 1500w, https:\/\/puig-packaging.com\/wp-content\/uploads\/2020\/12\/SLIDERS-SERVICIOS-300x84.jpg 300w, https:\/\/puig-packaging.com\/wp-content\/uploads\/2020\/12\/SLIDERS-SERVICIOS-1030x288.jpg 1030w, https:\/\/puig-packaging.com\/wp-content\/uploads\/2020\/12\/SLIDERS-SERVICIOS-768x215.jpg 768w, https:\/\/puig-packaging.com\/wp-content\/uploads\/2020\/12\/SLIDERS-SERVICIOS-705x197.jpg 705w, https:\/\/puig-packaging.com\/wp-content\/uploads\/2020\/12\/SLIDERS-SERVICIOS-600x168.jpg 600w\" sizes=\"(max-width: 1500px) 100vw, 1500px\" \/><\/div><\/li><\/ul><\/div>\n<div   data-size='featured'  data-lightbox_size='large'  data-animation='slide'  data-conditional_play=''  data-ids='1108'  data-video_counter='0'  data-autoplay='false'  data-bg_slider='false'  data-slide_height=''  data-handle='av_slideshow'  data-interval='5'  data-class=' avia-builder-el-2  el_after_av_slideshow  el_before_av_one_full   av-desktop-hide av-medium-hide'  data-el_id=''  data-css_id=''  data-scroll_down=''  data-control_layout='av-control-default'  data-custom_markup=''  data-perma_caption=''  data-autoplay_stopper=''  data-image_attachment=''  data-min_height='0px'  data-lazy_loading='disabled'  data-default-height='28.666666666667'  class='avia-slideshow avia-slideshow-2  av-control-default av-default-height-applied avia-slideshow-featured av_slideshow  avia-builder-el-2  el_after_av_slideshow  el_before_av_one_full   av-desktop-hide av-medium-hide avia-slide-slider '  itemprop=\"image\" itemscope=\"itemscope\" itemtype=\"https:\/\/schema.org\/ImageObject\" ><ul class='avia-slideshow-inner ' style='padding-bottom: 71.666666666667%;' ><li  class=' av-single-slide slide-1 ' ><div data-rel='slideshow-2' class='avia-slide-wrap '   ><img decoding=\"async\" class=\"wp-image-1110 avia-img-lazy-loading-not-1110\"  src=\"https:\/\/puig-packaging.com\/wp-content\/uploads\/2020\/12\/Fotoservicios-PuigPackaging-MVL-600x430.jpg\" width=\"600\" height=\"430\" title='Fotoservicios-PuigPackaging-MVL' alt=''  itemprop=\"thumbnailUrl\" srcset=\"https:\/\/puig-packaging.com\/wp-content\/uploads\/2020\/12\/Fotoservicios-PuigPackaging-MVL-600x430.jpg 600w, https:\/\/puig-packaging.com\/wp-content\/uploads\/2020\/12\/Fotoservicios-PuigPackaging-MVL-260x185.jpg 260w\" sizes=\"(max-width: 600px) 100vw, 600px\" \/><\/div><\/li><\/ul><\/div>\n<div class=\"flex_column av_one_full  flex_column_div av-zero-column-padding first  avia-builder-el-3  el_after_av_slideshow  el_before_av_hr  \" style='border-radius:0px; '><section class=\"av_textblock_section \"  itemscope=\"itemscope\" itemtype=\"https:\/\/schema.org\/CreativeWork\" ><div class='avia_textblock  av_inherit_color '  style='color:#828282; '  itemprop=\"text\" ><h1 style=\"text-align: center; font-weight: 500;\">SERVICES<\/h1>\n<\/div><\/section><br \/>\n<div  style=' margin-top:0px; margin-bottom:30px;'  class='hr hr-custom hr-center hr-icon-no   avia-builder-el-5  el_after_av_textblock  el_before_av_textblock '><span class='hr-inner  inner-border-av-border-fat' style=' width:50px; border-color:#828282;' ><span class='hr-inner-style'><\/span><\/span><\/div><br \/>\n<section class=\"av_textblock_section \"  itemscope=\"itemscope\" itemtype=\"https:\/\/schema.org\/CreativeWork\" ><div class='avia_textblock  '  style='font-size:15px; '  itemprop=\"text\" ><p class=\"p1\" style=\"text-align: center;\">Puig Packaging offre \u00e0 ses clients des services compl\u00e9mentaires \u00e0 la fabrication de l&#8217;emballage, pour que le produit soit enti\u00e8rement fini pour son conditionnement.<\/p>\n<p class=\"p1\" style=\"text-align: center;\">Nous disposons d&rsquo;un solide r\u00e9seau de collaborateurs, fruit de relations commerciales durables qui reposent sur la qualit\u00e9, le co\u00fbt et la confiance des services offerts.<\/p>\n<p class=\"p1\" style=\"text-align: center;\">Nous mettons fortement en valeur les relations \u00e9tablies avec nos fournisseurs.<\/p>\n<p class=\"p1\" style=\"text-align: center;\">Nos attentes concernant leur rendement et leur service sont donc tr\u00e8s \u00e9lev\u00e9es.<\/p>\n<p class=\"p1\" style=\"text-align: center;\">Nous \u00e9valuons et mesurons la prestation de nos fournisseurs en suivant les m\u00eames crit\u00e8res que nous utilisons en interne chez Puig Packaging.<\/p>\n<\/div><\/section><\/p><\/div><div  style='height:40px' class='hr hr-invisible   avia-builder-el-7  el_after_av_one_full  avia-builder-el-last '><span class='hr-inner ' ><span class='hr-inner-style'><\/span><\/span><\/div>\n\n<\/div><\/div><\/main><!-- close content main element --><\/div><\/div><div id='av-layout-grid-1'  class='av-layout-grid-container entry-content-wrapper main_color av-flex-cells     avia-builder-el-8  el_after_av_section  el_before_av_layout_row  submenu-not-first container_wrap fullsize' style=' '  >\n<div class=\"flex_cell no_margin av_one_half  avia-builder-el-9  el_before_av_cell_one_half  avia-builder-el-first   av-zero-padding \"  style='vertical-align:top; padding:0; ' ><div class='flex_cell_inner' ><div  class='avia-image-container  av-styling-    avia-builder-el-10  avia-builder-el-no-sibling  avia-align-center '  itemprop=\"image\" itemscope=\"itemscope\" itemtype=\"https:\/\/schema.org\/ImageObject\"  ><div class='avia-image-container-inner'><div class='avia-image-overlay-wrap'><img decoding=\"async\" class='wp-image-1298 avia-img-lazy-loading-not-1298 avia_image' src=\"https:\/\/puig-packaging.com\/wp-content\/uploads\/2020\/12\/ESTERILIZACIO\u0301N-1.png\" alt='' title='ESTERILIZACIO\u0301N' height=\"600\" width=\"1500\"  itemprop=\"thumbnailUrl\" srcset=\"https:\/\/puig-packaging.com\/wp-content\/uploads\/2020\/12\/ESTERILIZACIO\u0301N-1.png 1500w, https:\/\/puig-packaging.com\/wp-content\/uploads\/2020\/12\/ESTERILIZACIO\u0301N-1-300x120.png 300w, https:\/\/puig-packaging.com\/wp-content\/uploads\/2020\/12\/ESTERILIZACIO\u0301N-1-1030x412.png 1030w, https:\/\/puig-packaging.com\/wp-content\/uploads\/2020\/12\/ESTERILIZACIO\u0301N-1-768x307.png 768w, https:\/\/puig-packaging.com\/wp-content\/uploads\/2020\/12\/ESTERILIZACIO\u0301N-1-705x282.png 705w, https:\/\/puig-packaging.com\/wp-content\/uploads\/2020\/12\/ESTERILIZACIO\u0301N-1-600x240.png 600w\" sizes=\"(max-width: 1500px) 100vw, 1500px\" \/><\/div><\/div><\/div>\n<\/div><\/div><div class=\"flex_cell no_margin av_one_half  avia-builder-el-11  el_after_av_cell_one_half  avia-builder-el-last   \"  style='background: #f7f7f7; vertical-align:top; padding:30px; background-color:#f7f7f7; ' ><div class='flex_cell_inner' ><section class=\"av_textblock_section \"  itemscope=\"itemscope\" itemtype=\"https:\/\/schema.org\/CreativeWork\" ><div class='avia_textblock  '   itemprop=\"text\" ><h2>St\u00e9rilisation<\/h2>\n<p class=\"p1\"><span class=\"s1\">Puig Packaging offre la possibilit\u00e9 d&rsquo;effectuer un traitement externe de st\u00e9rilisation \u00e0 la suite de la fabrication des emballages dans notre salle propre de classe C ISO 7.<\/span> <span class=\"s1\">En raison de l&rsquo;importance de ce processus dans les secteurs pharmaceutique, v\u00e9t\u00e9rinaire et biotechnologique, nous avons \u00e9tabli des synergies avec les entreprises leader de la st\u00e9rilisation en Europe et nous avons mis en place les ponts l\u00e9gaux afin d&rsquo;offrir un service garanti.<\/span><\/p>\n<ul>\n<li><strong>Radiation Beta: <\/strong>Caract\u00e9ris\u00e9e par sa faible p\u00e9n\u00e9tration et ses grandes vitesses de dosage, cette forme d&rsquo;\u00e9nergie ionisante de basse densit\u00e9 est la plus appropri\u00e9e pour les produits conditionn\u00e9s de mani\u00e8re uniforme, \u00e0 basse densit\u00e9. La radiation par faisceau d&rsquo;\u00e9lectrons est g\u00e9n\u00e9ralement utilis\u00e9e pour modifier le plastique et d&rsquo;autres mat\u00e9riaux, dans le but de changer ou d&rsquo;am\u00e9liorer leurs propri\u00e9t\u00e9s.<\/li>\n<li><strong>Rayons gamma: <\/strong>Caract\u00e9ris\u00e9s par leur niveau de p\u00e9n\u00e9tration profond et leurs faibles taux de dosage, les rayons gamma \u00e9liminent avec efficacit\u00e9 les microorganismes pr\u00e9sents sur l&rsquo;ensemble du produit et de son emballage, produisant une l\u00e9g\u00e8re variation de la temp\u00e9rature.<\/li>\n<li><strong>Par oxyde d&rsquo;\u00e9thyl\u00e8ne: <\/strong>L&rsquo;oxyde d&rsquo;\u00e9thyl\u00e8ne est un gaz incolore et inodore. Gr\u00e2ce \u00e0 ses propri\u00e9t\u00e9s chimiques particuli\u00e8res, il a une bonne diffusion dans les mat\u00e9riaux poreux, ainsi qu&rsquo;une bonne diffusion et absorption dans la plupart des plastiques thermosensibles.<\/li>\n<\/ul>\n<\/div><\/section>\n<\/div><\/div>\n<\/div>\n<div id='av-layout-grid-2'  class='av-layout-grid-container entry-content-wrapper main_color av-flex-cells     avia-builder-el-13  el_after_av_layout_row  el_before_av_layout_row  submenu-not-first container_wrap fullsize' style=' '  >\n<div class=\"flex_cell no_margin av_one_half  avia-builder-el-14  el_before_av_cell_one_half  avia-builder-el-first   \"  style='background: #f7f7f7; vertical-align:top; padding:30; background-color:#f7f7f7; ' ><div class='flex_cell_inner' ><section class=\"av_textblock_section \"  itemscope=\"itemscope\" itemtype=\"https:\/\/schema.org\/CreativeWork\" ><div class='avia_textblock  '   itemprop=\"text\" ><h2 style=\"text-align: right;\">Compl\u00e9ments du conditionnement<\/h2>\n<p class=\"p1\" style=\"text-align: right;\">Nous disposons de fournisseurs homologu\u00e9s qui nous procurent des compl\u00e9ments pour les emballages.<\/p>\n<p class=\"p1\" style=\"text-align: right;\">Nous pouvons trouver le compl\u00e9ment qui s&rsquo;adapte le mieux \u00e0 votre emballage.<\/p>\n<p class=\"p1\" style=\"text-align: right;\">\u2022 Bouchons, \u2022 Pompes vaporisateur<\/p>\n<p class=\"p1\" style=\"text-align: right;\">\u2022 Bouchons en silicagel \/ gel de silice, \u2022 Verres doseurs<\/p>\n<p class=\"p1\" style=\"text-align: right;\">\u2022 Obturateurs pour solutions injectables<\/p>\n<p class=\"p1\" style=\"text-align: right;\">\u2022 Obturateurs, \u2022 Pipettes, \u2022 Vaporisateurs<\/p>\n<\/div><\/section>\n<\/div><\/div><div class=\"flex_cell no_margin av_one_half  avia-builder-el-16  el_after_av_cell_one_half  avia-builder-el-last   av-zero-padding \"  style='vertical-align:top; padding:0px; ' ><div class='flex_cell_inner' ><div  class='avia-image-container  av-styling-    avia-builder-el-17  avia-builder-el-no-sibling  avia-align-center '  itemprop=\"image\" itemscope=\"itemscope\" itemtype=\"https:\/\/schema.org\/ImageObject\"  ><div class='avia-image-container-inner'><div class='avia-image-overlay-wrap'><img decoding=\"async\" class='wp-image-1305 avia-img-lazy-loading-not-1305 avia_image' src=\"https:\/\/puig-packaging.com\/wp-content\/uploads\/2020\/12\/DECORACION.png\" alt='' title='DECORACION' height=\"600\" width=\"1500\"  itemprop=\"thumbnailUrl\" srcset=\"https:\/\/puig-packaging.com\/wp-content\/uploads\/2020\/12\/DECORACION.png 1500w, https:\/\/puig-packaging.com\/wp-content\/uploads\/2020\/12\/DECORACION-300x120.png 300w, https:\/\/puig-packaging.com\/wp-content\/uploads\/2020\/12\/DECORACION-1030x412.png 1030w, https:\/\/puig-packaging.com\/wp-content\/uploads\/2020\/12\/DECORACION-768x307.png 768w, https:\/\/puig-packaging.com\/wp-content\/uploads\/2020\/12\/DECORACION-705x282.png 705w, https:\/\/puig-packaging.com\/wp-content\/uploads\/2020\/12\/DECORACION-600x240.png 600w\" sizes=\"(max-width: 1500px) 100vw, 1500px\" \/><\/div><\/div><\/div>\n<\/div><\/div><\/div><div id='av-layout-grid-3'  class='av-layout-grid-container entry-content-wrapper main_color av-flex-cells     avia-builder-el-18  el_after_av_layout_row  el_before_av_hr  submenu-not-first container_wrap fullsize' style=' '  >\n<div class=\"flex_cell no_margin av_one_half  avia-builder-el-19  el_before_av_cell_one_half  avia-builder-el-first   av-zero-padding \"  style='vertical-align:top; padding:0; ' ><div class='flex_cell_inner' ><div  class='avia-image-container  av-styling-    avia-builder-el-20  avia-builder-el-no-sibling  avia-align-center '  itemprop=\"image\" itemscope=\"itemscope\" itemtype=\"https:\/\/schema.org\/ImageObject\"  ><div class='avia-image-container-inner'><div class='avia-image-overlay-wrap'><img decoding=\"async\" class='wp-image-1318 avia-img-lazy-loading-not-1318 avia_image' src=\"https:\/\/puig-packaging.com\/wp-content\/uploads\/2020\/12\/deco.png\" alt='' title='deco' height=\"600\" width=\"1500\"  itemprop=\"thumbnailUrl\" srcset=\"https:\/\/puig-packaging.com\/wp-content\/uploads\/2020\/12\/deco.png 1500w, https:\/\/puig-packaging.com\/wp-content\/uploads\/2020\/12\/deco-300x120.png 300w, https:\/\/puig-packaging.com\/wp-content\/uploads\/2020\/12\/deco-1030x412.png 1030w, https:\/\/puig-packaging.com\/wp-content\/uploads\/2020\/12\/deco-768x307.png 768w, https:\/\/puig-packaging.com\/wp-content\/uploads\/2020\/12\/deco-705x282.png 705w, https:\/\/puig-packaging.com\/wp-content\/uploads\/2020\/12\/deco-600x240.png 600w\" sizes=\"(max-width: 1500px) 100vw, 1500px\" \/><\/div><\/div><\/div>\n<\/div><\/div><div class=\"flex_cell no_margin av_one_half  avia-builder-el-21  el_after_av_cell_one_half  avia-builder-el-last   \"  style='background: #f7f7f7; vertical-align:top; padding:30px; background-color:#f7f7f7; ' ><div class='flex_cell_inner' ><section class=\"av_textblock_section \"  itemscope=\"itemscope\" itemtype=\"https:\/\/schema.org\/CreativeWork\" ><div class='avia_textblock  '   itemprop=\"text\" ><h2>D\u00e9coration<\/h2>\n<p class=\"p1\">Puig Packaging met \u00e0 la disposition de ses clients un service de d\u00e9coration finale de leurs emballages \u2013 s\u00e9rigraphie, manchons, etc. \u2013, toujours en qu\u00eate de la meilleure solution pour satisfaire \u00e0 leurs besoins.<\/p>\n<p class=\"p1\">Nous disposons d&rsquo;un service externe de s\u00e9rigraphie de qualit\u00e9. Gr\u00e2ce \u00e0 notre longue relation de confiance et notre exp\u00e9rience, nous sommes en mesure d&rsquo;offrir des conditions avantageuses \u00e0 nos clients.<\/p>\n<\/div><\/section>\n<\/div><\/div><\/div><div id='after_submenu_3'  class='main_color av_default_container_wrap container_wrap fullsize' style=' '  ><div class='container' ><div class='template-page content  av-content-full alpha units'><div class='post-entry post-entry-type-page post-entry-1903'><div class='entry-content-wrapper clearfix'><div  style='height:80px' class='hr hr-invisible   avia-builder-el-23  el_after_av_layout_row  avia-builder-el-no-sibling '><span class='hr-inner ' ><span class='hr-inner-style'><\/span><\/span><\/div><\/p>\n","protected":false},"excerpt":{"rendered":"","protected":false},"author":1,"featured_media":0,"parent":0,"menu_order":0,"comment_status":"closed","ping_status":"closed","template":"","meta":{"footnotes":""},"class_list":["post-1903","page","type-page","status-publish","hentry"],"yoast_head":"<!-- This site is optimized with the Yoast SEO plugin v26.2 - https:\/\/yoast.com\/wordpress\/plugins\/seo\/ -->\n<title>Services - Plastiques Puig<\/title>\n<meta name=\"robots\" content=\"index, follow, max-snippet:-1, max-image-preview:large, max-video-preview:-1\" \/>\n<link rel=\"canonical\" href=\"https:\/\/puig-packaging.com\/fr\/services\/\" \/>\n<meta property=\"og:locale\" content=\"fr_FR\" \/>\n<meta property=\"og:type\" content=\"article\" \/>\n<meta property=\"og:title\" content=\"Services - Plastiques Puig\" \/>\n<meta property=\"og:url\" content=\"https:\/\/puig-packaging.com\/fr\/services\/\" \/>\n<meta property=\"og:site_name\" content=\"Plastiques Puig\" \/>\n<meta property=\"article:modified_time\" content=\"2021-01-25T15:20:03+00:00\" \/>\n<meta name=\"twitter:card\" content=\"summary_large_image\" \/>\n<meta name=\"twitter:label1\" content=\"Dur\u00e9e de lecture estim\u00e9e\" \/>\n\t<meta name=\"twitter:data1\" content=\"5 minutes\" \/>\n<script type=\"application\/ld+json\" class=\"yoast-schema-graph\">{\"@context\":\"https:\/\/schema.org\",\"@graph\":[{\"@type\":\"WebPage\",\"@id\":\"https:\/\/puig-packaging.com\/fr\/services\/\",\"url\":\"https:\/\/puig-packaging.com\/fr\/services\/\",\"name\":\"Services - Plastiques Puig\",\"isPartOf\":{\"@id\":\"https:\/\/puig-packaging.com\/fr\/#website\"},\"datePublished\":\"2020-12-02T09:45:56+00:00\",\"dateModified\":\"2021-01-25T15:20:03+00:00\",\"breadcrumb\":{\"@id\":\"https:\/\/puig-packaging.com\/fr\/services\/#breadcrumb\"},\"inLanguage\":\"fr-FR\",\"potentialAction\":[{\"@type\":\"ReadAction\",\"target\":[\"https:\/\/puig-packaging.com\/fr\/services\/\"]}]},{\"@type\":\"BreadcrumbList\",\"@id\":\"https:\/\/puig-packaging.com\/fr\/services\/#breadcrumb\",\"itemListElement\":[{\"@type\":\"ListItem\",\"position\":1,\"name\":\"Portada\",\"item\":\"https:\/\/puig-packaging.com\/fr\/home\/\"},{\"@type\":\"ListItem\",\"position\":2,\"name\":\"Services\"}]},{\"@type\":\"WebSite\",\"@id\":\"https:\/\/puig-packaging.com\/fr\/#website\",\"url\":\"https:\/\/puig-packaging.com\/fr\/\",\"name\":\"Plastiques Puig\",\"description\":\"Just another WordPress site\",\"potentialAction\":[{\"@type\":\"SearchAction\",\"target\":{\"@type\":\"EntryPoint\",\"urlTemplate\":\"https:\/\/puig-packaging.com\/fr\/?s={search_term_string}\"},\"query-input\":{\"@type\":\"PropertyValueSpecification\",\"valueRequired\":true,\"valueName\":\"search_term_string\"}}],\"inLanguage\":\"fr-FR\"}]}<\/script>\n<!-- \/ Yoast SEO plugin. -->","yoast_head_json":{"title":"Services - Plastiques Puig","robots":{"index":"index","follow":"follow","max-snippet":"max-snippet:-1","max-image-preview":"max-image-preview:large","max-video-preview":"max-video-preview:-1"},"canonical":"https:\/\/puig-packaging.com\/fr\/services\/","og_locale":"fr_FR","og_type":"article","og_title":"Services - Plastiques Puig","og_url":"https:\/\/puig-packaging.com\/fr\/services\/","og_site_name":"Plastiques Puig","article_modified_time":"2021-01-25T15:20:03+00:00","twitter_card":"summary_large_image","twitter_misc":{"Dur\u00e9e de lecture estim\u00e9e":"5 minutes"},"schema":{"@context":"https:\/\/schema.org","@graph":[{"@type":"WebPage","@id":"https:\/\/puig-packaging.com\/fr\/services\/","url":"https:\/\/puig-packaging.com\/fr\/services\/","name":"Services - Plastiques Puig","isPartOf":{"@id":"https:\/\/puig-packaging.com\/fr\/#website"},"datePublished":"2020-12-02T09:45:56+00:00","dateModified":"2021-01-25T15:20:03+00:00","breadcrumb":{"@id":"https:\/\/puig-packaging.com\/fr\/services\/#breadcrumb"},"inLanguage":"fr-FR","potentialAction":[{"@type":"ReadAction","target":["https:\/\/puig-packaging.com\/fr\/services\/"]}]},{"@type":"BreadcrumbList","@id":"https:\/\/puig-packaging.com\/fr\/services\/#breadcrumb","itemListElement":[{"@type":"ListItem","position":1,"name":"Portada","item":"https:\/\/puig-packaging.com\/fr\/home\/"},{"@type":"ListItem","position":2,"name":"Services"}]},{"@type":"WebSite","@id":"https:\/\/puig-packaging.com\/fr\/#website","url":"https:\/\/puig-packaging.com\/fr\/","name":"Plastiques Puig","description":"Just another WordPress site","potentialAction":[{"@type":"SearchAction","target":{"@type":"EntryPoint","urlTemplate":"https:\/\/puig-packaging.com\/fr\/?s={search_term_string}"},"query-input":{"@type":"PropertyValueSpecification","valueRequired":true,"valueName":"search_term_string"}}],"inLanguage":"fr-FR"}]}},"_links":{"self":[{"href":"https:\/\/puig-packaging.com\/fr\/wp-json\/wp\/v2\/pages\/1903","targetHints":{"allow":["GET"]}}],"collection":[{"href":"https:\/\/puig-packaging.com\/fr\/wp-json\/wp\/v2\/pages"}],"about":[{"href":"https:\/\/puig-packaging.com\/fr\/wp-json\/wp\/v2\/types\/page"}],"author":[{"embeddable":true,"href":"https:\/\/puig-packaging.com\/fr\/wp-json\/wp\/v2\/users\/1"}],"replies":[{"embeddable":true,"href":"https:\/\/puig-packaging.com\/fr\/wp-json\/wp\/v2\/comments?post=1903"}],"version-history":[{"count":0,"href":"https:\/\/puig-packaging.com\/fr\/wp-json\/wp\/v2\/pages\/1903\/revisions"}],"wp:attachment":[{"href":"https:\/\/puig-packaging.com\/fr\/wp-json\/wp\/v2\/media?parent=1903"}],"curies":[{"name":"wp","href":"https:\/\/api.w.org\/{rel}","templated":true}]}}