{"id":1894,"date":"2020-12-02T13:27:34","date_gmt":"2020-12-02T13:27:34","guid":{"rendered":"https:\/\/puig.clonica.net\/esterilizacion\/"},"modified":"2020-12-28T14:15:10","modified_gmt":"2020-12-28T14:15:10","slug":"esterilizacion","status":"publish","type":"page","link":"https:\/\/puig-packaging.com\/fr\/services\/esterilizacion\/","title":{"rendered":"Esterilizaci\u00f3n"},"content":{"rendered":"<div id='av_section_1'  class='avia-section main_color avia-section-default avia-no-border-styling  avia-bg-style-scroll  avia-builder-el-0  avia-builder-el-no-sibling   container_wrap fullsize' style=' '  ><div class='container' ><main  role=\"main\" itemprop=\"mainContentOfPage\"  class='template-page content  av-content-full alpha units'><div class='post-entry post-entry-type-page post-entry-1894'><div class='entry-content-wrapper clearfix'>\n<div class=\"flex_column av_one_full  flex_column_div av-zero-column-padding first  avia-builder-el-1  el_before_av_one_third  avia-builder-el-first  \" style='border-radius:0px; '><section class=\"av_textblock_section \"  itemscope=\"itemscope\" itemtype=\"https:\/\/schema.org\/CreativeWork\" ><div class='avia_textblock  av_inherit_color '  style='color:#828282; '  itemprop=\"text\" ><h1 style=\"text-align: center; font-weight: 500;\">Esterilizaci\u00f3n<\/h1>\n<\/div><\/section><br \/>\n<div  style=' margin-top:0px; margin-bottom:30px;'  class='hr hr-custom hr-center hr-icon-no   avia-builder-el-3  el_after_av_textblock  el_before_av_textblock '><span class='hr-inner  inner-border-av-border-fat' style=' width:50px; border-color:#828282;' ><span class='hr-inner-style'><\/span><\/span><\/div><br \/>\n<section class=\"av_textblock_section \"  itemscope=\"itemscope\" itemtype=\"https:\/\/schema.org\/CreativeWork\" ><div class='avia_textblock  '  style='font-size:15px; '  itemprop=\"text\" ><p style=\"text-align: center;\">En Pl\u00e1sticas Puig, despu\u00e9s de la fabricaci\u00f3n de los envases en nuestra Sala Limpia Clase C ISO 7, se ofrece la posibilidad de tratamiento externo de esterilizaci\u00f3n.<\/p>\n<p style=\"text-align: center;\">Teniendo en cuenta la importancia de este proceso en los sectores farmac\u00e9uticos, veterinario y biotecnol\u00f3gico, hemos realizado sinergias con las empresas l\u00edderes de esterilizaci\u00f3n en Europa y hemos creado los puentes legales para ofrecer un servicio garantizado.<\/p>\n<p style=\"text-align: center;\">La esterilizaci\u00f3n de envases tiene por objetivo destruir todos los microorganismos presentes en o sobre un objeto o una preparaci\u00f3n y asegurar que el producto est\u00e9 libre de riesgos de infecci\u00f3n.<\/p>\n<p style=\"text-align: center;\">Existen diferentes m\u00e9todos de esterilizaci\u00f3n y es el cliente final quien determina el que es m\u00e1s \u00f3ptimo para su producto.<\/p>\n<\/div><\/section><\/p><\/div><div class=\"flex_column av_one_third  flex_column_div av-zero-column-padding first  avia-builder-el-5  el_after_av_one_full  el_before_av_one_third  column-top-margin\" style='border-radius:0px; '><div  class='avia-icon-list-container   avia-builder-el-6  avia-builder-el-no-sibling '><ul class='avia-icon-list avia-icon-list-left av-iconlist-big avia_animate_when_almost_visible avia-iconlist-animate'>\n<li><div  style='background-color:#ffffff; border:1px solid #ffffff; color:#1773cc; ' class='iconlist_icon  avia-font-entypo-fontello'><span class='iconlist-char ' aria-hidden='true' data-av_icon='\ue885' data-av_iconfont='entypo-fontello'><\/span><\/div><article class=\"article-icon-entry \"  itemscope=\"itemscope\" itemtype=\"https:\/\/schema.org\/CreativeWork\" ><div class='iconlist_content_wrap'><header class=\"entry-content-header\"><h4 class='av_iconlist_title iconlist_title   '  itemprop=\"headline\"   style='font-size:15px; '>Radiaci\u00f3n Beta<\/h4><\/header><div class='iconlist_content  '  itemprop=\"text\"  ><p>Se caracteriza por su baja penetraci\u00f3n y altas velocidades de dosificaci\u00f3n, es una forma de energ\u00eda ionizante que funciona mejor cuando se usa en productos envasados de manera uniforme, de baja densidad.<\/p>\n<p>La radiaci\u00f3n mediante haz de electrones se usa de forma generalizada para modificar el pl\u00e1stico y otros materiales, a fin de cambiar o mejorar sus propiedades.<\/p>\n<\/div><\/div><footer class=\"entry-footer\"><\/footer><\/article><div class='iconlist-timeline'><\/div><\/li>\n<\/ul><\/div><\/div><div class=\"flex_column av_one_third  flex_column_div av-zero-column-padding   avia-builder-el-7  el_after_av_one_third  el_before_av_one_third  column-top-margin\" style='border-radius:0px; '><div  class='avia-icon-list-container   avia-builder-el-8  avia-builder-el-no-sibling '><ul class='avia-icon-list avia-icon-list-left av-iconlist-big avia_animate_when_almost_visible avia-iconlist-animate'>\n<li><div  style='background-color:#ffffff; border:1px solid #ffffff; color:#1773cc; ' class='iconlist_icon  avia-font-entypo-fontello'><span class='iconlist-char ' aria-hidden='true' data-av_icon='\ue885' data-av_iconfont='entypo-fontello'><\/span><\/div><article class=\"article-icon-entry \"  itemscope=\"itemscope\" itemtype=\"https:\/\/schema.org\/CreativeWork\" ><div class='iconlist_content_wrap'><header class=\"entry-content-header\"><h4 class='av_iconlist_title iconlist_title   '  itemprop=\"headline\"   style='font-size:15px; '>Radiaci\u00f3n gamma<\/h4><\/header><div class='iconlist_content  '  itemprop=\"text\"  ><p>La radiaci\u00f3n gamma se caracteriza por un nivel de penetraci\u00f3n profundo y bajas tasas de dosis y elimina de manera efectiva microorganismos en todo el producto y su envase, con un leve efecto en la temperatura.<\/p>\n<\/div><\/div><footer class=\"entry-footer\"><\/footer><\/article><div class='iconlist-timeline'><\/div><\/li>\n<\/ul><\/div><\/div><div class=\"flex_column av_one_third  flex_column_div av-zero-column-padding   avia-builder-el-9  el_after_av_one_third  el_before_av_one_third  column-top-margin\" style='border-radius:0px; '><div  class='avia-icon-list-container   avia-builder-el-10  avia-builder-el-no-sibling '><ul class='avia-icon-list avia-icon-list-left av-iconlist-big avia_animate_when_almost_visible avia-iconlist-animate'>\n<li><div  style='background-color:#ffffff; border:1px solid #ffffff; color:#1773cc; ' class='iconlist_icon  avia-font-entypo-fontello'><span class='iconlist-char ' aria-hidden='true' data-av_icon='\ue885' data-av_iconfont='entypo-fontello'><\/span><\/div><article class=\"article-icon-entry \"  itemscope=\"itemscope\" itemtype=\"https:\/\/schema.org\/CreativeWork\" ><div class='iconlist_content_wrap'><header class=\"entry-content-header\"><h4 class='av_iconlist_title iconlist_title   '  itemprop=\"headline\"   style='font-size:15px; '>Por \u00f3xido de etileno<\/h4><\/header><div class='iconlist_content  '  itemprop=\"text\"  ><p>El oxido de etileno es un gas incoloro e inodoro cuyas propiedades qu\u00edmicas especiales le permiten una buena difusi\u00f3n en los materiales porosos, una buena difusi\u00f3n y absorci\u00f3n en la mayor\u00eda de los pl\u00e1sticos termo sensibles. Adem\u00e1s, no reacciona ni deteriora la mayor\u00eda de los materiales que constituyen los elementos a esterilizar por este m\u00e9todo, lo que permite su uso sin riesgo. Se utiliza entre los 25 \u00ba C y los 55 \u00ba C garantizando la no deformaci\u00f3n o destrucci\u00f3n de los elementos a esterilizar.\u00a0 Traspasa las membranas de las empaquetaduras que contienen los elementos, en especial el film de polietileno.<\/p>\n<\/div><\/div><footer class=\"entry-footer\"><\/footer><\/article><div class='iconlist-timeline'><\/div><\/li>\n<\/ul><\/div><\/div><div class=\"flex_column av_one_third  flex_column_div av-zero-column-padding first  avia-builder-el-11  el_after_av_one_third  el_before_av_one_third  column-top-margin\" style='border-radius:0px; '><div  class='avia-image-container  av-styling-    avia-builder-el-12  avia-builder-el-no-sibling  avia-align-center '  itemprop=\"image\" itemscope=\"itemscope\" itemtype=\"https:\/\/schema.org\/ImageObject\"  ><div class='avia-image-container-inner'><div class='avia-image-overlay-wrap'><img decoding=\"async\" class='wp-image-962 avia-img-lazy-loading-not-962 avia_image' src=\"https:\/\/puig-packaging.com\/wp-content\/uploads\/2020\/12\/FotoServeis-2-PuigPackaging-1-300x300.png\" alt='' title='FotoServeis-2-PuigPackaging' height=\"300\" width=\"300\"  itemprop=\"thumbnailUrl\" srcset=\"https:\/\/puig-packaging.com\/wp-content\/uploads\/2020\/12\/FotoServeis-2-PuigPackaging-1-300x300.png 300w, https:\/\/puig-packaging.com\/wp-content\/uploads\/2020\/12\/FotoServeis-2-PuigPackaging-1-80x80.png 80w, https:\/\/puig-packaging.com\/wp-content\/uploads\/2020\/12\/FotoServeis-2-PuigPackaging-1-768x768.png 768w, https:\/\/puig-packaging.com\/wp-content\/uploads\/2020\/12\/FotoServeis-2-PuigPackaging-1-36x36.png 36w, https:\/\/puig-packaging.com\/wp-content\/uploads\/2020\/12\/FotoServeis-2-PuigPackaging-1-180x180.png 180w, https:\/\/puig-packaging.com\/wp-content\/uploads\/2020\/12\/FotoServeis-2-PuigPackaging-1-705x705.png 705w, https:\/\/puig-packaging.com\/wp-content\/uploads\/2020\/12\/FotoServeis-2-PuigPackaging-1-100x100.png 100w, https:\/\/puig-packaging.com\/wp-content\/uploads\/2020\/12\/FotoServeis-2-PuigPackaging-1-600x600.png 600w, https:\/\/puig-packaging.com\/wp-content\/uploads\/2020\/12\/FotoServeis-2-PuigPackaging-1.png 800w\" sizes=\"(max-width: 300px) 100vw, 300px\" \/><\/div><\/div><\/div><\/div><div class=\"flex_column av_one_third  flex_column_div av-zero-column-padding   avia-builder-el-13  el_after_av_one_third  el_before_av_one_third  column-top-margin\" style='border-radius:0px; '><div  class='avia-image-container  av-styling-    avia-builder-el-14  avia-builder-el-no-sibling  avia-align-center '  itemprop=\"image\" itemscope=\"itemscope\" itemtype=\"https:\/\/schema.org\/ImageObject\"  ><div class='avia-image-container-inner'><div class='avia-image-overlay-wrap'><img decoding=\"async\" class='wp-image-962 avia-img-lazy-loading-not-962 avia_image' src=\"https:\/\/puig-packaging.com\/wp-content\/uploads\/2020\/12\/FotoServeis-2-PuigPackaging-1-300x300.png\" alt='' title='FotoServeis-2-PuigPackaging' height=\"300\" width=\"300\"  itemprop=\"thumbnailUrl\" srcset=\"https:\/\/puig-packaging.com\/wp-content\/uploads\/2020\/12\/FotoServeis-2-PuigPackaging-1-300x300.png 300w, https:\/\/puig-packaging.com\/wp-content\/uploads\/2020\/12\/FotoServeis-2-PuigPackaging-1-80x80.png 80w, https:\/\/puig-packaging.com\/wp-content\/uploads\/2020\/12\/FotoServeis-2-PuigPackaging-1-768x768.png 768w, https:\/\/puig-packaging.com\/wp-content\/uploads\/2020\/12\/FotoServeis-2-PuigPackaging-1-36x36.png 36w, https:\/\/puig-packaging.com\/wp-content\/uploads\/2020\/12\/FotoServeis-2-PuigPackaging-1-180x180.png 180w, https:\/\/puig-packaging.com\/wp-content\/uploads\/2020\/12\/FotoServeis-2-PuigPackaging-1-705x705.png 705w, https:\/\/puig-packaging.com\/wp-content\/uploads\/2020\/12\/FotoServeis-2-PuigPackaging-1-100x100.png 100w, https:\/\/puig-packaging.com\/wp-content\/uploads\/2020\/12\/FotoServeis-2-PuigPackaging-1-600x600.png 600w, https:\/\/puig-packaging.com\/wp-content\/uploads\/2020\/12\/FotoServeis-2-PuigPackaging-1.png 800w\" sizes=\"(max-width: 300px) 100vw, 300px\" \/><\/div><\/div><\/div><\/div><div class=\"flex_column av_one_third  flex_column_div av-zero-column-padding   avia-builder-el-15  el_after_av_one_third  avia-builder-el-last  column-top-margin\" style='border-radius:0px; '><div  class='avia-image-container  av-styling-    avia-builder-el-16  avia-builder-el-no-sibling  avia-align-center '  itemprop=\"image\" itemscope=\"itemscope\" itemtype=\"https:\/\/schema.org\/ImageObject\"  ><div class='avia-image-container-inner'><div class='avia-image-overlay-wrap'><img decoding=\"async\" class='wp-image-962 avia-img-lazy-loading-not-962 avia_image' src=\"https:\/\/puig-packaging.com\/wp-content\/uploads\/2020\/12\/FotoServeis-2-PuigPackaging-1-300x300.png\" alt='' title='FotoServeis-2-PuigPackaging' height=\"300\" width=\"300\"  itemprop=\"thumbnailUrl\" srcset=\"https:\/\/puig-packaging.com\/wp-content\/uploads\/2020\/12\/FotoServeis-2-PuigPackaging-1-300x300.png 300w, https:\/\/puig-packaging.com\/wp-content\/uploads\/2020\/12\/FotoServeis-2-PuigPackaging-1-80x80.png 80w, https:\/\/puig-packaging.com\/wp-content\/uploads\/2020\/12\/FotoServeis-2-PuigPackaging-1-768x768.png 768w, https:\/\/puig-packaging.com\/wp-content\/uploads\/2020\/12\/FotoServeis-2-PuigPackaging-1-36x36.png 36w, https:\/\/puig-packaging.com\/wp-content\/uploads\/2020\/12\/FotoServeis-2-PuigPackaging-1-180x180.png 180w, https:\/\/puig-packaging.com\/wp-content\/uploads\/2020\/12\/FotoServeis-2-PuigPackaging-1-705x705.png 705w, https:\/\/puig-packaging.com\/wp-content\/uploads\/2020\/12\/FotoServeis-2-PuigPackaging-1-100x100.png 100w, https:\/\/puig-packaging.com\/wp-content\/uploads\/2020\/12\/FotoServeis-2-PuigPackaging-1-600x600.png 600w, https:\/\/puig-packaging.com\/wp-content\/uploads\/2020\/12\/FotoServeis-2-PuigPackaging-1.png 800w\" sizes=\"(max-width: 300px) 100vw, 300px\" \/><\/div><\/div><\/div><\/div>\n","protected":false},"excerpt":{"rendered":"","protected":false},"author":1,"featured_media":0,"parent":1903,"menu_order":0,"comment_status":"closed","ping_status":"closed","template":"","meta":{"footnotes":""},"class_list":["post-1894","page","type-page","status-publish","hentry"],"yoast_head":"<!-- This site is optimized with the Yoast SEO plugin v26.2 - https:\/\/yoast.com\/wordpress\/plugins\/seo\/ -->\n<title>Esterilizaci\u00f3n - Plastiques Puig<\/title>\n<meta name=\"robots\" content=\"index, follow, max-snippet:-1, max-image-preview:large, max-video-preview:-1\" \/>\n<link rel=\"canonical\" href=\"https:\/\/puig-packaging.com\/fr\/services\/esterilizacion\/\" \/>\n<meta property=\"og:locale\" content=\"fr_FR\" \/>\n<meta property=\"og:type\" content=\"article\" \/>\n<meta property=\"og:title\" content=\"Esterilizaci\u00f3n - Plastiques Puig\" \/>\n<meta property=\"og:url\" content=\"https:\/\/puig-packaging.com\/fr\/services\/esterilizacion\/\" \/>\n<meta property=\"og:site_name\" content=\"Plastiques Puig\" \/>\n<meta property=\"article:modified_time\" content=\"2020-12-28T14:15:10+00:00\" \/>\n<meta name=\"twitter:card\" content=\"summary_large_image\" \/>\n<meta name=\"twitter:label1\" content=\"Dur\u00e9e de lecture estim\u00e9e\" \/>\n\t<meta name=\"twitter:data1\" content=\"10 minutes\" \/>\n<script type=\"application\/ld+json\" class=\"yoast-schema-graph\">{\"@context\":\"https:\/\/schema.org\",\"@graph\":[{\"@type\":\"WebPage\",\"@id\":\"https:\/\/puig-packaging.com\/fr\/services\/esterilizacion\/\",\"url\":\"https:\/\/puig-packaging.com\/fr\/services\/esterilizacion\/\",\"name\":\"Esterilizaci\u00f3n - Plastiques Puig\",\"isPartOf\":{\"@id\":\"https:\/\/puig-packaging.com\/fr\/#website\"},\"datePublished\":\"2020-12-02T13:27:34+00:00\",\"dateModified\":\"2020-12-28T14:15:10+00:00\",\"breadcrumb\":{\"@id\":\"https:\/\/puig-packaging.com\/fr\/services\/esterilizacion\/#breadcrumb\"},\"inLanguage\":\"fr-FR\",\"potentialAction\":[{\"@type\":\"ReadAction\",\"target\":[\"https:\/\/puig-packaging.com\/fr\/services\/esterilizacion\/\"]}]},{\"@type\":\"BreadcrumbList\",\"@id\":\"https:\/\/puig-packaging.com\/fr\/services\/esterilizacion\/#breadcrumb\",\"itemListElement\":[{\"@type\":\"ListItem\",\"position\":1,\"name\":\"Portada\",\"item\":\"https:\/\/puig-packaging.com\/fr\/home\/\"},{\"@type\":\"ListItem\",\"position\":2,\"name\":\"Services\",\"item\":\"https:\/\/puig-packaging.com\/fr\/servicios\/\"},{\"@type\":\"ListItem\",\"position\":3,\"name\":\"Esterilizaci\u00f3n\"}]},{\"@type\":\"WebSite\",\"@id\":\"https:\/\/puig-packaging.com\/fr\/#website\",\"url\":\"https:\/\/puig-packaging.com\/fr\/\",\"name\":\"Plastiques Puig\",\"description\":\"Just another WordPress site\",\"potentialAction\":[{\"@type\":\"SearchAction\",\"target\":{\"@type\":\"EntryPoint\",\"urlTemplate\":\"https:\/\/puig-packaging.com\/fr\/?s={search_term_string}\"},\"query-input\":{\"@type\":\"PropertyValueSpecification\",\"valueRequired\":true,\"valueName\":\"search_term_string\"}}],\"inLanguage\":\"fr-FR\"}]}<\/script>\n<!-- \/ Yoast SEO plugin. -->","yoast_head_json":{"title":"Esterilizaci\u00f3n - Plastiques Puig","robots":{"index":"index","follow":"follow","max-snippet":"max-snippet:-1","max-image-preview":"max-image-preview:large","max-video-preview":"max-video-preview:-1"},"canonical":"https:\/\/puig-packaging.com\/fr\/services\/esterilizacion\/","og_locale":"fr_FR","og_type":"article","og_title":"Esterilizaci\u00f3n - Plastiques Puig","og_url":"https:\/\/puig-packaging.com\/fr\/services\/esterilizacion\/","og_site_name":"Plastiques Puig","article_modified_time":"2020-12-28T14:15:10+00:00","twitter_card":"summary_large_image","twitter_misc":{"Dur\u00e9e de lecture estim\u00e9e":"10 minutes"},"schema":{"@context":"https:\/\/schema.org","@graph":[{"@type":"WebPage","@id":"https:\/\/puig-packaging.com\/fr\/services\/esterilizacion\/","url":"https:\/\/puig-packaging.com\/fr\/services\/esterilizacion\/","name":"Esterilizaci\u00f3n - Plastiques Puig","isPartOf":{"@id":"https:\/\/puig-packaging.com\/fr\/#website"},"datePublished":"2020-12-02T13:27:34+00:00","dateModified":"2020-12-28T14:15:10+00:00","breadcrumb":{"@id":"https:\/\/puig-packaging.com\/fr\/services\/esterilizacion\/#breadcrumb"},"inLanguage":"fr-FR","potentialAction":[{"@type":"ReadAction","target":["https:\/\/puig-packaging.com\/fr\/services\/esterilizacion\/"]}]},{"@type":"BreadcrumbList","@id":"https:\/\/puig-packaging.com\/fr\/services\/esterilizacion\/#breadcrumb","itemListElement":[{"@type":"ListItem","position":1,"name":"Portada","item":"https:\/\/puig-packaging.com\/fr\/home\/"},{"@type":"ListItem","position":2,"name":"Services","item":"https:\/\/puig-packaging.com\/fr\/servicios\/"},{"@type":"ListItem","position":3,"name":"Esterilizaci\u00f3n"}]},{"@type":"WebSite","@id":"https:\/\/puig-packaging.com\/fr\/#website","url":"https:\/\/puig-packaging.com\/fr\/","name":"Plastiques Puig","description":"Just another WordPress site","potentialAction":[{"@type":"SearchAction","target":{"@type":"EntryPoint","urlTemplate":"https:\/\/puig-packaging.com\/fr\/?s={search_term_string}"},"query-input":{"@type":"PropertyValueSpecification","valueRequired":true,"valueName":"search_term_string"}}],"inLanguage":"fr-FR"}]}},"_links":{"self":[{"href":"https:\/\/puig-packaging.com\/fr\/wp-json\/wp\/v2\/pages\/1894","targetHints":{"allow":["GET"]}}],"collection":[{"href":"https:\/\/puig-packaging.com\/fr\/wp-json\/wp\/v2\/pages"}],"about":[{"href":"https:\/\/puig-packaging.com\/fr\/wp-json\/wp\/v2\/types\/page"}],"author":[{"embeddable":true,"href":"https:\/\/puig-packaging.com\/fr\/wp-json\/wp\/v2\/users\/1"}],"replies":[{"embeddable":true,"href":"https:\/\/puig-packaging.com\/fr\/wp-json\/wp\/v2\/comments?post=1894"}],"version-history":[{"count":0,"href":"https:\/\/puig-packaging.com\/fr\/wp-json\/wp\/v2\/pages\/1894\/revisions"}],"up":[{"embeddable":true,"href":"https:\/\/puig-packaging.com\/fr\/wp-json\/wp\/v2\/pages\/1903"}],"wp:attachment":[{"href":"https:\/\/puig-packaging.com\/fr\/wp-json\/wp\/v2\/media?parent=1894"}],"curies":[{"name":"wp","href":"https:\/\/api.w.org\/{rel}","templated":true}]}}