{"id":1887,"date":"2020-12-03T08:30:05","date_gmt":"2020-12-03T08:30:05","guid":{"rendered":"https:\/\/puig.clonica.net\/tecnologia\/"},"modified":"2021-01-22T14:15:41","modified_gmt":"2021-01-22T14:15:41","slug":"technologie","status":"publish","type":"page","link":"https:\/\/puig-packaging.com\/fr\/technologie\/","title":{"rendered":"Technologie"},"content":{"rendered":"<div id='av_section_1'  class='avia-section main_color avia-section-default avia-no-border-styling  avia-bg-style-scroll  avia-builder-el-0  el_before_av_hr  avia-builder-el-first   container_wrap fullsize' style=' '  ><div class='container' ><main  role=\"main\" itemprop=\"mainContentOfPage\"  class='template-page content  av-content-full alpha units'><div class='post-entry post-entry-type-page post-entry-1887'><div class='entry-content-wrapper clearfix'>\n<div class=\"flex_column av_one_full  flex_column_div av-zero-column-padding first  avia-builder-el-1  el_before_av_one_third  avia-builder-el-first  \" style='border-radius:0px; '><section class=\"av_textblock_section \"  itemscope=\"itemscope\" itemtype=\"https:\/\/schema.org\/CreativeWork\" ><div class='avia_textblock  av_inherit_color '  style='color:#828282; '  itemprop=\"text\" ><h1 style=\"text-align: center;\">Technologie<\/h1>\n<\/div><\/section><br \/>\n<div  style=' margin-top:0px; margin-bottom:30px;'  class='hr hr-custom hr-center hr-icon-no   avia-builder-el-3  el_after_av_textblock  el_before_av_textblock '><span class='hr-inner  inner-border-av-border-fat' style=' width:50px; border-color:#828282;' ><span class='hr-inner-style'><\/span><\/span><\/div><br \/>\n<section class=\"av_textblock_section \"  itemscope=\"itemscope\" itemtype=\"https:\/\/schema.org\/CreativeWork\" ><div class='avia_textblock  '  style='font-size:15px; '  itemprop=\"text\" ><p class=\"p1\" style=\"text-align: center;\">Sur la base de notre exp\u00e9rience en mati\u00e8re d&rsquo;extrusion-soufflage, nous concevons, d\u00e9veloppons et fabriquons des emballages en plastique pour les secteurs de la sant\u00e9 et de la cosm\u00e9tique.<\/p>\n<p class=\"p1\" style=\"text-align: center;\">Notre syst\u00e8me de production r\u00e9pond aux besoins uniques de chacun de nos clients.<\/p>\n<p class=\"p1\" style=\"text-align: center;\">Gr\u00e2ce \u00e0 notre salle propre c ISO7, nous garantissons \u00e0 nos clients des secteurs de la sant\u00e9 une fabrication dans un environnement contr\u00f4l\u00e9.<\/p>\n<p class=\"p1\" style=\"text-align: center;\">Nous fabriquons en suivant les standards de la\u00a0norme ISO\u00a09001\/2015 et les BPF. Eu \u00e9gard \u00e0 notre exp\u00e9rience pouss\u00e9e dans le secteur de la sant\u00e9, que ce soit pharmaceutique, v\u00e9t\u00e9rinaire ou biotechnologique, la validation et les contr\u00f4les des modifications sont bien implant\u00e9s dans notre culture d&rsquo;entreprise.<\/p>\n<\/div><\/section><\/p><\/div><div class='flex_column_table av-equal-height-column-flextable -flextable' ><div class=\"flex_column av_one_third  no_margin flex_column_table_cell av-equal-height-column av-align-top avia-link-column av-column-link first  avia-builder-el-5  el_after_av_one_full  el_before_av_one_third  column-top-margin\" style='padding:0px 30px 0px 0px ; border-radius:0px; ' data-link-column-url=\"https:\/\/puig-packaging.com\/tecnologia\/extrusion-soplado\/\" ><a class=\"av-screen-reader-only\" href=https:\/\/puig-packaging.com\/tecnologia\/extrusion-soplado\/ >Le site internet:Extrusi\u00f3n &#8211; Soplado<\/a><div  class='avia-image-container  av-styling-  noHover  av-overlay-hover-deactivate   avia-builder-el-6  avia-builder-el-no-sibling  avia-align-center '  itemprop=\"image\" itemscope=\"itemscope\" itemtype=\"https:\/\/schema.org\/ImageObject\"  ><div class='avia-image-container-inner'><div class='avia-image-overlay-wrap'><div class='av-image-caption-overlay'><div class='av-caption-image-overlay-bg' style='opacity:0.4; background-color:#000000; '><\/div><div class='av-image-caption-overlay-position'><div class='av-image-caption-overlay-center' style='color:#ffffff; '><p>EXTRUSION-SOUFFLAGE<\/p>\n<\/div><\/div><\/div><img decoding=\"async\" class='wp-image-1645 avia-img-lazy-loading-not-1645 avia_image' src=\"https:\/\/puig-packaging.com\/wp-content\/uploads\/2020\/12\/EXTRUSION-1.jpg\" alt='' title='EXTRUSION' height=\"800\" width=\"800\"  itemprop=\"thumbnailUrl\" srcset=\"https:\/\/puig-packaging.com\/wp-content\/uploads\/2020\/12\/EXTRUSION-1.jpg 800w, https:\/\/puig-packaging.com\/wp-content\/uploads\/2020\/12\/EXTRUSION-1-300x300.jpg 300w, https:\/\/puig-packaging.com\/wp-content\/uploads\/2020\/12\/EXTRUSION-1-80x80.jpg 80w, https:\/\/puig-packaging.com\/wp-content\/uploads\/2020\/12\/EXTRUSION-1-768x768.jpg 768w, https:\/\/puig-packaging.com\/wp-content\/uploads\/2020\/12\/EXTRUSION-1-36x36.jpg 36w, https:\/\/puig-packaging.com\/wp-content\/uploads\/2020\/12\/EXTRUSION-1-180x180.jpg 180w, https:\/\/puig-packaging.com\/wp-content\/uploads\/2020\/12\/EXTRUSION-1-705x705.jpg 705w, https:\/\/puig-packaging.com\/wp-content\/uploads\/2020\/12\/EXTRUSION-1-100x100.jpg 100w, https:\/\/puig-packaging.com\/wp-content\/uploads\/2020\/12\/EXTRUSION-1-600x600.jpg 600w\" sizes=\"(max-width: 800px) 100vw, 800px\" \/><\/div><\/div><\/div><\/div><div class=\"flex_column av_one_third  no_margin flex_column_table_cell av-equal-height-column av-align-top avia-link-column av-column-link   avia-builder-el-7  el_after_av_one_third  el_before_av_one_third  column-top-margin\" style='padding:0px 30px 0px 0px ; border-radius:0px; ' data-link-column-url=\"https:\/\/puig-packaging.com\/tecnologia\/sala-limpia-c-iso-7\/\" ><a class=\"av-screen-reader-only\" href=https:\/\/puig-packaging.com\/tecnologia\/sala-limpia-c-iso-7\/ >Le site internet:Sala limpia C ISO 7<\/a><div  class='avia-image-container  av-styling-  noHover  av-overlay-hover-deactivate   avia-builder-el-8  avia-builder-el-no-sibling  avia-align-center '  itemprop=\"image\" itemscope=\"itemscope\" itemtype=\"https:\/\/schema.org\/ImageObject\"  ><div class='avia-image-container-inner'><div class='avia-image-overlay-wrap'><div class='av-image-caption-overlay'><div class='av-caption-image-overlay-bg' style='opacity:0.4; background-color:#000000; '><\/div><div class='av-image-caption-overlay-position'><div class='av-image-caption-overlay-center' style='color:#ffffff; '><p>SALLE BLANCHE C ISO 7<\/p>\n<\/div><\/div><\/div><img decoding=\"async\" class='wp-image-1648 avia-img-lazy-loading-not-1648 avia_image' src=\"https:\/\/puig-packaging.com\/wp-content\/uploads\/2020\/12\/SALA-BLANCA.jpg\" alt='' title='SALA BLANCA' height=\"800\" width=\"800\"  itemprop=\"thumbnailUrl\" srcset=\"https:\/\/puig-packaging.com\/wp-content\/uploads\/2020\/12\/SALA-BLANCA.jpg 800w, https:\/\/puig-packaging.com\/wp-content\/uploads\/2020\/12\/SALA-BLANCA-300x300.jpg 300w, https:\/\/puig-packaging.com\/wp-content\/uploads\/2020\/12\/SALA-BLANCA-80x80.jpg 80w, https:\/\/puig-packaging.com\/wp-content\/uploads\/2020\/12\/SALA-BLANCA-768x768.jpg 768w, https:\/\/puig-packaging.com\/wp-content\/uploads\/2020\/12\/SALA-BLANCA-36x36.jpg 36w, https:\/\/puig-packaging.com\/wp-content\/uploads\/2020\/12\/SALA-BLANCA-180x180.jpg 180w, https:\/\/puig-packaging.com\/wp-content\/uploads\/2020\/12\/SALA-BLANCA-705x705.jpg 705w, https:\/\/puig-packaging.com\/wp-content\/uploads\/2020\/12\/SALA-BLANCA-100x100.jpg 100w, https:\/\/puig-packaging.com\/wp-content\/uploads\/2020\/12\/SALA-BLANCA-600x600.jpg 600w\" sizes=\"(max-width: 800px) 100vw, 800px\" \/><\/div><\/div><\/div><\/div><div class=\"flex_column av_one_third  no_margin flex_column_table_cell av-equal-height-column av-align-top avia-link-column av-column-link   avia-builder-el-9  el_after_av_one_third  avia-builder-el-last  column-top-margin\" style='padding:0px 30px 0px 0px ; border-radius:0px; ' data-link-column-url=\"https:\/\/puig-packaging.com\/tecnologia\/sistema-de-vision-en-linea-y-test-de-micro-poros\/\" ><a class=\"av-screen-reader-only\" href=https:\/\/puig-packaging.com\/tecnologia\/sistema-de-vision-en-linea-y-test-de-micro-poros\/ >Le site internet:Sistema de Visi\u00f3n en L\u00ednea y Test de Micro Poros<\/a><div  class='avia-image-container  av-styling-  noHover  av-overlay-hover-deactivate   avia-builder-el-10  avia-builder-el-no-sibling  avia-align-center '  itemprop=\"image\" itemscope=\"itemscope\" itemtype=\"https:\/\/schema.org\/ImageObject\"  ><div class='avia-image-container-inner'><div class='avia-image-overlay-wrap'><div class='av-image-caption-overlay'><div class='av-caption-image-overlay-bg' style='opacity:0.4; background-color:#000000; '><\/div><div class='av-image-caption-overlay-position'><div class='av-image-caption-overlay-center' style='color:#ffffff; '><p>SYST\u00c8ME DE VISION EN LIGNE<br \/>\nET TEST DE MICROPORES<\/p>\n<\/div><\/div><\/div><img decoding=\"async\" class='wp-image-1338 avia-img-lazy-loading-not-1338 avia_image' src=\"https:\/\/puig-packaging.com\/wp-content\/uploads\/2020\/12\/SISTEMA-DE-VISION.jpg\" alt='' title='SISTEMA-DE-VISION' height=\"800\" width=\"800\"  itemprop=\"thumbnailUrl\" srcset=\"https:\/\/puig-packaging.com\/wp-content\/uploads\/2020\/12\/SISTEMA-DE-VISION.jpg 800w, https:\/\/puig-packaging.com\/wp-content\/uploads\/2020\/12\/SISTEMA-DE-VISION-300x300.jpg 300w, https:\/\/puig-packaging.com\/wp-content\/uploads\/2020\/12\/SISTEMA-DE-VISION-80x80.jpg 80w, https:\/\/puig-packaging.com\/wp-content\/uploads\/2020\/12\/SISTEMA-DE-VISION-768x768.jpg 768w, https:\/\/puig-packaging.com\/wp-content\/uploads\/2020\/12\/SISTEMA-DE-VISION-36x36.jpg 36w, https:\/\/puig-packaging.com\/wp-content\/uploads\/2020\/12\/SISTEMA-DE-VISION-180x180.jpg 180w, https:\/\/puig-packaging.com\/wp-content\/uploads\/2020\/12\/SISTEMA-DE-VISION-705x705.jpg 705w, https:\/\/puig-packaging.com\/wp-content\/uploads\/2020\/12\/SISTEMA-DE-VISION-100x100.jpg 100w, https:\/\/puig-packaging.com\/wp-content\/uploads\/2020\/12\/SISTEMA-DE-VISION-600x600.jpg 600w\" sizes=\"(max-width: 800px) 100vw, 800px\" \/><\/div><\/div><\/div><\/div><\/div><!--close column table wrapper. Autoclose: 1 --><\/div><\/div><\/main><!-- close content main element --><\/div><\/div><div id='after_section_1'  class='main_color av_default_container_wrap container_wrap fullsize' style=' '  ><div class='container' ><div class='template-page content  av-content-full alpha units'><div class='post-entry post-entry-type-page post-entry-1887'><div class='entry-content-wrapper clearfix'><div  style='height:50px' class='hr hr-invisible   avia-builder-el-11  el_after_av_section  avia-builder-el-no-sibling '><span class='hr-inner ' ><span class='hr-inner-style'><\/span><\/span><\/div><\/p>\n","protected":false},"excerpt":{"rendered":"","protected":false},"author":1,"featured_media":0,"parent":0,"menu_order":0,"comment_status":"closed","ping_status":"closed","template":"","meta":{"footnotes":""},"class_list":["post-1887","page","type-page","status-publish","hentry"],"yoast_head":"<!-- This site is optimized with the Yoast SEO plugin v26.2 - https:\/\/yoast.com\/wordpress\/plugins\/seo\/ -->\n<title>Technologie - Plastiques Puig<\/title>\n<meta name=\"robots\" content=\"index, follow, max-snippet:-1, max-image-preview:large, max-video-preview:-1\" \/>\n<link rel=\"canonical\" href=\"https:\/\/puig-packaging.com\/fr\/technologie\/\" \/>\n<meta property=\"og:locale\" content=\"fr_FR\" \/>\n<meta property=\"og:type\" content=\"article\" \/>\n<meta property=\"og:title\" content=\"Technologie - Plastiques Puig\" \/>\n<meta property=\"og:url\" content=\"https:\/\/puig-packaging.com\/fr\/technologie\/\" \/>\n<meta property=\"og:site_name\" content=\"Plastiques Puig\" \/>\n<meta property=\"article:modified_time\" content=\"2021-01-22T14:15:41+00:00\" \/>\n<meta name=\"twitter:card\" content=\"summary_large_image\" \/>\n<meta name=\"twitter:label1\" content=\"Dur\u00e9e de lecture estim\u00e9e\" \/>\n\t<meta name=\"twitter:data1\" content=\"3 minutes\" \/>\n<script type=\"application\/ld+json\" class=\"yoast-schema-graph\">{\"@context\":\"https:\/\/schema.org\",\"@graph\":[{\"@type\":\"WebPage\",\"@id\":\"https:\/\/puig-packaging.com\/fr\/technologie\/\",\"url\":\"https:\/\/puig-packaging.com\/fr\/technologie\/\",\"name\":\"Technologie - Plastiques Puig\",\"isPartOf\":{\"@id\":\"https:\/\/puig-packaging.com\/fr\/#website\"},\"datePublished\":\"2020-12-03T08:30:05+00:00\",\"dateModified\":\"2021-01-22T14:15:41+00:00\",\"breadcrumb\":{\"@id\":\"https:\/\/puig-packaging.com\/fr\/technologie\/#breadcrumb\"},\"inLanguage\":\"fr-FR\",\"potentialAction\":[{\"@type\":\"ReadAction\",\"target\":[\"https:\/\/puig-packaging.com\/fr\/technologie\/\"]}]},{\"@type\":\"BreadcrumbList\",\"@id\":\"https:\/\/puig-packaging.com\/fr\/technologie\/#breadcrumb\",\"itemListElement\":[{\"@type\":\"ListItem\",\"position\":1,\"name\":\"Portada\",\"item\":\"https:\/\/puig-packaging.com\/fr\/home\/\"},{\"@type\":\"ListItem\",\"position\":2,\"name\":\"Technologie\"}]},{\"@type\":\"WebSite\",\"@id\":\"https:\/\/puig-packaging.com\/fr\/#website\",\"url\":\"https:\/\/puig-packaging.com\/fr\/\",\"name\":\"Plastiques Puig\",\"description\":\"Just another WordPress site\",\"potentialAction\":[{\"@type\":\"SearchAction\",\"target\":{\"@type\":\"EntryPoint\",\"urlTemplate\":\"https:\/\/puig-packaging.com\/fr\/?s={search_term_string}\"},\"query-input\":{\"@type\":\"PropertyValueSpecification\",\"valueRequired\":true,\"valueName\":\"search_term_string\"}}],\"inLanguage\":\"fr-FR\"}]}<\/script>\n<!-- \/ Yoast SEO plugin. -->","yoast_head_json":{"title":"Technologie - Plastiques Puig","robots":{"index":"index","follow":"follow","max-snippet":"max-snippet:-1","max-image-preview":"max-image-preview:large","max-video-preview":"max-video-preview:-1"},"canonical":"https:\/\/puig-packaging.com\/fr\/technologie\/","og_locale":"fr_FR","og_type":"article","og_title":"Technologie - Plastiques Puig","og_url":"https:\/\/puig-packaging.com\/fr\/technologie\/","og_site_name":"Plastiques Puig","article_modified_time":"2021-01-22T14:15:41+00:00","twitter_card":"summary_large_image","twitter_misc":{"Dur\u00e9e de lecture estim\u00e9e":"3 minutes"},"schema":{"@context":"https:\/\/schema.org","@graph":[{"@type":"WebPage","@id":"https:\/\/puig-packaging.com\/fr\/technologie\/","url":"https:\/\/puig-packaging.com\/fr\/technologie\/","name":"Technologie - Plastiques Puig","isPartOf":{"@id":"https:\/\/puig-packaging.com\/fr\/#website"},"datePublished":"2020-12-03T08:30:05+00:00","dateModified":"2021-01-22T14:15:41+00:00","breadcrumb":{"@id":"https:\/\/puig-packaging.com\/fr\/technologie\/#breadcrumb"},"inLanguage":"fr-FR","potentialAction":[{"@type":"ReadAction","target":["https:\/\/puig-packaging.com\/fr\/technologie\/"]}]},{"@type":"BreadcrumbList","@id":"https:\/\/puig-packaging.com\/fr\/technologie\/#breadcrumb","itemListElement":[{"@type":"ListItem","position":1,"name":"Portada","item":"https:\/\/puig-packaging.com\/fr\/home\/"},{"@type":"ListItem","position":2,"name":"Technologie"}]},{"@type":"WebSite","@id":"https:\/\/puig-packaging.com\/fr\/#website","url":"https:\/\/puig-packaging.com\/fr\/","name":"Plastiques Puig","description":"Just another WordPress site","potentialAction":[{"@type":"SearchAction","target":{"@type":"EntryPoint","urlTemplate":"https:\/\/puig-packaging.com\/fr\/?s={search_term_string}"},"query-input":{"@type":"PropertyValueSpecification","valueRequired":true,"valueName":"search_term_string"}}],"inLanguage":"fr-FR"}]}},"_links":{"self":[{"href":"https:\/\/puig-packaging.com\/fr\/wp-json\/wp\/v2\/pages\/1887","targetHints":{"allow":["GET"]}}],"collection":[{"href":"https:\/\/puig-packaging.com\/fr\/wp-json\/wp\/v2\/pages"}],"about":[{"href":"https:\/\/puig-packaging.com\/fr\/wp-json\/wp\/v2\/types\/page"}],"author":[{"embeddable":true,"href":"https:\/\/puig-packaging.com\/fr\/wp-json\/wp\/v2\/users\/1"}],"replies":[{"embeddable":true,"href":"https:\/\/puig-packaging.com\/fr\/wp-json\/wp\/v2\/comments?post=1887"}],"version-history":[{"count":0,"href":"https:\/\/puig-packaging.com\/fr\/wp-json\/wp\/v2\/pages\/1887\/revisions"}],"wp:attachment":[{"href":"https:\/\/puig-packaging.com\/fr\/wp-json\/wp\/v2\/media?parent=1887"}],"curies":[{"name":"wp","href":"https:\/\/api.w.org\/{rel}","templated":true}]}}