{"id":1885,"date":"2020-12-03T09:58:19","date_gmt":"2020-12-03T09:58:19","guid":{"rendered":"https:\/\/puig.clonica.net\/extrusion-soplado\/"},"modified":"2021-01-22T14:18:44","modified_gmt":"2021-01-22T14:18:44","slug":"extrusion-soufflage","status":"publish","type":"page","link":"https:\/\/puig-packaging.com\/fr\/technologie\/extrusion-soufflage\/","title":{"rendered":"Extrusion-soufflage"},"content":{"rendered":"<div   data-size='featured'  data-lightbox_size='large'  data-animation='slide'  data-conditional_play=''  data-ids='1637'  data-video_counter='0'  data-autoplay='false'  data-bg_slider='false'  data-slide_height=''  data-handle='av_slideshow'  data-interval='5'  data-class=' avia-builder-el-0  el_before_av_section  avia-builder-el-no-sibling  '  data-el_id=''  data-css_id=''  data-scroll_down=''  data-control_layout='av-control-default'  data-custom_markup=''  data-perma_caption=''  data-autoplay_stopper=''  data-image_attachment=''  data-min_height='0px'  data-lazy_loading='disabled'  data-default-height='28.666666666667'  class='avia-slideshow avia-slideshow-1  av-control-default av-default-height-applied avia-slideshow-featured av_slideshow  avia-builder-el-0  el_before_av_section  avia-builder-el-no-sibling   avia-slide-slider '  itemprop=\"image\" itemscope=\"itemscope\" itemtype=\"https:\/\/schema.org\/ImageObject\" ><ul class='avia-slideshow-inner ' style='padding-bottom: 28%;' ><li  class=' av-single-slide slide-1 ' ><div data-rel='slideshow-1' class='avia-slide-wrap '   ><img decoding=\"async\" class=\"wp-image-1639 avia-img-lazy-loading-not-1639\"  src=\"https:\/\/puig-packaging.com\/wp-content\/uploads\/2020\/12\/SLIDER-EXTRUSION-1.jpg\" width=\"1500\" height=\"420\" title='SLIDER-EXTRUSION' alt=''  itemprop=\"thumbnailUrl\" srcset=\"https:\/\/puig-packaging.com\/wp-content\/uploads\/2020\/12\/SLIDER-EXTRUSION-1.jpg 1500w, https:\/\/puig-packaging.com\/wp-content\/uploads\/2020\/12\/SLIDER-EXTRUSION-1-300x84.jpg 300w, https:\/\/puig-packaging.com\/wp-content\/uploads\/2020\/12\/SLIDER-EXTRUSION-1-1030x288.jpg 1030w, https:\/\/puig-packaging.com\/wp-content\/uploads\/2020\/12\/SLIDER-EXTRUSION-1-768x215.jpg 768w, https:\/\/puig-packaging.com\/wp-content\/uploads\/2020\/12\/SLIDER-EXTRUSION-1-705x197.jpg 705w, https:\/\/puig-packaging.com\/wp-content\/uploads\/2020\/12\/SLIDER-EXTRUSION-1-600x168.jpg 600w\" sizes=\"(max-width: 1500px) 100vw, 1500px\" \/><\/div><\/li><\/ul><\/div>\n<\/div><\/div><\/div><!-- close content main div --><\/div><\/div><div id='av_section_1'  class='avia-section main_color avia-section-default avia-no-border-styling  avia-bg-style-scroll  avia-builder-el-1  el_after_av_slideshow  avia-builder-el-last   container_wrap fullsize' style=' '  ><div class='container' ><div class='template-page content  av-content-full alpha units'><div class='post-entry post-entry-type-page post-entry-1885'><div class='entry-content-wrapper clearfix'>\n<div class=\"flex_column av_one_full  flex_column_div av-zero-column-padding first  avia-builder-el-2  el_before_av_one_full  avia-builder-el-first  \" style='border-radius:0px; '><section class=\"av_textblock_section \"  itemscope=\"itemscope\" itemtype=\"https:\/\/schema.org\/CreativeWork\" ><div class='avia_textblock  av_inherit_color '  style='color:#828282; '  itemprop=\"text\" ><h1 style=\"text-align: center; font-weight: 500;\">Extrusion-soufflage<\/h1>\n<\/div><\/section><br \/>\n<div  style=' margin-top:0px; margin-bottom:30px;'  class='hr hr-custom hr-center hr-icon-no   avia-builder-el-4  el_after_av_textblock  el_before_av_textblock '><span class='hr-inner  inner-border-av-border-fat' style=' width:50px; border-color:#828282;' ><span class='hr-inner-style'><\/span><\/span><\/div><br \/>\n<section class=\"av_textblock_section \"  itemscope=\"itemscope\" itemtype=\"https:\/\/schema.org\/CreativeWork\" ><div class='avia_textblock  '  style='font-size:15px; '  itemprop=\"text\" ><p class=\"p1\" style=\"text-align: center;\">Notre processus de production est l&rsquo;extrusion-soufflage.<\/p>\n<p class=\"p1\" style=\"text-align: center;\"><strong>Nous utilisons les mat\u00e9riaux suivants pour fabriquer nos produits\u00a0:<\/strong><\/p>\n<\/div><\/section><\/p><\/div><div class=\"flex_column av_one_full  flex_column_div av-zero-column-padding first  avia-builder-el-6  el_after_av_one_full  el_before_av_one_full  column-top-margin\" style='border-radius:0px; '><div  class='avia-icon-list-container   avia-builder-el-7  avia-builder-el-no-sibling '><ul class='avia-icon-list avia-icon-list-left av-iconlist-big avia_animate_when_almost_visible avia-iconlist-animate'>\n<li><div  style='background-color:#1773cc; border:1px solid #ffffff; color:#ffffff; ' class='iconlist_icon  avia-font-entypo-fontello'><span class='iconlist-char ' aria-hidden='true' data-av_icon='\ue885' data-av_iconfont='entypo-fontello'><\/span><\/div><article class=\"article-icon-entry \"  itemscope=\"itemscope\" itemtype=\"https:\/\/schema.org\/CreativeWork\" ><div class='iconlist_content_wrap'><header class=\"entry-content-header\"><h4 class='av_iconlist_title iconlist_title   '  itemprop=\"headline\"  >Le poly\u00e9thyl\u00e8ne basse et haute densit\u00e9 :<\/h4><\/header><div class='iconlist_content  '  itemprop=\"text\"   style='font-size:15px; '><p class=\"p1\">&#8211; Ce mat\u00e9riau se caract\u00e9rise par sa forte r\u00e9sistance \u00e0 l&rsquo;abrasion, \u00e0 l&rsquo;usure et aux agents chimiques, ainsi qu&rsquo;aux impacts.<\/p>\n<p class=\"p1\">&#8211; C&rsquo;est un grand isolant \u00e9lectrique, pr\u00e9par\u00e9 pour r\u00e9sister aux basses temp\u00e9ratures et aux changements climatiques.<\/p>\n<p class=\"p1\">&#8211; Du fait de son inertie physiologique et de sa conformit\u00e9 aux normes europ\u00e9ennes en mati\u00e8re de s\u00e9curit\u00e9 alimentaire, il est fr\u00e9quemment utilis\u00e9 dans des applications qui impliquent un contact alimentaire.<\/p>\n<p class=\"p1\">&#8211; Nous disposons de mat\u00e9riaux qui respectent la pharmacop\u00e9e europ\u00e9enne\u00a0; cela repr\u00e9sente un plus de s\u00e9curit\u00e9 sur l&#8217;emballage final, car sa composition est contr\u00f4l\u00e9e.<\/p>\n<\/div><\/div><footer class=\"entry-footer\"><\/footer><\/article><div class='iconlist-timeline'><\/div><\/li>\n<\/ul><\/div><\/div><div class=\"flex_column av_one_full  flex_column_div av-zero-column-padding first  avia-builder-el-8  el_after_av_one_full  el_before_av_one_full  column-top-margin\" style='border-radius:0px; '><div  class='avia-icon-list-container   avia-builder-el-9  avia-builder-el-no-sibling '><ul class='avia-icon-list avia-icon-list-left av-iconlist-big avia_animate_when_almost_visible avia-iconlist-animate'>\n<li><div  style='background-color:#1773cc; border:1px solid #ffffff; color:#ffffff; ' class='iconlist_icon  avia-font-entypo-fontello'><span class='iconlist-char ' aria-hidden='true' data-av_icon='\ue885' data-av_iconfont='entypo-fontello'><\/span><\/div><article class=\"article-icon-entry \"  itemscope=\"itemscope\" itemtype=\"https:\/\/schema.org\/CreativeWork\" ><div class='iconlist_content_wrap'><header class=\"entry-content-header\"><h4 class='av_iconlist_title iconlist_title   '  itemprop=\"headline\"  >Le polypropyl\u00e8ne<\/h4><\/header><div class='iconlist_content  '  itemprop=\"text\"   style='font-size:15px; '><p class=\"p1\">&#8211; Mat\u00e9riau dont le degr\u00e9 de cristallinit\u00e9 se situe entre celui du poly\u00e9thyl\u00e8ne haute densit\u00e9 et celui du poly\u00e9thyl\u00e8ne basse densit\u00e9.<\/p>\n<p class=\"p1\">&#8211; Son \u00e9lasticit\u00e9 est moyenne et il pr\u00e9sente une tr\u00e8s bonne r\u00e9sistance \u00e0 la fatigue.<\/p>\n<p class=\"p1\">&#8211; Il r\u00e9siste aux agents chimiques et aux U.V.<\/p>\n<p class=\"p1\">&#8211; Il peut \u00eatre st\u00e9rilis\u00e9 \u00e0 des temp\u00e9ratures de 140\u00a0\u00baC sans se d\u00e9former.<\/p>\n<p class=\"p1\">&#8211; Il est tr\u00e8s r\u00e9sistant \u00e0 la p\u00e9n\u00e9tration des microorganismes.<\/p>\n<\/div><\/div><footer class=\"entry-footer\"><\/footer><\/article><div class='iconlist-timeline'><\/div><\/li>\n<\/ul><\/div><\/div><div class=\"flex_column av_one_full  flex_column_div av-zero-column-padding first  avia-builder-el-10  el_after_av_one_full  avia-builder-el-last  column-top-margin\" style='border-radius:0px; '><section class=\"av_textblock_section \"  itemscope=\"itemscope\" itemtype=\"https:\/\/schema.org\/CreativeWork\" ><div class='avia_textblock  '  style='font-size:15px; '  itemprop=\"text\" ><p class=\"p1\" style=\"text-align: center;\">Les conditions de fabrication d\u00e9pendront du degr\u00e9 de viscosit\u00e9 du mat\u00e9riau employ\u00e9 et de sa plage de temp\u00e9ratures de transformation. La grande adaptabilit\u00e9 de nos machines \u00e0 tous ces mat\u00e9riaux, moyennant quelques petits r\u00e9glages, nous permet d&rsquo;offrir une plus grande rapidit\u00e9 et flexibilit\u00e9 dans la livraison des commandes \u00e0 nos clients.<\/p>\n<p class=\"p1\" style=\"text-align: center;\"><strong>Notre capacit\u00e9 de production s&rsquo;\u00e9l\u00e8ve \u00e0 60 millions d&#8217;emballages.<\/strong><\/p>\n<p class=\"p1\" style=\"text-align: center;\"><strong>Toutes nos machines travaillent sans huile.<\/strong><\/p>\n<\/div><\/section><\/div>\n","protected":false},"excerpt":{"rendered":"","protected":false},"author":1,"featured_media":0,"parent":1887,"menu_order":0,"comment_status":"closed","ping_status":"closed","template":"","meta":{"footnotes":""},"class_list":["post-1885","page","type-page","status-publish","hentry"],"yoast_head":"<!-- This site is optimized with the Yoast SEO plugin v26.2 - https:\/\/yoast.com\/wordpress\/plugins\/seo\/ -->\n<title>Extrusion-soufflage - Plastiques Puig<\/title>\n<meta name=\"robots\" content=\"index, follow, max-snippet:-1, max-image-preview:large, max-video-preview:-1\" \/>\n<link rel=\"canonical\" href=\"https:\/\/puig-packaging.com\/fr\/technologie\/extrusion-soufflage\/\" \/>\n<meta property=\"og:locale\" content=\"fr_FR\" \/>\n<meta property=\"og:type\" content=\"article\" \/>\n<meta property=\"og:title\" content=\"Extrusion-soufflage - Plastiques Puig\" \/>\n<meta property=\"og:url\" content=\"https:\/\/puig-packaging.com\/fr\/technologie\/extrusion-soufflage\/\" \/>\n<meta property=\"og:site_name\" content=\"Plastiques Puig\" \/>\n<meta property=\"article:modified_time\" content=\"2021-01-22T14:18:44+00:00\" \/>\n<meta name=\"twitter:card\" content=\"summary_large_image\" \/>\n<meta name=\"twitter:label1\" content=\"Dur\u00e9e de lecture estim\u00e9e\" \/>\n\t<meta name=\"twitter:data1\" content=\"3 minutes\" \/>\n<script type=\"application\/ld+json\" class=\"yoast-schema-graph\">{\"@context\":\"https:\/\/schema.org\",\"@graph\":[{\"@type\":\"WebPage\",\"@id\":\"https:\/\/puig-packaging.com\/fr\/technologie\/extrusion-soufflage\/\",\"url\":\"https:\/\/puig-packaging.com\/fr\/technologie\/extrusion-soufflage\/\",\"name\":\"Extrusion-soufflage - Plastiques Puig\",\"isPartOf\":{\"@id\":\"https:\/\/puig-packaging.com\/fr\/#website\"},\"datePublished\":\"2020-12-03T09:58:19+00:00\",\"dateModified\":\"2021-01-22T14:18:44+00:00\",\"breadcrumb\":{\"@id\":\"https:\/\/puig-packaging.com\/fr\/technologie\/extrusion-soufflage\/#breadcrumb\"},\"inLanguage\":\"fr-FR\",\"potentialAction\":[{\"@type\":\"ReadAction\",\"target\":[\"https:\/\/puig-packaging.com\/fr\/technologie\/extrusion-soufflage\/\"]}]},{\"@type\":\"BreadcrumbList\",\"@id\":\"https:\/\/puig-packaging.com\/fr\/technologie\/extrusion-soufflage\/#breadcrumb\",\"itemListElement\":[{\"@type\":\"ListItem\",\"position\":1,\"name\":\"Portada\",\"item\":\"https:\/\/puig-packaging.com\/fr\/home\/\"},{\"@type\":\"ListItem\",\"position\":2,\"name\":\"Technologie\",\"item\":\"https:\/\/puig-packaging.com\/fr\/tecnologia\/\"},{\"@type\":\"ListItem\",\"position\":3,\"name\":\"Extrusion-soufflage\"}]},{\"@type\":\"WebSite\",\"@id\":\"https:\/\/puig-packaging.com\/fr\/#website\",\"url\":\"https:\/\/puig-packaging.com\/fr\/\",\"name\":\"Plastiques Puig\",\"description\":\"Just another WordPress site\",\"potentialAction\":[{\"@type\":\"SearchAction\",\"target\":{\"@type\":\"EntryPoint\",\"urlTemplate\":\"https:\/\/puig-packaging.com\/fr\/?s={search_term_string}\"},\"query-input\":{\"@type\":\"PropertyValueSpecification\",\"valueRequired\":true,\"valueName\":\"search_term_string\"}}],\"inLanguage\":\"fr-FR\"}]}<\/script>\n<!-- \/ Yoast SEO plugin. -->","yoast_head_json":{"title":"Extrusion-soufflage - Plastiques Puig","robots":{"index":"index","follow":"follow","max-snippet":"max-snippet:-1","max-image-preview":"max-image-preview:large","max-video-preview":"max-video-preview:-1"},"canonical":"https:\/\/puig-packaging.com\/fr\/technologie\/extrusion-soufflage\/","og_locale":"fr_FR","og_type":"article","og_title":"Extrusion-soufflage - Plastiques Puig","og_url":"https:\/\/puig-packaging.com\/fr\/technologie\/extrusion-soufflage\/","og_site_name":"Plastiques Puig","article_modified_time":"2021-01-22T14:18:44+00:00","twitter_card":"summary_large_image","twitter_misc":{"Dur\u00e9e de lecture estim\u00e9e":"3 minutes"},"schema":{"@context":"https:\/\/schema.org","@graph":[{"@type":"WebPage","@id":"https:\/\/puig-packaging.com\/fr\/technologie\/extrusion-soufflage\/","url":"https:\/\/puig-packaging.com\/fr\/technologie\/extrusion-soufflage\/","name":"Extrusion-soufflage - Plastiques Puig","isPartOf":{"@id":"https:\/\/puig-packaging.com\/fr\/#website"},"datePublished":"2020-12-03T09:58:19+00:00","dateModified":"2021-01-22T14:18:44+00:00","breadcrumb":{"@id":"https:\/\/puig-packaging.com\/fr\/technologie\/extrusion-soufflage\/#breadcrumb"},"inLanguage":"fr-FR","potentialAction":[{"@type":"ReadAction","target":["https:\/\/puig-packaging.com\/fr\/technologie\/extrusion-soufflage\/"]}]},{"@type":"BreadcrumbList","@id":"https:\/\/puig-packaging.com\/fr\/technologie\/extrusion-soufflage\/#breadcrumb","itemListElement":[{"@type":"ListItem","position":1,"name":"Portada","item":"https:\/\/puig-packaging.com\/fr\/home\/"},{"@type":"ListItem","position":2,"name":"Technologie","item":"https:\/\/puig-packaging.com\/fr\/tecnologia\/"},{"@type":"ListItem","position":3,"name":"Extrusion-soufflage"}]},{"@type":"WebSite","@id":"https:\/\/puig-packaging.com\/fr\/#website","url":"https:\/\/puig-packaging.com\/fr\/","name":"Plastiques Puig","description":"Just another WordPress site","potentialAction":[{"@type":"SearchAction","target":{"@type":"EntryPoint","urlTemplate":"https:\/\/puig-packaging.com\/fr\/?s={search_term_string}"},"query-input":{"@type":"PropertyValueSpecification","valueRequired":true,"valueName":"search_term_string"}}],"inLanguage":"fr-FR"}]}},"_links":{"self":[{"href":"https:\/\/puig-packaging.com\/fr\/wp-json\/wp\/v2\/pages\/1885","targetHints":{"allow":["GET"]}}],"collection":[{"href":"https:\/\/puig-packaging.com\/fr\/wp-json\/wp\/v2\/pages"}],"about":[{"href":"https:\/\/puig-packaging.com\/fr\/wp-json\/wp\/v2\/types\/page"}],"author":[{"embeddable":true,"href":"https:\/\/puig-packaging.com\/fr\/wp-json\/wp\/v2\/users\/1"}],"replies":[{"embeddable":true,"href":"https:\/\/puig-packaging.com\/fr\/wp-json\/wp\/v2\/comments?post=1885"}],"version-history":[{"count":0,"href":"https:\/\/puig-packaging.com\/fr\/wp-json\/wp\/v2\/pages\/1885\/revisions"}],"up":[{"embeddable":true,"href":"https:\/\/puig-packaging.com\/fr\/wp-json\/wp\/v2\/pages\/1887"}],"wp:attachment":[{"href":"https:\/\/puig-packaging.com\/fr\/wp-json\/wp\/v2\/media?parent=1885"}],"curies":[{"name":"wp","href":"https:\/\/api.w.org\/{rel}","templated":true}]}}