{"id":1883,"date":"2020-12-03T11:12:45","date_gmt":"2020-12-03T11:12:45","guid":{"rendered":"https:\/\/puig.clonica.net\/sala-limpia-c-iso-7\/"},"modified":"2021-01-22T14:20:38","modified_gmt":"2021-01-22T14:20:38","slug":"salleblancheciso-7","status":"publish","type":"page","link":"https:\/\/puig-packaging.com\/fr\/technologie\/salleblancheciso-7\/","title":{"rendered":"Salle Blanche C ISO 7"},"content":{"rendered":"<div   data-size='featured'  data-lightbox_size='large'  data-animation='slide'  data-conditional_play=''  data-ids='1774,1777,1820'  data-video_counter='0'  data-autoplay='true'  data-bg_slider='false'  data-slide_height=''  data-handle='av_slideshow'  data-interval='4'  data-class=' avia-builder-el-0  el_before_av_section  avia-builder-el-no-sibling  '  data-el_id=''  data-css_id=''  data-scroll_down=''  data-control_layout='av-control-default'  data-custom_markup=''  data-perma_caption=''  data-autoplay_stopper=''  data-image_attachment=''  data-min_height='0px'  data-lazy_loading='disabled'  data-default-height='28.666666666667'  class='avia-slideshow avia-slideshow-1  av-control-default av-default-height-applied avia-slideshow-featured av_slideshow  avia-builder-el-0  el_before_av_section  avia-builder-el-no-sibling   avia-slide-slider '  itemprop=\"image\" itemscope=\"itemscope\" itemtype=\"https:\/\/schema.org\/ImageObject\" ><ul class='avia-slideshow-inner ' style='padding-bottom: 28%;' ><li  class=' slide-1 ' ><div data-rel='slideshow-1' class='avia-slide-wrap '   ><img decoding=\"async\" class=\"wp-image-1776 avia-img-lazy-loading-not-1776\"  src=\"https:\/\/puig-packaging.com\/wp-content\/uploads\/2020\/12\/SALA-LIMPIA-1.jpg\" width=\"1500\" height=\"420\" title='SALA-LIMPIA-1' alt=''  itemprop=\"thumbnailUrl\" srcset=\"https:\/\/puig-packaging.com\/wp-content\/uploads\/2020\/12\/SALA-LIMPIA-1.jpg 1500w, https:\/\/puig-packaging.com\/wp-content\/uploads\/2020\/12\/SALA-LIMPIA-1-300x84.jpg 300w, https:\/\/puig-packaging.com\/wp-content\/uploads\/2020\/12\/SALA-LIMPIA-1-1030x288.jpg 1030w, https:\/\/puig-packaging.com\/wp-content\/uploads\/2020\/12\/SALA-LIMPIA-1-768x215.jpg 768w, https:\/\/puig-packaging.com\/wp-content\/uploads\/2020\/12\/SALA-LIMPIA-1-705x197.jpg 705w, https:\/\/puig-packaging.com\/wp-content\/uploads\/2020\/12\/SALA-LIMPIA-1-600x168.jpg 600w\" sizes=\"(max-width: 1500px) 100vw, 1500px\" \/><\/div><\/li><li  class=' slide-2 ' ><div data-rel='slideshow-1' class='avia-slide-wrap '   ><img decoding=\"async\" class=\"wp-image-1779 avia-img-lazy-loading-not-1779\"  src=\"https:\/\/puig-packaging.com\/wp-content\/uploads\/2020\/12\/SALA-LIMPIA-2.jpg\" width=\"1500\" height=\"420\" title='SALA-LIMPIA-2' alt=''  itemprop=\"thumbnailUrl\" srcset=\"https:\/\/puig-packaging.com\/wp-content\/uploads\/2020\/12\/SALA-LIMPIA-2.jpg 1500w, https:\/\/puig-packaging.com\/wp-content\/uploads\/2020\/12\/SALA-LIMPIA-2-300x84.jpg 300w, https:\/\/puig-packaging.com\/wp-content\/uploads\/2020\/12\/SALA-LIMPIA-2-1030x288.jpg 1030w, https:\/\/puig-packaging.com\/wp-content\/uploads\/2020\/12\/SALA-LIMPIA-2-768x215.jpg 768w, https:\/\/puig-packaging.com\/wp-content\/uploads\/2020\/12\/SALA-LIMPIA-2-705x197.jpg 705w, https:\/\/puig-packaging.com\/wp-content\/uploads\/2020\/12\/SALA-LIMPIA-2-600x168.jpg 600w\" sizes=\"(max-width: 1500px) 100vw, 1500px\" \/><\/div><\/li><li  class=' slide-3 ' ><div data-rel='slideshow-1' class='avia-slide-wrap '   ><img decoding=\"async\" class=\"wp-image-1822 avia-img-lazy-loading-not-1822\"  src=\"https:\/\/puig-packaging.com\/wp-content\/uploads\/2020\/12\/SLIDER-SALA-BLANCA-2.jpg\" width=\"1500\" height=\"420\" title='SLIDER-SALA BLANCA' alt=''  itemprop=\"thumbnailUrl\" srcset=\"https:\/\/puig-packaging.com\/wp-content\/uploads\/2020\/12\/SLIDER-SALA-BLANCA-2.jpg 1500w, https:\/\/puig-packaging.com\/wp-content\/uploads\/2020\/12\/SLIDER-SALA-BLANCA-2-300x84.jpg 300w, https:\/\/puig-packaging.com\/wp-content\/uploads\/2020\/12\/SLIDER-SALA-BLANCA-2-1030x288.jpg 1030w, https:\/\/puig-packaging.com\/wp-content\/uploads\/2020\/12\/SLIDER-SALA-BLANCA-2-768x215.jpg 768w, https:\/\/puig-packaging.com\/wp-content\/uploads\/2020\/12\/SLIDER-SALA-BLANCA-2-705x197.jpg 705w, https:\/\/puig-packaging.com\/wp-content\/uploads\/2020\/12\/SLIDER-SALA-BLANCA-2-600x168.jpg 600w\" sizes=\"(max-width: 1500px) 100vw, 1500px\" \/><\/div><\/li><\/ul><div class='avia-slideshow-arrows avia-slideshow-controls'><a href='#prev' class='prev-slide' aria-hidden='true' data-av_icon='\ue87c' data-av_iconfont='entypo-fontello'>Pr\u00e9c\u00e9dent<\/a><a href='#next' class='next-slide' aria-hidden='true' data-av_icon='\ue87d' data-av_iconfont='entypo-fontello'>Suivant<\/a><\/div><div class='avia-slideshow-dots avia-slideshow-controls'><a href='#1' class='goto-slide active' >1<\/a><a href='#2' class='goto-slide ' >2<\/a><a href='#3' class='goto-slide ' >3<\/a><\/div><\/div>\n<\/div><\/div><\/div><!-- close content main div --><\/div><\/div><div id='av_section_1'  class='avia-section main_color avia-section-default avia-no-border-styling  avia-bg-style-scroll  avia-builder-el-1  el_after_av_slideshow  el_before_av_hr   container_wrap fullsize' style=' '  ><div class='container' ><div class='template-page content  av-content-full alpha units'><div class='post-entry post-entry-type-page post-entry-1883'><div class='entry-content-wrapper clearfix'>\n<div class=\"flex_column av_one_full  flex_column_div av-zero-column-padding first  avia-builder-el-2  avia-builder-el-no-sibling  \" style='border-radius:0px; '><section class=\"av_textblock_section \"  itemscope=\"itemscope\" itemtype=\"https:\/\/schema.org\/CreativeWork\" ><div class='avia_textblock  av_inherit_color '  style='color:#828282; '  itemprop=\"text\" ><h1 style=\"text-align: center; font-weight: 500;\">Salle Blanche C ISO 7<\/h1>\n<\/div><\/section><br \/>\n<div  style=' margin-top:0px; margin-bottom:30px;'  class='hr hr-custom hr-center hr-icon-no   avia-builder-el-4  el_after_av_textblock  el_before_av_textblock '><span class='hr-inner  inner-border-av-border-fat' style=' width:50px; border-color:#828282;' ><span class='hr-inner-style'><\/span><\/span><\/div><br \/>\n<section class=\"av_textblock_section \"  itemscope=\"itemscope\" itemtype=\"https:\/\/schema.org\/CreativeWork\" ><div class='avia_textblock  '  style='font-size:15px; '  itemprop=\"text\" ><p class=\"p1\" style=\"text-align: center;\">D&rsquo;apr\u00e8s les informations qui figurent dans la norme ISO 14644-1, une salle blanche est \u00abune salle dans laquelle la concentration des particules en suspension dans l&rsquo;air est ma\u00eetris\u00e9e et qui est construite et utilis\u00e9e de fa\u00e7on \u00e0 minimiser l&rsquo;introduction, la production et la r\u00e9tention de particules \u00e0 l&rsquo;int\u00e9rieur de la pi\u00e8ce et dans laquelle d&rsquo;autres param\u00e8tres pertinents, tels que la temp\u00e9rature, l&rsquo;humidit\u00e9 et la pression sont ma\u00eetris\u00e9s comme il convient.\u00a0\u00bb<\/p>\n<p class=\"p1\" style=\"text-align: center;\">Notre exp\u00e9rience dans le domaine de la salle blanche remonte au d\u00e9but des ann\u00e9es 1990, lorsque nous nous sommes fix\u00e9s l&rsquo;objectif de r\u00e9pondre aux attentes de nos clients du secteur pharmaceutique et d&rsquo;anticiper leurs demandes en mati\u00e8re de conditions de fabrication.<\/p>\n<p class=\"p1\" style=\"text-align: center;\">Notre production dans la salle blanche C ISO 7 garantit \u00e0 notre client\u00e8le des emballages dont les param\u00e8tres environnementaux de fabrication sont ma\u00eetris\u00e9s \u00e0 tout moment.<\/p>\n<p class=\"p1\" style=\"text-align: center;\">Nous effectuons r\u00e9guli\u00e8rement des calibrages de la salle blanche de la classe C ISO 7, ainsi que des tests bact\u00e9riologiques et microbiologiques.<\/p>\n<\/div><\/section><\/p><\/div><\/div><\/div><\/div><!-- close content main div --><\/div><\/div><div id='after_section_1'  class='main_color av_default_container_wrap container_wrap fullsize' style=' '  ><div class='container' ><div class='template-page content  av-content-full alpha units'><div class='post-entry post-entry-type-page post-entry-1883'><div class='entry-content-wrapper clearfix'><div  style='height:50px' class='hr hr-invisible   avia-builder-el-6  el_after_av_section  avia-builder-el-no-sibling '><span class='hr-inner ' ><span class='hr-inner-style'><\/span><\/span><\/div><\/p>\n","protected":false},"excerpt":{"rendered":"","protected":false},"author":1,"featured_media":0,"parent":1887,"menu_order":0,"comment_status":"closed","ping_status":"closed","template":"","meta":{"footnotes":""},"class_list":["post-1883","page","type-page","status-publish","hentry"],"yoast_head":"<!-- This site is optimized with the Yoast SEO plugin v26.2 - https:\/\/yoast.com\/wordpress\/plugins\/seo\/ -->\n<title>Salle Blanche C ISO 7 - Plastiques Puig<\/title>\n<meta name=\"robots\" content=\"index, follow, max-snippet:-1, max-image-preview:large, max-video-preview:-1\" \/>\n<link rel=\"canonical\" href=\"https:\/\/puig-packaging.com\/fr\/technologie\/salleblancheciso-7\/\" \/>\n<meta property=\"og:locale\" content=\"fr_FR\" \/>\n<meta property=\"og:type\" content=\"article\" \/>\n<meta property=\"og:title\" content=\"Salle Blanche C ISO 7 - Plastiques Puig\" \/>\n<meta property=\"og:url\" content=\"https:\/\/puig-packaging.com\/fr\/technologie\/salleblancheciso-7\/\" \/>\n<meta property=\"og:site_name\" content=\"Plastiques Puig\" \/>\n<meta property=\"article:modified_time\" content=\"2021-01-22T14:20:38+00:00\" \/>\n<meta name=\"twitter:card\" content=\"summary_large_image\" \/>\n<meta name=\"twitter:label1\" content=\"Dur\u00e9e de lecture estim\u00e9e\" \/>\n\t<meta name=\"twitter:data1\" content=\"2 minutes\" \/>\n<script type=\"application\/ld+json\" class=\"yoast-schema-graph\">{\"@context\":\"https:\/\/schema.org\",\"@graph\":[{\"@type\":\"WebPage\",\"@id\":\"https:\/\/puig-packaging.com\/fr\/technologie\/salleblancheciso-7\/\",\"url\":\"https:\/\/puig-packaging.com\/fr\/technologie\/salleblancheciso-7\/\",\"name\":\"Salle Blanche C ISO 7 - Plastiques Puig\",\"isPartOf\":{\"@id\":\"https:\/\/puig-packaging.com\/fr\/#website\"},\"datePublished\":\"2020-12-03T11:12:45+00:00\",\"dateModified\":\"2021-01-22T14:20:38+00:00\",\"breadcrumb\":{\"@id\":\"https:\/\/puig-packaging.com\/fr\/technologie\/salleblancheciso-7\/#breadcrumb\"},\"inLanguage\":\"fr-FR\",\"potentialAction\":[{\"@type\":\"ReadAction\",\"target\":[\"https:\/\/puig-packaging.com\/fr\/technologie\/salleblancheciso-7\/\"]}]},{\"@type\":\"BreadcrumbList\",\"@id\":\"https:\/\/puig-packaging.com\/fr\/technologie\/salleblancheciso-7\/#breadcrumb\",\"itemListElement\":[{\"@type\":\"ListItem\",\"position\":1,\"name\":\"Portada\",\"item\":\"https:\/\/puig-packaging.com\/fr\/home\/\"},{\"@type\":\"ListItem\",\"position\":2,\"name\":\"Technologie\",\"item\":\"https:\/\/puig-packaging.com\/fr\/tecnologia\/\"},{\"@type\":\"ListItem\",\"position\":3,\"name\":\"Salle Blanche C ISO 7\"}]},{\"@type\":\"WebSite\",\"@id\":\"https:\/\/puig-packaging.com\/fr\/#website\",\"url\":\"https:\/\/puig-packaging.com\/fr\/\",\"name\":\"Plastiques Puig\",\"description\":\"Just another WordPress site\",\"potentialAction\":[{\"@type\":\"SearchAction\",\"target\":{\"@type\":\"EntryPoint\",\"urlTemplate\":\"https:\/\/puig-packaging.com\/fr\/?s={search_term_string}\"},\"query-input\":{\"@type\":\"PropertyValueSpecification\",\"valueRequired\":true,\"valueName\":\"search_term_string\"}}],\"inLanguage\":\"fr-FR\"}]}<\/script>\n<!-- \/ Yoast SEO plugin. -->","yoast_head_json":{"title":"Salle Blanche C ISO 7 - Plastiques Puig","robots":{"index":"index","follow":"follow","max-snippet":"max-snippet:-1","max-image-preview":"max-image-preview:large","max-video-preview":"max-video-preview:-1"},"canonical":"https:\/\/puig-packaging.com\/fr\/technologie\/salleblancheciso-7\/","og_locale":"fr_FR","og_type":"article","og_title":"Salle Blanche C ISO 7 - Plastiques Puig","og_url":"https:\/\/puig-packaging.com\/fr\/technologie\/salleblancheciso-7\/","og_site_name":"Plastiques Puig","article_modified_time":"2021-01-22T14:20:38+00:00","twitter_card":"summary_large_image","twitter_misc":{"Dur\u00e9e de lecture estim\u00e9e":"2 minutes"},"schema":{"@context":"https:\/\/schema.org","@graph":[{"@type":"WebPage","@id":"https:\/\/puig-packaging.com\/fr\/technologie\/salleblancheciso-7\/","url":"https:\/\/puig-packaging.com\/fr\/technologie\/salleblancheciso-7\/","name":"Salle Blanche C ISO 7 - Plastiques Puig","isPartOf":{"@id":"https:\/\/puig-packaging.com\/fr\/#website"},"datePublished":"2020-12-03T11:12:45+00:00","dateModified":"2021-01-22T14:20:38+00:00","breadcrumb":{"@id":"https:\/\/puig-packaging.com\/fr\/technologie\/salleblancheciso-7\/#breadcrumb"},"inLanguage":"fr-FR","potentialAction":[{"@type":"ReadAction","target":["https:\/\/puig-packaging.com\/fr\/technologie\/salleblancheciso-7\/"]}]},{"@type":"BreadcrumbList","@id":"https:\/\/puig-packaging.com\/fr\/technologie\/salleblancheciso-7\/#breadcrumb","itemListElement":[{"@type":"ListItem","position":1,"name":"Portada","item":"https:\/\/puig-packaging.com\/fr\/home\/"},{"@type":"ListItem","position":2,"name":"Technologie","item":"https:\/\/puig-packaging.com\/fr\/tecnologia\/"},{"@type":"ListItem","position":3,"name":"Salle Blanche C ISO 7"}]},{"@type":"WebSite","@id":"https:\/\/puig-packaging.com\/fr\/#website","url":"https:\/\/puig-packaging.com\/fr\/","name":"Plastiques Puig","description":"Just another WordPress site","potentialAction":[{"@type":"SearchAction","target":{"@type":"EntryPoint","urlTemplate":"https:\/\/puig-packaging.com\/fr\/?s={search_term_string}"},"query-input":{"@type":"PropertyValueSpecification","valueRequired":true,"valueName":"search_term_string"}}],"inLanguage":"fr-FR"}]}},"_links":{"self":[{"href":"https:\/\/puig-packaging.com\/fr\/wp-json\/wp\/v2\/pages\/1883","targetHints":{"allow":["GET"]}}],"collection":[{"href":"https:\/\/puig-packaging.com\/fr\/wp-json\/wp\/v2\/pages"}],"about":[{"href":"https:\/\/puig-packaging.com\/fr\/wp-json\/wp\/v2\/types\/page"}],"author":[{"embeddable":true,"href":"https:\/\/puig-packaging.com\/fr\/wp-json\/wp\/v2\/users\/1"}],"replies":[{"embeddable":true,"href":"https:\/\/puig-packaging.com\/fr\/wp-json\/wp\/v2\/comments?post=1883"}],"version-history":[{"count":0,"href":"https:\/\/puig-packaging.com\/fr\/wp-json\/wp\/v2\/pages\/1883\/revisions"}],"up":[{"embeddable":true,"href":"https:\/\/puig-packaging.com\/fr\/wp-json\/wp\/v2\/pages\/1887"}],"wp:attachment":[{"href":"https:\/\/puig-packaging.com\/fr\/wp-json\/wp\/v2\/media?parent=1883"}],"curies":[{"name":"wp","href":"https:\/\/api.w.org\/{rel}","templated":true}]}}