{"id":1863,"date":"2020-12-14T16:27:21","date_gmt":"2020-12-14T16:27:21","guid":{"rendered":"https:\/\/puig.clonica.net\/garantia-de-calidad\/"},"modified":"2026-02-03T08:34:53","modified_gmt":"2026-02-03T08:34:53","slug":"garantie-de-qualite","status":"publish","type":"page","link":"https:\/\/puig-packaging.com\/fr\/garantie-de-qualite\/","title":{"rendered":"Garantie de Qualit\u00e9"},"content":{"rendered":"<div id='av_section_1'  class='avia-section main_color avia-section-default avia-no-border-styling  avia-bg-style-scroll  avia-builder-el-0  el_before_av_section  avia-builder-el-first   container_wrap fullsize' style=' '  ><div class='container' ><main  role=\"main\" itemprop=\"mainContentOfPage\"  class='template-page content  av-content-full alpha units'><div class='post-entry post-entry-type-page post-entry-1863'><div class='entry-content-wrapper clearfix'>\n<div class=\"flex_column av_one_full  flex_column_div av-zero-column-padding first  avia-builder-el-1  el_before_av_one_third  avia-builder-el-first  \" style='border-radius:0px; '><section class=\"av_textblock_section \"  itemscope=\"itemscope\" itemtype=\"https:\/\/schema.org\/CreativeWork\" ><div class='avia_textblock  av_inherit_color '  style='color:#828282; '  itemprop=\"text\" ><h1 style=\"text-align: center;\">Syst\u00e8me de gestion de la garantie de qualit\u00e9<\/h1>\n<\/div><\/section><br \/>\n<div  style=' margin-top:0px; margin-bottom:30px;'  class='hr hr-custom hr-center hr-icon-no   avia-builder-el-3  el_after_av_textblock  el_before_av_textblock '><span class='hr-inner  inner-border-av-border-fat' style=' width:50px; border-color:#828282;' ><span class='hr-inner-style'><\/span><\/span><\/div><br \/>\n<section class=\"av_textblock_section \"  itemscope=\"itemscope\" itemtype=\"https:\/\/schema.org\/CreativeWork\" ><div class='avia_textblock  '  style='font-size:15px; '  itemprop=\"text\" ><p style=\"text-align: center;\">Puig Packaging travaille sous le respect de la norme ISO 9001\/2015 ; en outre, la soci\u00e9t\u00e9 est en pleine adaptation des BPF pour l&rsquo;obtention de la norme ISO 15378.<\/p>\n<p class=\"p1\" style=\"text-align: center;\">Notre d\u00e9partement de garantie de qualit\u00e9 est le responsable de planifier et de mettre en \u0153uvre toutes les actions n\u00e9cessaires pour que nos produits r\u00e9pondent aux exigences de qualit\u00e9 de nos clients.<\/p>\n<p class=\"p1\" style=\"text-align: center;\">Forts de notre exp\u00e9rience approfondie des diff\u00e9rents secteurs de la sant\u00e9, notamment pharmaceutique, v\u00e9t\u00e9rinaire ou biotechnologique, la validation et les contr\u00f4les des modifications sont solidement ancr\u00e9s dans notre culture d&rsquo;entreprise.<\/p>\n<p class=\"p1\" style=\"text-align: center;\">Gr\u00e2ce \u00e0 notre syst\u00e8me de gestion int\u00e9gr\u00e9e totalement informatis\u00e9, nous sommes en mesure d&rsquo;effectuer le suivi de toute la production d&rsquo;un lot et d&rsquo;assurer sa tra\u00e7abilit\u00e9 tout au long du processus jusqu&rsquo;\u00e0 sa validation par le d\u00e9partement de contr\u00f4le de qualit\u00e9.<\/p>\n<p class=\"p1\" style=\"text-align: center;\">En outre, notre syst\u00e8me de documentation informatis\u00e9 nous permet de tenir \u00e0 jour toutes nos proc\u00e9dures et nos instructions ainsi que de contr\u00f4ler les p\u00e9riodicit\u00e9s du calibrage des \u00e9quipes et les validations de la salle propre.<\/p>\n<\/div><\/section><\/p><\/div><div class='flex_column_table av-equal-height-column-flextable -flextable' ><div class=\"flex_column av_one_third  no_margin flex_column_table_cell av-equal-height-column av-align-top avia-link-column av-column-link first  avia-builder-el-5  el_after_av_one_full  el_before_av_one_third  column-top-margin\" style='padding:0px 30px 0px 0px ; border-radius:0px; ' data-link-column-url=\"https:\/\/puig-packaging.com\/materias-primas-certificadas\/\" ><a class=\"av-screen-reader-only\" href=https:\/\/puig-packaging.com\/materias-primas-certificadas\/ >Le site internet:Materias primas certificadas<\/a><div  class='avia-image-container  av-styling-  noHover  av-overlay-hover-deactivate   avia-builder-el-6  avia-builder-el-no-sibling  avia-align-center '  itemprop=\"image\" itemscope=\"itemscope\" itemtype=\"https:\/\/schema.org\/ImageObject\"  ><div class='avia-image-container-inner'><div class='avia-image-overlay-wrap'><div class='av-image-caption-overlay'><div class='av-caption-image-overlay-bg' style='opacity:0.4; background-color:#000000; '><\/div><div class='av-image-caption-overlay-position'><div class='av-image-caption-overlay-center' style='color:#ffffff; '><p>MATI\u00c8RES PREMI\u00c8RES CERTIFI\u00c9ES<\/p>\n<\/div><\/div><\/div><img decoding=\"async\" class='wp-image-1494 avia-img-lazy-loading-not-1494 avia_image' src=\"https:\/\/puig-packaging.com\/wp-content\/uploads\/2020\/12\/GARANTIA-DE-CALIDAD_V1.jpg\" alt='' title='GARANTIA-DE-CALIDAD_V1' height=\"800\" width=\"800\"  itemprop=\"thumbnailUrl\" srcset=\"https:\/\/puig-packaging.com\/wp-content\/uploads\/2020\/12\/GARANTIA-DE-CALIDAD_V1.jpg 800w, https:\/\/puig-packaging.com\/wp-content\/uploads\/2020\/12\/GARANTIA-DE-CALIDAD_V1-300x300.jpg 300w, https:\/\/puig-packaging.com\/wp-content\/uploads\/2020\/12\/GARANTIA-DE-CALIDAD_V1-80x80.jpg 80w, https:\/\/puig-packaging.com\/wp-content\/uploads\/2020\/12\/GARANTIA-DE-CALIDAD_V1-768x768.jpg 768w, https:\/\/puig-packaging.com\/wp-content\/uploads\/2020\/12\/GARANTIA-DE-CALIDAD_V1-36x36.jpg 36w, https:\/\/puig-packaging.com\/wp-content\/uploads\/2020\/12\/GARANTIA-DE-CALIDAD_V1-180x180.jpg 180w, https:\/\/puig-packaging.com\/wp-content\/uploads\/2020\/12\/GARANTIA-DE-CALIDAD_V1-705x705.jpg 705w, https:\/\/puig-packaging.com\/wp-content\/uploads\/2020\/12\/GARANTIA-DE-CALIDAD_V1-100x100.jpg 100w, https:\/\/puig-packaging.com\/wp-content\/uploads\/2020\/12\/GARANTIA-DE-CALIDAD_V1-600x600.jpg 600w\" sizes=\"(max-width: 800px) 100vw, 800px\" \/><\/div><\/div><\/div><\/div><div class=\"flex_column av_one_third  no_margin flex_column_table_cell av-equal-height-column av-align-top avia-link-column av-column-link   avia-builder-el-7  el_after_av_one_third  el_before_av_one_third  column-top-margin\" style='padding:0px 30px 0px 0px ; border-radius:0px; ' data-link-column-url=\"https:\/\/puig-packaging.com\/politica-de-calidad-y-certificaciones\/\" ><a class=\"av-screen-reader-only\" href=https:\/\/puig-packaging.com\/politica-de-calidad-y-certificaciones\/ >Le site internet:Pol\u00edtica de calidad y certificaciones<\/a><div  class='avia-image-container  av-styling-  noHover  av-overlay-hover-deactivate   avia-builder-el-8  avia-builder-el-no-sibling  avia-align-center '  itemprop=\"image\" itemscope=\"itemscope\" itemtype=\"https:\/\/schema.org\/ImageObject\"  ><div class='avia-image-container-inner'><div class='avia-image-overlay-wrap'><div class='av-image-caption-overlay'><div class='av-caption-image-overlay-bg' style='opacity:0.4; background-color:#000000; '><\/div><div class='av-image-caption-overlay-position'><div class='av-image-caption-overlay-center' style='color:#ffffff; '><p>POLITIQUE DE QUALIT\u00c9 ET CERTIFICATIONS<\/p>\n<\/div><\/div><\/div><img decoding=\"async\" class='wp-image-1508 avia-img-lazy-loading-not-1508 avia_image' src=\"https:\/\/puig-packaging.com\/wp-content\/uploads\/2020\/12\/GARANTIA-DE-CALIDAD-v2.jpg\" alt='' title='GARANTIA-DE-CALIDAD-v2' height=\"800\" width=\"800\"  itemprop=\"thumbnailUrl\" srcset=\"https:\/\/puig-packaging.com\/wp-content\/uploads\/2020\/12\/GARANTIA-DE-CALIDAD-v2.jpg 800w, https:\/\/puig-packaging.com\/wp-content\/uploads\/2020\/12\/GARANTIA-DE-CALIDAD-v2-300x300.jpg 300w, https:\/\/puig-packaging.com\/wp-content\/uploads\/2020\/12\/GARANTIA-DE-CALIDAD-v2-80x80.jpg 80w, https:\/\/puig-packaging.com\/wp-content\/uploads\/2020\/12\/GARANTIA-DE-CALIDAD-v2-768x768.jpg 768w, https:\/\/puig-packaging.com\/wp-content\/uploads\/2020\/12\/GARANTIA-DE-CALIDAD-v2-36x36.jpg 36w, https:\/\/puig-packaging.com\/wp-content\/uploads\/2020\/12\/GARANTIA-DE-CALIDAD-v2-180x180.jpg 180w, https:\/\/puig-packaging.com\/wp-content\/uploads\/2020\/12\/GARANTIA-DE-CALIDAD-v2-705x705.jpg 705w, https:\/\/puig-packaging.com\/wp-content\/uploads\/2020\/12\/GARANTIA-DE-CALIDAD-v2-100x100.jpg 100w, https:\/\/puig-packaging.com\/wp-content\/uploads\/2020\/12\/GARANTIA-DE-CALIDAD-v2-600x600.jpg 600w\" sizes=\"(max-width: 800px) 100vw, 800px\" \/><\/div><\/div><\/div><\/div><div class=\"flex_column av_one_third  no_margin flex_column_table_cell av-equal-height-column av-align-top avia-link-column av-column-link   avia-builder-el-9  el_after_av_one_third  avia-builder-el-last  column-top-margin\" style='padding:0px 30px 0px 0px ; border-radius:0px; ' data-link-column-url=\"https:\/\/puig-packaging.com\/control-de-calidad-en-proceso\/\" ><a class=\"av-screen-reader-only\" href=https:\/\/puig-packaging.com\/control-de-calidad-en-proceso\/ >Le site internet:Control de calidad en proceso<\/a><div  class='avia-image-container  av-styling-  noHover  av-overlay-hover-deactivate   avia-builder-el-10  avia-builder-el-no-sibling  avia-align-center '  itemprop=\"image\" itemscope=\"itemscope\" itemtype=\"https:\/\/schema.org\/ImageObject\"  ><div class='avia-image-container-inner'><div class='avia-image-overlay-wrap'><div class='av-image-caption-overlay'><div class='av-caption-image-overlay-bg' style='opacity:0.4; background-color:#000000; '><\/div><div class='av-image-caption-overlay-position'><div class='av-image-caption-overlay-center' style='color:#ffffff; '><p>CONTR\u00d4LE DE QUALIT\u00c9 DANS LE PROCESSUS<\/p>\n<\/div><\/div><\/div><img decoding=\"async\" class='wp-image-1498 avia-img-lazy-loading-not-1498 avia_image' src=\"https:\/\/puig-packaging.com\/wp-content\/uploads\/2020\/12\/GARANTIA-DE-CALIDAD_V2.jpg\" alt='' title='GARANTIA-DE-CALIDAD_V2' height=\"800\" width=\"800\"  itemprop=\"thumbnailUrl\" srcset=\"https:\/\/puig-packaging.com\/wp-content\/uploads\/2020\/12\/GARANTIA-DE-CALIDAD_V2.jpg 800w, https:\/\/puig-packaging.com\/wp-content\/uploads\/2020\/12\/GARANTIA-DE-CALIDAD_V2-300x300.jpg 300w, https:\/\/puig-packaging.com\/wp-content\/uploads\/2020\/12\/GARANTIA-DE-CALIDAD_V2-80x80.jpg 80w, https:\/\/puig-packaging.com\/wp-content\/uploads\/2020\/12\/GARANTIA-DE-CALIDAD_V2-768x768.jpg 768w, https:\/\/puig-packaging.com\/wp-content\/uploads\/2020\/12\/GARANTIA-DE-CALIDAD_V2-36x36.jpg 36w, https:\/\/puig-packaging.com\/wp-content\/uploads\/2020\/12\/GARANTIA-DE-CALIDAD_V2-180x180.jpg 180w, https:\/\/puig-packaging.com\/wp-content\/uploads\/2020\/12\/GARANTIA-DE-CALIDAD_V2-705x705.jpg 705w, https:\/\/puig-packaging.com\/wp-content\/uploads\/2020\/12\/GARANTIA-DE-CALIDAD_V2-100x100.jpg 100w, https:\/\/puig-packaging.com\/wp-content\/uploads\/2020\/12\/GARANTIA-DE-CALIDAD_V2-600x600.jpg 600w\" sizes=\"(max-width: 800px) 100vw, 800px\" \/><\/div><\/div><\/div><\/div><\/div><!--close column table wrapper. Autoclose: 1 -->\n\n<\/div><\/div><\/main><!-- close content main element --><\/div><\/div><div id='av_section_2'  class='avia-section main_color avia-section-default avia-no-border-styling  avia-bg-style-scroll  avia-builder-el-11  el_after_av_section  el_before_av_hr   container_wrap fullsize' style=' '  ><div class='container' ><div class='template-page content  av-content-full alpha units'><div class='post-entry post-entry-type-page post-entry-1863'><div class='entry-content-wrapper clearfix'>\n<div class=\"flex_column av_one_fourth  flex_column_div av-zero-column-padding avia-link-column av-column-link first  avia-builder-el-12  el_before_av_one_fourth  avia-builder-el-first  \" style='border-radius:0px; ' data-link-column-url=\"https:\/\/puig-packaging.com\/wp-content\/uploads\/2020\/12\/19.jpg\" ><a class=\"av-screen-reader-only\" href=https:\/\/puig-packaging.com\/wp-content\/uploads\/2020\/12\/19.jpg >Suivre un lien ajout\u00e9 manuellement<\/a><p><div  class='avia-image-container  av-styling-    avia-builder-el-13  el_before_av_textblock  avia-builder-el-first  avia-align-center '  itemprop=\"image\" itemscope=\"itemscope\" itemtype=\"https:\/\/schema.org\/ImageObject\"  ><div class='avia-image-container-inner'><div class='avia-image-overlay-wrap'><img decoding=\"async\" class='wp-image-526 avia-img-lazy-loading-not-526 avia_image' src=\"https:\/\/puig-packaging.com\/wp-content\/uploads\/2020\/11\/PictosAreas-Certificado-2-PuigPackaging.png\" alt='' title='PictosAreas-Certificado-2-PuigPackaging' height=\"200\" width=\"200\"  itemprop=\"thumbnailUrl\" srcset=\"https:\/\/puig-packaging.com\/wp-content\/uploads\/2020\/11\/PictosAreas-Certificado-2-PuigPackaging.png 200w, https:\/\/puig-packaging.com\/wp-content\/uploads\/2020\/11\/PictosAreas-Certificado-2-PuigPackaging-80x80.png 80w, https:\/\/puig-packaging.com\/wp-content\/uploads\/2020\/11\/PictosAreas-Certificado-2-PuigPackaging-36x36.png 36w, https:\/\/puig-packaging.com\/wp-content\/uploads\/2020\/11\/PictosAreas-Certificado-2-PuigPackaging-180x180.png 180w, https:\/\/puig-packaging.com\/wp-content\/uploads\/2020\/11\/PictosAreas-Certificado-2-PuigPackaging-100x100.png 100w\" sizes=\"(max-width: 200px) 100vw, 200px\" \/><\/div><\/div><\/div><br \/>\n<section class=\"av_textblock_section \"  itemscope=\"itemscope\" itemtype=\"https:\/\/schema.org\/CreativeWork\" ><div class='avia_textblock  av_inherit_color '  style='color:#3a485e; '  itemprop=\"text\" ><h4 style=\"text-align: center;\">UNION EUROP\u00c9ENNE<\/h4>\n<p style=\"text-align: center;\">LA DEMANDE D&rsquo;\u00c9NERGIE<\/p>\n<\/div><\/section><\/p><\/div><div class=\"flex_column av_one_fourth  flex_column_div av-zero-column-padding avia-link-column av-column-link   avia-builder-el-15  el_after_av_one_fourth  el_before_av_one_fourth  \" style='border-radius:0px; ' data-link-column-url=\"https:\/\/puig-packaging.com\/wp-content\/uploads\/2023\/12\/Web_ICAEN_PUIG_505.pdf\" ><a class=\"av-screen-reader-only\" href=https:\/\/puig-packaging.com\/wp-content\/uploads\/2023\/12\/Web_ICAEN_PUIG_505.pdf >Suivre un lien ajout\u00e9 manuellement<\/a><p><div  class='avia-image-container  av-styling-    avia-builder-el-16  el_before_av_textblock  avia-builder-el-first  avia-align-center '  itemprop=\"image\" itemscope=\"itemscope\" itemtype=\"https:\/\/schema.org\/ImageObject\"  ><div class='avia-image-container-inner'><div class='avia-image-overlay-wrap'><img decoding=\"async\" class='wp-image-526 avia-img-lazy-loading-not-526 avia_image' src=\"https:\/\/puig-packaging.com\/wp-content\/uploads\/2020\/11\/PictosAreas-Certificado-2-PuigPackaging.png\" alt='' title='PictosAreas-Certificado-2-PuigPackaging' height=\"200\" width=\"200\"  itemprop=\"thumbnailUrl\" srcset=\"https:\/\/puig-packaging.com\/wp-content\/uploads\/2020\/11\/PictosAreas-Certificado-2-PuigPackaging.png 200w, https:\/\/puig-packaging.com\/wp-content\/uploads\/2020\/11\/PictosAreas-Certificado-2-PuigPackaging-80x80.png 80w, https:\/\/puig-packaging.com\/wp-content\/uploads\/2020\/11\/PictosAreas-Certificado-2-PuigPackaging-36x36.png 36w, https:\/\/puig-packaging.com\/wp-content\/uploads\/2020\/11\/PictosAreas-Certificado-2-PuigPackaging-180x180.png 180w, https:\/\/puig-packaging.com\/wp-content\/uploads\/2020\/11\/PictosAreas-Certificado-2-PuigPackaging-100x100.png 100w\" sizes=\"(max-width: 200px) 100vw, 200px\" \/><\/div><\/div><\/div><br \/>\n<section class=\"av_textblock_section \"  itemscope=\"itemscope\" itemtype=\"https:\/\/schema.org\/CreativeWork\" ><div class='avia_textblock  av_inherit_color '  style='color:#3a485e; '  itemprop=\"text\" ><h4 style=\"text-align: center;\">UNION EUROP\u00c9ENNE<\/h4>\n<p style=\"text-align: center;\">EXTRUSION ET CONDITIONNEMENT<\/p>\n<\/div><\/section><\/p><\/div><div class=\"flex_column av_one_fourth  flex_column_div av-zero-column-padding avia-link-column av-column-link   avia-builder-el-18  el_after_av_one_fourth  el_before_av_one_fourth  \" style='border-radius:0px; ' data-link-column-url=\"https:\/\/puig-packaging.com\/wp-content\/uploads\/2025\/10\/Web_ICAEN_PUIG_708.pdf\" ><a class=\"av-screen-reader-only\" href=https:\/\/puig-packaging.com\/wp-content\/uploads\/2025\/10\/Web_ICAEN_PUIG_708.pdf >Suivre un lien ajout\u00e9 manuellement<\/a><p><div  class='avia-image-container  av-styling-    avia-builder-el-19  el_before_av_textblock  avia-builder-el-first  avia-align-center '  itemprop=\"image\" itemscope=\"itemscope\" itemtype=\"https:\/\/schema.org\/ImageObject\"  ><div class='avia-image-container-inner'><div class='avia-image-overlay-wrap'><img decoding=\"async\" class='wp-image-526 avia-img-lazy-loading-not-526 avia_image' src=\"https:\/\/puig-packaging.com\/wp-content\/uploads\/2020\/11\/PictosAreas-Certificado-2-PuigPackaging.png\" alt='' title='PictosAreas-Certificado-2-PuigPackaging' height=\"200\" width=\"200\"  itemprop=\"thumbnailUrl\" srcset=\"https:\/\/puig-packaging.com\/wp-content\/uploads\/2020\/11\/PictosAreas-Certificado-2-PuigPackaging.png 200w, https:\/\/puig-packaging.com\/wp-content\/uploads\/2020\/11\/PictosAreas-Certificado-2-PuigPackaging-80x80.png 80w, https:\/\/puig-packaging.com\/wp-content\/uploads\/2020\/11\/PictosAreas-Certificado-2-PuigPackaging-36x36.png 36w, https:\/\/puig-packaging.com\/wp-content\/uploads\/2020\/11\/PictosAreas-Certificado-2-PuigPackaging-180x180.png 180w, https:\/\/puig-packaging.com\/wp-content\/uploads\/2020\/11\/PictosAreas-Certificado-2-PuigPackaging-100x100.png 100w\" sizes=\"(max-width: 200px) 100vw, 200px\" \/><\/div><\/div><\/div><br \/>\n<section class=\"av_textblock_section \"  itemscope=\"itemscope\" itemtype=\"https:\/\/schema.org\/CreativeWork\" ><div class='avia_textblock  av_inherit_color '  style='color:#3a485e; '  itemprop=\"text\" ><h4 style=\"text-align: center;\">UNION EUROP\u00c9ENNE<\/h4>\n<p style=\"text-align: center;\">COMPRESSEUR D&rsquo;AIR<\/p>\n<\/div><\/section><\/p><\/div><div class=\"flex_column av_one_fourth  flex_column_div av-zero-column-padding avia-link-column av-column-link   avia-builder-el-21  el_after_av_one_fourth  avia-builder-el-last  \" style='border-radius:0px; ' data-link-column-url=\"https:\/\/puig-packaging.com\/wp-content\/uploads\/2026\/02\/13_Noticia_web_PPP_85.pdf\"  data-link-column-target=\"_blank\" ><a class=\"av-screen-reader-only\" href=\"https:\/\/puig-packaging.com\/wp-content\/uploads\/2026\/02\/13_Noticia_web_PPP_85.pdf\" target=\"_blank\" rel=\"noopener\">Suivre un lien ajout\u00e9 manuellement<\/a><p><div  class='avia-image-container  av-styling-    avia-builder-el-22  el_before_av_textblock  avia-builder-el-first  avia-align-center '  itemprop=\"image\" itemscope=\"itemscope\" itemtype=\"https:\/\/schema.org\/ImageObject\"  ><div class='avia-image-container-inner'><div class='avia-image-overlay-wrap'><img decoding=\"async\" class='wp-image-526 avia-img-lazy-loading-not-526 avia_image' src=\"https:\/\/puig-packaging.com\/wp-content\/uploads\/2020\/11\/PictosAreas-Certificado-2-PuigPackaging.png\" alt='' title='PictosAreas-Certificado-2-PuigPackaging' height=\"200\" width=\"200\"  itemprop=\"thumbnailUrl\" srcset=\"https:\/\/puig-packaging.com\/wp-content\/uploads\/2020\/11\/PictosAreas-Certificado-2-PuigPackaging.png 200w, https:\/\/puig-packaging.com\/wp-content\/uploads\/2020\/11\/PictosAreas-Certificado-2-PuigPackaging-80x80.png 80w, https:\/\/puig-packaging.com\/wp-content\/uploads\/2020\/11\/PictosAreas-Certificado-2-PuigPackaging-36x36.png 36w, https:\/\/puig-packaging.com\/wp-content\/uploads\/2020\/11\/PictosAreas-Certificado-2-PuigPackaging-180x180.png 180w, https:\/\/puig-packaging.com\/wp-content\/uploads\/2020\/11\/PictosAreas-Certificado-2-PuigPackaging-100x100.png 100w\" sizes=\"(max-width: 200px) 100vw, 200px\" \/><\/div><\/div><\/div><br \/>\n<section class=\"av_textblock_section \"  itemscope=\"itemscope\" itemtype=\"https:\/\/schema.org\/CreativeWork\" ><div class='avia_textblock  av_inherit_color '  style='color:#3a485e; '  itemprop=\"text\" ><h4 style=\"text-align: center;\">UNION EUROP\u00c9ENNE<\/h4>\n<p style=\"text-align: center;\">MACHINE D&rsquo;EXTRUSION-SOUFFLAGE<\/p>\n<\/div><\/section><\/p><\/div><\/div><\/div><\/div><!-- close content main div --><\/div><\/div><div id='after_section_2'  class='main_color av_default_container_wrap container_wrap fullsize' style=' '  ><div class='container' ><div class='template-page content  av-content-full alpha units'><div class='post-entry post-entry-type-page post-entry-1863'><div class='entry-content-wrapper clearfix'><div  style='height:40px' class='hr hr-invisible   avia-builder-el-24  el_after_av_section  avia-builder-el-no-sibling '><span class='hr-inner ' ><span class='hr-inner-style'><\/span><\/span><\/div><\/p>\n","protected":false},"excerpt":{"rendered":"","protected":false},"author":1,"featured_media":0,"parent":0,"menu_order":0,"comment_status":"closed","ping_status":"closed","template":"","meta":{"footnotes":""},"class_list":["post-1863","page","type-page","status-publish","hentry"],"yoast_head":"<!-- This site is optimized with the Yoast SEO plugin v26.2 - https:\/\/yoast.com\/wordpress\/plugins\/seo\/ -->\n<title>Garantie de Qualit\u00e9 - Plastiques Puig<\/title>\n<meta name=\"robots\" content=\"index, follow, max-snippet:-1, max-image-preview:large, max-video-preview:-1\" \/>\n<link rel=\"canonical\" href=\"https:\/\/puig-packaging.com\/fr\/garantie-de-qualite\/\" \/>\n<meta property=\"og:locale\" content=\"fr_FR\" \/>\n<meta property=\"og:type\" content=\"article\" \/>\n<meta property=\"og:title\" content=\"Garantie de Qualit\u00e9 - Plastiques Puig\" \/>\n<meta property=\"og:url\" content=\"https:\/\/puig-packaging.com\/fr\/garantie-de-qualite\/\" \/>\n<meta property=\"og:site_name\" content=\"Plastiques Puig\" \/>\n<meta property=\"article:modified_time\" content=\"2026-02-03T08:34:53+00:00\" \/>\n<meta name=\"twitter:card\" content=\"summary_large_image\" \/>\n<meta name=\"twitter:label1\" content=\"Dur\u00e9e de lecture estim\u00e9e\" \/>\n\t<meta name=\"twitter:data1\" content=\"5 minutes\" \/>\n<script type=\"application\/ld+json\" class=\"yoast-schema-graph\">{\"@context\":\"https:\/\/schema.org\",\"@graph\":[{\"@type\":\"WebPage\",\"@id\":\"https:\/\/puig-packaging.com\/fr\/garantie-de-qualite\/\",\"url\":\"https:\/\/puig-packaging.com\/fr\/garantie-de-qualite\/\",\"name\":\"Garantie de Qualit\u00e9 - Plastiques Puig\",\"isPartOf\":{\"@id\":\"https:\/\/puig-packaging.com\/fr\/#website\"},\"datePublished\":\"2020-12-14T16:27:21+00:00\",\"dateModified\":\"2026-02-03T08:34:53+00:00\",\"breadcrumb\":{\"@id\":\"https:\/\/puig-packaging.com\/fr\/garantie-de-qualite\/#breadcrumb\"},\"inLanguage\":\"fr-FR\",\"potentialAction\":[{\"@type\":\"ReadAction\",\"target\":[\"https:\/\/puig-packaging.com\/fr\/garantie-de-qualite\/\"]}]},{\"@type\":\"BreadcrumbList\",\"@id\":\"https:\/\/puig-packaging.com\/fr\/garantie-de-qualite\/#breadcrumb\",\"itemListElement\":[{\"@type\":\"ListItem\",\"position\":1,\"name\":\"Portada\",\"item\":\"https:\/\/puig-packaging.com\/fr\/home\/\"},{\"@type\":\"ListItem\",\"position\":2,\"name\":\"Garantie de Qualit\u00e9\"}]},{\"@type\":\"WebSite\",\"@id\":\"https:\/\/puig-packaging.com\/fr\/#website\",\"url\":\"https:\/\/puig-packaging.com\/fr\/\",\"name\":\"Plastiques Puig\",\"description\":\"Just another WordPress site\",\"potentialAction\":[{\"@type\":\"SearchAction\",\"target\":{\"@type\":\"EntryPoint\",\"urlTemplate\":\"https:\/\/puig-packaging.com\/fr\/?s={search_term_string}\"},\"query-input\":{\"@type\":\"PropertyValueSpecification\",\"valueRequired\":true,\"valueName\":\"search_term_string\"}}],\"inLanguage\":\"fr-FR\"}]}<\/script>\n<!-- \/ Yoast SEO plugin. -->","yoast_head_json":{"title":"Garantie de Qualit\u00e9 - Plastiques Puig","robots":{"index":"index","follow":"follow","max-snippet":"max-snippet:-1","max-image-preview":"max-image-preview:large","max-video-preview":"max-video-preview:-1"},"canonical":"https:\/\/puig-packaging.com\/fr\/garantie-de-qualite\/","og_locale":"fr_FR","og_type":"article","og_title":"Garantie de Qualit\u00e9 - Plastiques Puig","og_url":"https:\/\/puig-packaging.com\/fr\/garantie-de-qualite\/","og_site_name":"Plastiques Puig","article_modified_time":"2026-02-03T08:34:53+00:00","twitter_card":"summary_large_image","twitter_misc":{"Dur\u00e9e de lecture estim\u00e9e":"5 minutes"},"schema":{"@context":"https:\/\/schema.org","@graph":[{"@type":"WebPage","@id":"https:\/\/puig-packaging.com\/fr\/garantie-de-qualite\/","url":"https:\/\/puig-packaging.com\/fr\/garantie-de-qualite\/","name":"Garantie de Qualit\u00e9 - Plastiques Puig","isPartOf":{"@id":"https:\/\/puig-packaging.com\/fr\/#website"},"datePublished":"2020-12-14T16:27:21+00:00","dateModified":"2026-02-03T08:34:53+00:00","breadcrumb":{"@id":"https:\/\/puig-packaging.com\/fr\/garantie-de-qualite\/#breadcrumb"},"inLanguage":"fr-FR","potentialAction":[{"@type":"ReadAction","target":["https:\/\/puig-packaging.com\/fr\/garantie-de-qualite\/"]}]},{"@type":"BreadcrumbList","@id":"https:\/\/puig-packaging.com\/fr\/garantie-de-qualite\/#breadcrumb","itemListElement":[{"@type":"ListItem","position":1,"name":"Portada","item":"https:\/\/puig-packaging.com\/fr\/home\/"},{"@type":"ListItem","position":2,"name":"Garantie de Qualit\u00e9"}]},{"@type":"WebSite","@id":"https:\/\/puig-packaging.com\/fr\/#website","url":"https:\/\/puig-packaging.com\/fr\/","name":"Plastiques Puig","description":"Just another WordPress site","potentialAction":[{"@type":"SearchAction","target":{"@type":"EntryPoint","urlTemplate":"https:\/\/puig-packaging.com\/fr\/?s={search_term_string}"},"query-input":{"@type":"PropertyValueSpecification","valueRequired":true,"valueName":"search_term_string"}}],"inLanguage":"fr-FR"}]}},"_links":{"self":[{"href":"https:\/\/puig-packaging.com\/fr\/wp-json\/wp\/v2\/pages\/1863","targetHints":{"allow":["GET"]}}],"collection":[{"href":"https:\/\/puig-packaging.com\/fr\/wp-json\/wp\/v2\/pages"}],"about":[{"href":"https:\/\/puig-packaging.com\/fr\/wp-json\/wp\/v2\/types\/page"}],"author":[{"embeddable":true,"href":"https:\/\/puig-packaging.com\/fr\/wp-json\/wp\/v2\/users\/1"}],"replies":[{"embeddable":true,"href":"https:\/\/puig-packaging.com\/fr\/wp-json\/wp\/v2\/comments?post=1863"}],"version-history":[{"count":5,"href":"https:\/\/puig-packaging.com\/fr\/wp-json\/wp\/v2\/pages\/1863\/revisions"}],"predecessor-version":[{"id":3988,"href":"https:\/\/puig-packaging.com\/fr\/wp-json\/wp\/v2\/pages\/1863\/revisions\/3988"}],"wp:attachment":[{"href":"https:\/\/puig-packaging.com\/fr\/wp-json\/wp\/v2\/media?parent=1863"}],"curies":[{"name":"wp","href":"https:\/\/api.w.org\/{rel}","templated":true}]}}