{"id":1856,"date":"2020-12-18T08:51:50","date_gmt":"2020-12-18T08:51:50","guid":{"rendered":"https:\/\/puig.clonica.net\/politica-de-calidad-y-certificaciones\/"},"modified":"2026-02-23T13:05:45","modified_gmt":"2026-02-23T13:05:45","slug":"politique-de-qualite-et-certifications","status":"publish","type":"page","link":"https:\/\/puig-packaging.com\/fr\/politique-de-qualite-et-certifications\/","title":{"rendered":"Politique de qualit\u00e9 et certifications"},"content":{"rendered":"<div id='av_section_1'  class='avia-section main_color avia-section-default avia-no-border-styling  avia-bg-style-scroll  avia-builder-el-0  avia-builder-el-no-sibling   container_wrap fullsize' style=' '  ><div class='container' ><main  role=\"main\" itemprop=\"mainContentOfPage\"  class='template-page content  av-content-full alpha units'><div class='post-entry post-entry-type-page post-entry-1856'><div class='entry-content-wrapper clearfix'>\n<div   data-size='featured'  data-lightbox_size='large'  data-animation='slide'  data-conditional_play=''  data-ids='1689'  data-video_counter='0'  data-autoplay='false'  data-bg_slider='false'  data-slide_height=''  data-handle='av_slideshow'  data-interval='5'  data-class=' avia-builder-el-1  el_before_av_slideshow  avia-builder-el-first   av-small-hide av-mini-hide'  data-el_id=''  data-css_id=''  data-scroll_down=''  data-control_layout='av-control-default'  data-custom_markup=''  data-perma_caption=''  data-autoplay_stopper=''  data-image_attachment=''  data-min_height='0px'  data-lazy_loading='disabled'  data-default-height='28.666666666667'  class='avia-slideshow avia-slideshow-1  av-control-default av-default-height-applied avia-slideshow-featured av_slideshow  avia-builder-el-1  el_before_av_slideshow  avia-builder-el-first   av-small-hide av-mini-hide avia-slide-slider '  itemprop=\"image\" itemscope=\"itemscope\" itemtype=\"https:\/\/schema.org\/ImageObject\" ><ul class='avia-slideshow-inner ' style='padding-bottom: 28%;' ><li  class=' av-single-slide slide-1 ' ><div data-rel='slideshow-1' class='avia-slide-wrap '   ><img decoding=\"async\" class=\"wp-image-1689 avia-img-lazy-loading-not-1689\"  src=\"https:\/\/puig-packaging.com\/wp-content\/uploads\/2020\/12\/SLIDER-GARANTIA-CALIDAD-2.jpg\" width=\"1500\" height=\"420\" title='SLIDER-GARANTIA-CALIDAD-2' alt=''  itemprop=\"thumbnailUrl\" srcset=\"https:\/\/puig-packaging.com\/wp-content\/uploads\/2020\/12\/SLIDER-GARANTIA-CALIDAD-2.jpg 1500w, https:\/\/puig-packaging.com\/wp-content\/uploads\/2020\/12\/SLIDER-GARANTIA-CALIDAD-2-300x84.jpg 300w, https:\/\/puig-packaging.com\/wp-content\/uploads\/2020\/12\/SLIDER-GARANTIA-CALIDAD-2-1030x288.jpg 1030w, https:\/\/puig-packaging.com\/wp-content\/uploads\/2020\/12\/SLIDER-GARANTIA-CALIDAD-2-768x215.jpg 768w, https:\/\/puig-packaging.com\/wp-content\/uploads\/2020\/12\/SLIDER-GARANTIA-CALIDAD-2-705x197.jpg 705w, https:\/\/puig-packaging.com\/wp-content\/uploads\/2020\/12\/SLIDER-GARANTIA-CALIDAD-2-600x168.jpg 600w\" sizes=\"(max-width: 1500px) 100vw, 1500px\" \/><\/div><\/li><\/ul><\/div>\n<div   data-size='featured'  data-lightbox_size='large'  data-animation='slide'  data-conditional_play=''  data-ids='1110'  data-video_counter='0'  data-autoplay='false'  data-bg_slider='false'  data-slide_height=''  data-handle='av_slideshow'  data-interval='5'  data-class=' avia-builder-el-2  el_after_av_slideshow  el_before_av_one_full   av-desktop-hide av-medium-hide'  data-el_id=''  data-css_id=''  data-scroll_down=''  data-control_layout='av-control-default'  data-custom_markup=''  data-perma_caption=''  data-autoplay_stopper=''  data-image_attachment=''  data-min_height='0px'  data-lazy_loading='disabled'  data-default-height='28.666666666667'  class='avia-slideshow avia-slideshow-2  av-control-default av-default-height-applied avia-slideshow-featured av_slideshow  avia-builder-el-2  el_after_av_slideshow  el_before_av_one_full   av-desktop-hide av-medium-hide avia-slide-slider '  itemprop=\"image\" itemscope=\"itemscope\" itemtype=\"https:\/\/schema.org\/ImageObject\" ><ul class='avia-slideshow-inner ' style='padding-bottom: 71.666666666667%;' ><li  class=' av-single-slide slide-1 ' ><div data-rel='slideshow-2' class='avia-slide-wrap '   ><img decoding=\"async\" class=\"wp-image-1110 avia-img-lazy-loading-not-1110\"  src=\"https:\/\/puig-packaging.com\/wp-content\/uploads\/2020\/12\/Fotoservicios-PuigPackaging-MVL-600x430.jpg\" width=\"600\" height=\"430\" title='Fotoservicios-PuigPackaging-MVL' alt=''  itemprop=\"thumbnailUrl\" srcset=\"https:\/\/puig-packaging.com\/wp-content\/uploads\/2020\/12\/Fotoservicios-PuigPackaging-MVL-600x430.jpg 600w, https:\/\/puig-packaging.com\/wp-content\/uploads\/2020\/12\/Fotoservicios-PuigPackaging-MVL-260x185.jpg 260w\" sizes=\"(max-width: 600px) 100vw, 600px\" \/><\/div><\/li><\/ul><\/div>\n<div class=\"flex_column av_one_full  flex_column_div av-zero-column-padding first  avia-builder-el-3  el_after_av_slideshow  el_before_av_hr  \" style='border-radius:0px; '><section class=\"av_textblock_section \"  itemscope=\"itemscope\" itemtype=\"https:\/\/schema.org\/CreativeWork\" ><div class='avia_textblock  av_inherit_color '  style='color:#828282; '  itemprop=\"text\" ><h1 style=\"text-align: center; font-weight: 500;\">POLITIQUE DE QUALIT\u00c9 ET CERTIFICATIONS<\/h1>\n<\/div><\/section><br \/>\n<div  style=' margin-top:0px; margin-bottom:30px;'  class='hr hr-custom hr-center hr-icon-no   avia-builder-el-5  el_after_av_textblock  el_before_av_textblock '><span class='hr-inner  inner-border-av-border-fat' style=' width:50px; border-color:#828282;' ><span class='hr-inner-style'><\/span><\/span><\/div><br \/>\n<section class=\"av_textblock_section \"  itemscope=\"itemscope\" itemtype=\"https:\/\/schema.org\/CreativeWork\" ><div class='avia_textblock  '  style='font-size:15px; '  itemprop=\"text\" ><p class=\"p1\" style=\"text-align: center;\">Puig Packaging (PPP) est une entreprise familiale sp\u00e9cialis\u00e9e dans la fabrication globale de conditionnement primaire d&#8217;emballages en plastique (PEHD, PP) pour les entreprises de l&rsquo;industrie pharmaceutique et du secteur de la cosm\u00e9tique.<\/p>\n<p class=\"p1\" style=\"text-align: center;\">Depuis l&rsquo;obtention de sa premi\u00e8re certification ISO 1991PPP le 23 novembre 2000, l&rsquo;entreprise PPP manifeste son engagement permanent en faveur de la mise au point et de l&rsquo;implantation du syst\u00e8me de management de la qualit\u00e9 (SMQ), ainsi que de l&rsquo;am\u00e9lioration continue de son efficacit\u00e9.<\/p>\n<p class=\"p1\" style=\"text-align: center;\"><strong>L&rsquo;entreprise a plac\u00e9 les valeurs suivantes au centre de son management :\u00a0<\/strong><\/p>\n<p class=\"p1\" style=\"text-align: center;\"><strong>\u2022Une exp\u00e9rience de plus de 25 ans dans le secteur ;<br \/>\n<\/strong><strong>\u2022Sa versatilit\u00e9 et capacit\u00e9 d&rsquo;adaptation aux\u00a0 besoins du client ;<br \/>\n<\/strong><strong>\u2022Son respect des d\u00e9lais ;<br \/>\n<\/strong><strong>\u2022Un investissement continu en innovation, qualit\u00e9 et formation.\u00a0<\/strong><\/p>\n<p class=\"p1\" style=\"text-align: center;\">L&rsquo;objectif strat\u00e9gique vis\u00e9 par PPP est, d&rsquo;une part, de maintenir les secteurs traditionnels de l&rsquo;entreprise et de s&rsquo;orienter vers l&rsquo;industrie v\u00e9t\u00e9rinaire, le secteur di\u00e9t\u00e9tique et la biotechnologie et, d&rsquo;autre part, de consolider sa pr\u00e9sence internationale dans le sud de l&rsquo;Europe et dans les pays du nord de l&rsquo;Afrique.<\/p>\n<p class=\"p1\" style=\"text-align: center;\">Pour pouvoir atteindre ses objectifs, PPP articule sa mission autour des principes suivants :<\/p>\n<p class=\"p1\" style=\"text-align: center;\">&#8211; Obtenir la satisfaction du client \u00e0 travers la correcte captation de ses besoins et de ses attentes,\u00a0pour les transmettre ensuite \u00e0 tous les d\u00e9partements de l&rsquo;entreprise ;<\/p>\n<p class=\"p1\" style=\"text-align: center;\">&#8211; Concevoir et mettre au point des produits qui r\u00e9pondent aux besoins des clients et qui soient conformes \u00e0 la l\u00e9gislation en vigueur ;<\/p>\n<p class=\"p1\" style=\"text-align: center;\">&#8211; \u00catre une r\u00e9f\u00e9rence dans le secteur : PPP est une entreprise qui travaille avec un syst\u00e8me de qualit\u00e9 conforme \u00e0 la norme ISO 9001\/2015 ,\u00e0 la norme ISO 15378 et aux principes des BPF ;<\/p>\n<p class=\"p1\" style=\"text-align: center;\">&#8211; Garantir le succ\u00e8s de son projet d&rsquo;entreprise en orientant son management vers l&rsquo;am\u00e9lioration constante des processus afin de satisfaire et de surpasser les attentes de ses clients ;<\/p>\n<p class=\"p1\" style=\"text-align: center;\">&#8211; Favoriser le d\u00e9veloppement professionnel de son personnel par la promotion de la responsabilit\u00e9 et de la formation continue ;<\/p>\n<p class=\"p1\" style=\"text-align: center;\">&#8211; Prot\u00e9ger et respecter l&rsquo;environnement par le biais de la gestion responsable des ressources n\u00e9cessaires et des r\u00e9sidus g\u00e9n\u00e9r\u00e9s.<\/p>\n<\/div><\/section><\/p><\/div><div  style='height:40px' class='hr hr-invisible   avia-builder-el-7  el_after_av_one_full  el_before_av_one_fifth '><span class='hr-inner ' ><span class='hr-inner-style'><\/span><\/span><\/div>\n<div class=\"flex_column av_one_fifth  flex_column_div av-zero-column-padding first  avia-builder-el-8  el_after_av_hr  el_before_av_one_fifth  \" style='border-radius:0px; '><\/div><div class=\"flex_column av_one_fifth  flex_column_div av-zero-column-padding avia-link-column av-column-link   avia-builder-el-9  el_after_av_one_fifth  el_before_av_one_fifth  \" style='border-radius:0px; ' data-link-column-url=\"https:\/\/puig-packaging.com\/wp-content\/uploads\/2023\/11\/Polica-calidad-france\u0301s_oct23.pdf\" ><a class=\"av-screen-reader-only\" href=https:\/\/puig-packaging.com\/wp-content\/uploads\/2023\/11\/Polica-calidad-france\u0301s_oct23.pdf >Suivre un lien ajout\u00e9 manuellement<\/a><p><div  class='avia-image-container  av-styling-    avia-builder-el-10  el_before_av_textblock  avia-builder-el-first  avia-align-center '  itemprop=\"image\" itemscope=\"itemscope\" itemtype=\"https:\/\/schema.org\/ImageObject\"  ><div class='avia-image-container-inner'><div class='avia-image-overlay-wrap'><img decoding=\"async\" class='wp-image-526 avia-img-lazy-loading-not-526 avia_image' src=\"https:\/\/puig-packaging.com\/wp-content\/uploads\/2020\/11\/PictosAreas-Certificado-2-PuigPackaging.png\" alt='' title='PictosAreas-Certificado-2-PuigPackaging' height=\"200\" width=\"200\"  itemprop=\"thumbnailUrl\" srcset=\"https:\/\/puig-packaging.com\/wp-content\/uploads\/2020\/11\/PictosAreas-Certificado-2-PuigPackaging.png 200w, https:\/\/puig-packaging.com\/wp-content\/uploads\/2020\/11\/PictosAreas-Certificado-2-PuigPackaging-80x80.png 80w, https:\/\/puig-packaging.com\/wp-content\/uploads\/2020\/11\/PictosAreas-Certificado-2-PuigPackaging-36x36.png 36w, https:\/\/puig-packaging.com\/wp-content\/uploads\/2020\/11\/PictosAreas-Certificado-2-PuigPackaging-180x180.png 180w, https:\/\/puig-packaging.com\/wp-content\/uploads\/2020\/11\/PictosAreas-Certificado-2-PuigPackaging-100x100.png 100w\" sizes=\"(max-width: 200px) 100vw, 200px\" \/><\/div><\/div><\/div><br \/>\n<section class=\"av_textblock_section \"  itemscope=\"itemscope\" itemtype=\"https:\/\/schema.org\/CreativeWork\" ><div class='avia_textblock  av_inherit_color '  style='color:#3a485e; '  itemprop=\"text\" ><h4 style=\"text-align: center;\">POLITIQUE DE<br \/>\nQUALIT\u00c9<\/h4>\n<\/div><\/section><\/p><\/div><div class=\"flex_column av_one_fifth  flex_column_div av-zero-column-padding avia-link-column av-column-link   avia-builder-el-12  el_after_av_one_fifth  el_before_av_one_fifth  \" style='border-radius:0px; ' data-link-column-url=\"https:\/\/puig-packaging.com\/wp-content\/uploads\/2026\/02\/25578019-BUP-PLASTICAS-PUIG-ESPANOL.pdf\"  data-link-column-target=\"_blank\" ><a class=\"av-screen-reader-only\" href=\"https:\/\/puig-packaging.com\/wp-content\/uploads\/2026\/02\/25578019-BUP-PLASTICAS-PUIG-ESPANOL.pdf\" target=\"_blank\" rel=\"noopener\">Suivre un lien ajout\u00e9 manuellement<\/a><p><div  class='avia-image-container  av-styling-    avia-builder-el-13  el_before_av_textblock  avia-builder-el-first  avia-align-center '  itemprop=\"image\" itemscope=\"itemscope\" itemtype=\"https:\/\/schema.org\/ImageObject\"  ><div class='avia-image-container-inner'><div class='avia-image-overlay-wrap'><img decoding=\"async\" class='wp-image-526 avia-img-lazy-loading-not-526 avia_image' src=\"https:\/\/puig-packaging.com\/wp-content\/uploads\/2020\/11\/PictosAreas-Certificado-2-PuigPackaging.png\" alt='' title='PictosAreas-Certificado-2-PuigPackaging' height=\"200\" width=\"200\"  itemprop=\"thumbnailUrl\" srcset=\"https:\/\/puig-packaging.com\/wp-content\/uploads\/2020\/11\/PictosAreas-Certificado-2-PuigPackaging.png 200w, https:\/\/puig-packaging.com\/wp-content\/uploads\/2020\/11\/PictosAreas-Certificado-2-PuigPackaging-80x80.png 80w, https:\/\/puig-packaging.com\/wp-content\/uploads\/2020\/11\/PictosAreas-Certificado-2-PuigPackaging-36x36.png 36w, https:\/\/puig-packaging.com\/wp-content\/uploads\/2020\/11\/PictosAreas-Certificado-2-PuigPackaging-180x180.png 180w, https:\/\/puig-packaging.com\/wp-content\/uploads\/2020\/11\/PictosAreas-Certificado-2-PuigPackaging-100x100.png 100w\" sizes=\"(max-width: 200px) 100vw, 200px\" \/><\/div><\/div><\/div><br \/>\n<section class=\"av_textblock_section \"  itemscope=\"itemscope\" itemtype=\"https:\/\/schema.org\/CreativeWork\" ><div class='avia_textblock  av_inherit_color '  style='color:#3a485e; '  itemprop=\"text\" ><h4 style=\"text-align: center;\">ISO<br \/>\n9001:2015<\/h4>\n<\/div><\/section><\/p><\/div><div class=\"flex_column av_one_fifth  flex_column_div av-zero-column-padding avia-link-column av-column-link   avia-builder-el-15  el_after_av_one_fifth  el_before_av_one_fifth  \" style='border-radius:0px; ' data-link-column-url=\"https:\/\/puig-packaging.com\/wp-content\/uploads\/2026\/02\/25578100-ISO-15378-PLASTICAS-PUIG-PACKAGING-S.L.-frances.pdf\"  data-link-column-target=\"_blank\" ><a class=\"av-screen-reader-only\" href=\"https:\/\/puig-packaging.com\/wp-content\/uploads\/2026\/02\/25578100-ISO-15378-PLASTICAS-PUIG-PACKAGING-S.L.-frances.pdf\" target=\"_blank\" rel=\"noopener\">Suivre un lien ajout\u00e9 manuellement<\/a><p><div  class='avia-image-container  av-styling-    avia-builder-el-16  el_before_av_textblock  avia-builder-el-first  avia-align-center '  itemprop=\"image\" itemscope=\"itemscope\" itemtype=\"https:\/\/schema.org\/ImageObject\"  ><div class='avia-image-container-inner'><div class='avia-image-overlay-wrap'><img decoding=\"async\" class='wp-image-526 avia-img-lazy-loading-not-526 avia_image' src=\"https:\/\/puig-packaging.com\/wp-content\/uploads\/2020\/11\/PictosAreas-Certificado-2-PuigPackaging.png\" alt='' title='PictosAreas-Certificado-2-PuigPackaging' height=\"200\" width=\"200\"  itemprop=\"thumbnailUrl\" srcset=\"https:\/\/puig-packaging.com\/wp-content\/uploads\/2020\/11\/PictosAreas-Certificado-2-PuigPackaging.png 200w, https:\/\/puig-packaging.com\/wp-content\/uploads\/2020\/11\/PictosAreas-Certificado-2-PuigPackaging-80x80.png 80w, https:\/\/puig-packaging.com\/wp-content\/uploads\/2020\/11\/PictosAreas-Certificado-2-PuigPackaging-36x36.png 36w, https:\/\/puig-packaging.com\/wp-content\/uploads\/2020\/11\/PictosAreas-Certificado-2-PuigPackaging-180x180.png 180w, https:\/\/puig-packaging.com\/wp-content\/uploads\/2020\/11\/PictosAreas-Certificado-2-PuigPackaging-100x100.png 100w\" sizes=\"(max-width: 200px) 100vw, 200px\" \/><\/div><\/div><\/div><br \/>\n<section class=\"av_textblock_section \"  itemscope=\"itemscope\" itemtype=\"https:\/\/schema.org\/CreativeWork\" ><div class='avia_textblock  av_inherit_color '  style='color:#3a485e; '  itemprop=\"text\" ><h4 style=\"text-align: center;\">ISO<br \/>\n15378:2017<\/h4>\n<\/div><\/section><\/p><\/div><div class=\"flex_column av_one_fifth  flex_column_div av-zero-column-padding   avia-builder-el-18  el_after_av_one_fifth  avia-builder-el-last  \" style='border-radius:0px; '><\/div>\n","protected":false},"excerpt":{"rendered":"","protected":false},"author":1,"featured_media":0,"parent":0,"menu_order":0,"comment_status":"closed","ping_status":"closed","template":"","meta":{"footnotes":""},"class_list":["post-1856","page","type-page","status-publish","hentry"],"yoast_head":"<!-- This site is optimized with the Yoast SEO plugin v26.2 - https:\/\/yoast.com\/wordpress\/plugins\/seo\/ -->\n<title>Politique de qualit\u00e9 et certifications - Plastiques Puig<\/title>\n<meta name=\"robots\" content=\"index, follow, max-snippet:-1, max-image-preview:large, max-video-preview:-1\" \/>\n<link rel=\"canonical\" href=\"https:\/\/puig-packaging.com\/fr\/politique-de-qualite-et-certifications\/\" \/>\n<meta property=\"og:locale\" content=\"fr_FR\" \/>\n<meta property=\"og:type\" content=\"article\" \/>\n<meta property=\"og:title\" content=\"Politique de qualit\u00e9 et certifications - Plastiques Puig\" \/>\n<meta property=\"og:url\" content=\"https:\/\/puig-packaging.com\/fr\/politique-de-qualite-et-certifications\/\" \/>\n<meta property=\"og:site_name\" content=\"Plastiques Puig\" \/>\n<meta property=\"article:modified_time\" content=\"2026-02-23T13:05:45+00:00\" \/>\n<meta name=\"twitter:card\" content=\"summary_large_image\" \/>\n<meta name=\"twitter:label1\" content=\"Dur\u00e9e de lecture estim\u00e9e\" \/>\n\t<meta name=\"twitter:data1\" content=\"4 minutes\" \/>\n<script type=\"application\/ld+json\" class=\"yoast-schema-graph\">{\"@context\":\"https:\/\/schema.org\",\"@graph\":[{\"@type\":\"WebPage\",\"@id\":\"https:\/\/puig-packaging.com\/fr\/politique-de-qualite-et-certifications\/\",\"url\":\"https:\/\/puig-packaging.com\/fr\/politique-de-qualite-et-certifications\/\",\"name\":\"Politique de qualit\u00e9 et certifications - Plastiques Puig\",\"isPartOf\":{\"@id\":\"https:\/\/puig-packaging.com\/fr\/#website\"},\"datePublished\":\"2020-12-18T08:51:50+00:00\",\"dateModified\":\"2026-02-23T13:05:45+00:00\",\"breadcrumb\":{\"@id\":\"https:\/\/puig-packaging.com\/fr\/politique-de-qualite-et-certifications\/#breadcrumb\"},\"inLanguage\":\"fr-FR\",\"potentialAction\":[{\"@type\":\"ReadAction\",\"target\":[\"https:\/\/puig-packaging.com\/fr\/politique-de-qualite-et-certifications\/\"]}]},{\"@type\":\"BreadcrumbList\",\"@id\":\"https:\/\/puig-packaging.com\/fr\/politique-de-qualite-et-certifications\/#breadcrumb\",\"itemListElement\":[{\"@type\":\"ListItem\",\"position\":1,\"name\":\"Portada\",\"item\":\"https:\/\/puig-packaging.com\/fr\/home\/\"},{\"@type\":\"ListItem\",\"position\":2,\"name\":\"Politique de qualit\u00e9 et certifications\"}]},{\"@type\":\"WebSite\",\"@id\":\"https:\/\/puig-packaging.com\/fr\/#website\",\"url\":\"https:\/\/puig-packaging.com\/fr\/\",\"name\":\"Plastiques Puig\",\"description\":\"Just another WordPress site\",\"potentialAction\":[{\"@type\":\"SearchAction\",\"target\":{\"@type\":\"EntryPoint\",\"urlTemplate\":\"https:\/\/puig-packaging.com\/fr\/?s={search_term_string}\"},\"query-input\":{\"@type\":\"PropertyValueSpecification\",\"valueRequired\":true,\"valueName\":\"search_term_string\"}}],\"inLanguage\":\"fr-FR\"}]}<\/script>\n<!-- \/ Yoast SEO plugin. -->","yoast_head_json":{"title":"Politique de qualit\u00e9 et certifications - Plastiques Puig","robots":{"index":"index","follow":"follow","max-snippet":"max-snippet:-1","max-image-preview":"max-image-preview:large","max-video-preview":"max-video-preview:-1"},"canonical":"https:\/\/puig-packaging.com\/fr\/politique-de-qualite-et-certifications\/","og_locale":"fr_FR","og_type":"article","og_title":"Politique de qualit\u00e9 et certifications - Plastiques Puig","og_url":"https:\/\/puig-packaging.com\/fr\/politique-de-qualite-et-certifications\/","og_site_name":"Plastiques Puig","article_modified_time":"2026-02-23T13:05:45+00:00","twitter_card":"summary_large_image","twitter_misc":{"Dur\u00e9e de lecture estim\u00e9e":"4 minutes"},"schema":{"@context":"https:\/\/schema.org","@graph":[{"@type":"WebPage","@id":"https:\/\/puig-packaging.com\/fr\/politique-de-qualite-et-certifications\/","url":"https:\/\/puig-packaging.com\/fr\/politique-de-qualite-et-certifications\/","name":"Politique de qualit\u00e9 et certifications - Plastiques Puig","isPartOf":{"@id":"https:\/\/puig-packaging.com\/fr\/#website"},"datePublished":"2020-12-18T08:51:50+00:00","dateModified":"2026-02-23T13:05:45+00:00","breadcrumb":{"@id":"https:\/\/puig-packaging.com\/fr\/politique-de-qualite-et-certifications\/#breadcrumb"},"inLanguage":"fr-FR","potentialAction":[{"@type":"ReadAction","target":["https:\/\/puig-packaging.com\/fr\/politique-de-qualite-et-certifications\/"]}]},{"@type":"BreadcrumbList","@id":"https:\/\/puig-packaging.com\/fr\/politique-de-qualite-et-certifications\/#breadcrumb","itemListElement":[{"@type":"ListItem","position":1,"name":"Portada","item":"https:\/\/puig-packaging.com\/fr\/home\/"},{"@type":"ListItem","position":2,"name":"Politique de qualit\u00e9 et certifications"}]},{"@type":"WebSite","@id":"https:\/\/puig-packaging.com\/fr\/#website","url":"https:\/\/puig-packaging.com\/fr\/","name":"Plastiques Puig","description":"Just another WordPress site","potentialAction":[{"@type":"SearchAction","target":{"@type":"EntryPoint","urlTemplate":"https:\/\/puig-packaging.com\/fr\/?s={search_term_string}"},"query-input":{"@type":"PropertyValueSpecification","valueRequired":true,"valueName":"search_term_string"}}],"inLanguage":"fr-FR"}]}},"_links":{"self":[{"href":"https:\/\/puig-packaging.com\/fr\/wp-json\/wp\/v2\/pages\/1856","targetHints":{"allow":["GET"]}}],"collection":[{"href":"https:\/\/puig-packaging.com\/fr\/wp-json\/wp\/v2\/pages"}],"about":[{"href":"https:\/\/puig-packaging.com\/fr\/wp-json\/wp\/v2\/types\/page"}],"author":[{"embeddable":true,"href":"https:\/\/puig-packaging.com\/fr\/wp-json\/wp\/v2\/users\/1"}],"replies":[{"embeddable":true,"href":"https:\/\/puig-packaging.com\/fr\/wp-json\/wp\/v2\/comments?post=1856"}],"version-history":[{"count":10,"href":"https:\/\/puig-packaging.com\/fr\/wp-json\/wp\/v2\/pages\/1856\/revisions"}],"predecessor-version":[{"id":4005,"href":"https:\/\/puig-packaging.com\/fr\/wp-json\/wp\/v2\/pages\/1856\/revisions\/4005"}],"wp:attachment":[{"href":"https:\/\/puig-packaging.com\/fr\/wp-json\/wp\/v2\/media?parent=1856"}],"curies":[{"name":"wp","href":"https:\/\/api.w.org\/{rel}","templated":true}]}}