{"id":1854,"date":"2020-12-18T10:00:34","date_gmt":"2020-12-18T10:00:34","guid":{"rendered":"https:\/\/puig.clonica.net\/control-de-calidad-en-proceso\/"},"modified":"2021-01-25T15:30:27","modified_gmt":"2021-01-25T15:30:27","slug":"controle-de-qualite-dans-le-processus","status":"publish","type":"page","link":"https:\/\/puig-packaging.com\/fr\/controle-de-qualite-dans-le-processus\/","title":{"rendered":"Contr\u00f4le de qualit\u00e9 dans le processus"},"content":{"rendered":"<div id='av_section_1'  class='avia-section main_color avia-section-default avia-no-border-styling  avia-bg-style-scroll  avia-builder-el-0  el_before_av_hr  avia-builder-el-first   container_wrap fullsize' style=' '  ><div class='container' ><main  role=\"main\" itemprop=\"mainContentOfPage\"  class='template-page content  av-content-full alpha units'><div class='post-entry post-entry-type-page post-entry-1854'><div class='entry-content-wrapper clearfix'>\n<div   data-size='featured'  data-lightbox_size='large'  data-animation='slide'  data-conditional_play=''  data-ids='1679'  data-video_counter='0'  data-autoplay='false'  data-bg_slider='false'  data-slide_height=''  data-handle='av_slideshow'  data-interval='5'  data-class=' avia-builder-el-1  el_before_av_slideshow  avia-builder-el-first   av-small-hide av-mini-hide'  data-el_id=''  data-css_id=''  data-scroll_down=''  data-control_layout='av-control-default'  data-custom_markup=''  data-perma_caption=''  data-autoplay_stopper=''  data-image_attachment=''  data-min_height='0px'  data-lazy_loading='disabled'  data-default-height='28.666666666667'  class='avia-slideshow avia-slideshow-1  av-control-default av-default-height-applied avia-slideshow-featured av_slideshow  avia-builder-el-1  el_before_av_slideshow  avia-builder-el-first   av-small-hide av-mini-hide avia-slide-slider '  itemprop=\"image\" itemscope=\"itemscope\" itemtype=\"https:\/\/schema.org\/ImageObject\" ><ul class='avia-slideshow-inner ' style='padding-bottom: 28%;' ><li  class=' av-single-slide slide-1 ' ><div data-rel='slideshow-1' class='avia-slide-wrap '   ><img decoding=\"async\" class=\"wp-image-1681 avia-img-lazy-loading-not-1681\"  src=\"https:\/\/puig-packaging.com\/wp-content\/uploads\/2020\/12\/SLIDER-control-de-CALIDAD.jpg\" width=\"1500\" height=\"420\" title='SLIDER-control-de-CALIDAD' alt=''  itemprop=\"thumbnailUrl\" srcset=\"https:\/\/puig-packaging.com\/wp-content\/uploads\/2020\/12\/SLIDER-control-de-CALIDAD.jpg 1500w, https:\/\/puig-packaging.com\/wp-content\/uploads\/2020\/12\/SLIDER-control-de-CALIDAD-300x84.jpg 300w, https:\/\/puig-packaging.com\/wp-content\/uploads\/2020\/12\/SLIDER-control-de-CALIDAD-1030x288.jpg 1030w, https:\/\/puig-packaging.com\/wp-content\/uploads\/2020\/12\/SLIDER-control-de-CALIDAD-768x215.jpg 768w, https:\/\/puig-packaging.com\/wp-content\/uploads\/2020\/12\/SLIDER-control-de-CALIDAD-705x197.jpg 705w, https:\/\/puig-packaging.com\/wp-content\/uploads\/2020\/12\/SLIDER-control-de-CALIDAD-600x168.jpg 600w\" sizes=\"(max-width: 1500px) 100vw, 1500px\" \/><\/div><\/li><\/ul><\/div>\n<div   data-size='featured'  data-lightbox_size='large'  data-animation='slide'  data-conditional_play=''  data-ids='1108'  data-video_counter='0'  data-autoplay='false'  data-bg_slider='false'  data-slide_height=''  data-handle='av_slideshow'  data-interval='5'  data-class=' avia-builder-el-2  el_after_av_slideshow  el_before_av_one_full   av-desktop-hide av-medium-hide'  data-el_id=''  data-css_id=''  data-scroll_down=''  data-control_layout='av-control-default'  data-custom_markup=''  data-perma_caption=''  data-autoplay_stopper=''  data-image_attachment=''  data-min_height='0px'  data-lazy_loading='disabled'  data-default-height='28.666666666667'  class='avia-slideshow avia-slideshow-2  av-control-default av-default-height-applied avia-slideshow-featured av_slideshow  avia-builder-el-2  el_after_av_slideshow  el_before_av_one_full   av-desktop-hide av-medium-hide avia-slide-slider '  itemprop=\"image\" itemscope=\"itemscope\" itemtype=\"https:\/\/schema.org\/ImageObject\" ><ul class='avia-slideshow-inner ' style='padding-bottom: 71.666666666667%;' ><li  class=' av-single-slide slide-1 ' ><div data-rel='slideshow-2' class='avia-slide-wrap '   ><img decoding=\"async\" class=\"wp-image-1110 avia-img-lazy-loading-not-1110\"  src=\"https:\/\/puig-packaging.com\/wp-content\/uploads\/2020\/12\/Fotoservicios-PuigPackaging-MVL-600x430.jpg\" width=\"600\" height=\"430\" title='Fotoservicios-PuigPackaging-MVL' alt=''  itemprop=\"thumbnailUrl\" srcset=\"https:\/\/puig-packaging.com\/wp-content\/uploads\/2020\/12\/Fotoservicios-PuigPackaging-MVL-600x430.jpg 600w, https:\/\/puig-packaging.com\/wp-content\/uploads\/2020\/12\/Fotoservicios-PuigPackaging-MVL-260x185.jpg 260w\" sizes=\"(max-width: 600px) 100vw, 600px\" \/><\/div><\/li><\/ul><\/div>\n<div class=\"flex_column av_one_full  flex_column_div av-zero-column-padding first  avia-builder-el-3  el_after_av_slideshow  avia-builder-el-last  \" style='border-radius:0px; '><section class=\"av_textblock_section \"  itemscope=\"itemscope\" itemtype=\"https:\/\/schema.org\/CreativeWork\" ><div class='avia_textblock  av_inherit_color '  style='color:#828282; '  itemprop=\"text\" ><h1 style=\"text-align: center; font-weight: 500;\">CONTR\u00d4LE DE QUALIT\u00c9 DANS LE PROCESSUS<\/h1>\n<\/div><\/section><br \/>\n<div  style=' margin-top:0px; margin-bottom:30px;'  class='hr hr-custom hr-center hr-icon-no   avia-builder-el-5  el_after_av_textblock  el_before_av_textblock '><span class='hr-inner  inner-border-av-border-fat' style=' width:50px; border-color:#828282;' ><span class='hr-inner-style'><\/span><\/span><\/div><br \/>\n<section class=\"av_textblock_section \"  itemscope=\"itemscope\" itemtype=\"https:\/\/schema.org\/CreativeWork\" ><div class='avia_textblock  '  style='font-size:15px; '  itemprop=\"text\" ><p class=\"p1\" style=\"text-align: center;\">Gr\u00e2ce \u00e0 l&rsquo;informatisation de l&rsquo;ensemble du syst\u00e8me, Puig Packaging conna\u00eet \u00e0 tout moment l&rsquo;\u00e9tat des produits en cours de fabrication. La tra\u00e7abilit\u00e9 du lot est ainsi assur\u00e9e, depuis l&rsquo;entr\u00e9e de la mati\u00e8re premi\u00e8re jusqu&rsquo;\u00e0 la validation du lot par le d\u00e9partement de contr\u00f4le de qualit\u00e9. Les contr\u00f4les effectu\u00e9s par notre personnel au cours de la production nous permettent d&rsquo;obtenir des donn\u00e9es sur le comportement du lot durant tout le processus.<\/p>\n<p class=\"p1\" style=\"text-align: center;\">Notre d\u00e9partement de contr\u00f4le de qualit\u00e9 effectue les contr\u00f4les opportuns selon les proc\u00e9dures et les instructions stipul\u00e9es, en suivant les niveaux de qualit\u00e9 acceptables (NQA) convenus avec les clients.<\/p>\n<p class=\"p1\" style=\"text-align: center;\">\u00c0 la demande du client, nous d\u00e9livrons des certificats finaux, des \u00e9chantillonnages concert\u00e9s, etc.<\/p>\n<p class=\"p1\" style=\"text-align: center;\">\u00c0 la demande du client, nous conservons des \u00e9chantillons de chaque lot fabriqu\u00e9 pendant cinq ans dans notre biblioth\u00e8que d&rsquo;\u00e9chantillons.<\/p>\n<\/div><\/section><\/p><\/div><\/div><\/div><\/main><!-- close content main element --><\/div><\/div><div id='after_section_1'  class='main_color av_default_container_wrap container_wrap fullsize' style=' '  ><div class='container' ><div class='template-page content  av-content-full alpha units'><div class='post-entry post-entry-type-page post-entry-1854'><div class='entry-content-wrapper clearfix'><div  style=' margin-top:0px; margin-bottom:30px;'  class='hr hr-custom hr-center hr-icon-no   avia-builder-el-7  el_after_av_section  avia-builder-el-no-sibling '><span class='hr-inner  inner-border-av-border-fat' style=' width:50px; border-color:#828282;' ><span class='hr-inner-style'><\/span><\/span><\/div><\/p>\n","protected":false},"excerpt":{"rendered":"","protected":false},"author":1,"featured_media":0,"parent":0,"menu_order":0,"comment_status":"closed","ping_status":"closed","template":"","meta":{"footnotes":""},"class_list":["post-1854","page","type-page","status-publish","hentry"],"yoast_head":"<!-- This site is optimized with the Yoast SEO plugin v26.2 - https:\/\/yoast.com\/wordpress\/plugins\/seo\/ -->\n<title>Contr\u00f4le de qualit\u00e9 dans le processus - Plastiques Puig<\/title>\n<meta name=\"robots\" content=\"index, follow, max-snippet:-1, max-image-preview:large, max-video-preview:-1\" \/>\n<link rel=\"canonical\" href=\"https:\/\/puig-packaging.com\/fr\/controle-de-qualite-dans-le-processus\/\" \/>\n<meta property=\"og:locale\" content=\"fr_FR\" \/>\n<meta property=\"og:type\" content=\"article\" \/>\n<meta property=\"og:title\" content=\"Contr\u00f4le de qualit\u00e9 dans le processus - Plastiques Puig\" \/>\n<meta property=\"og:url\" content=\"https:\/\/puig-packaging.com\/fr\/controle-de-qualite-dans-le-processus\/\" \/>\n<meta property=\"og:site_name\" content=\"Plastiques Puig\" \/>\n<meta property=\"article:modified_time\" content=\"2021-01-25T15:30:27+00:00\" \/>\n<meta name=\"twitter:card\" content=\"summary_large_image\" \/>\n<meta name=\"twitter:label1\" content=\"Dur\u00e9e de lecture estim\u00e9e\" \/>\n\t<meta name=\"twitter:data1\" content=\"2 minutes\" \/>\n<script type=\"application\/ld+json\" class=\"yoast-schema-graph\">{\"@context\":\"https:\/\/schema.org\",\"@graph\":[{\"@type\":\"WebPage\",\"@id\":\"https:\/\/puig-packaging.com\/fr\/controle-de-qualite-dans-le-processus\/\",\"url\":\"https:\/\/puig-packaging.com\/fr\/controle-de-qualite-dans-le-processus\/\",\"name\":\"Contr\u00f4le de qualit\u00e9 dans le processus - Plastiques Puig\",\"isPartOf\":{\"@id\":\"https:\/\/puig-packaging.com\/fr\/#website\"},\"datePublished\":\"2020-12-18T10:00:34+00:00\",\"dateModified\":\"2021-01-25T15:30:27+00:00\",\"breadcrumb\":{\"@id\":\"https:\/\/puig-packaging.com\/fr\/controle-de-qualite-dans-le-processus\/#breadcrumb\"},\"inLanguage\":\"fr-FR\",\"potentialAction\":[{\"@type\":\"ReadAction\",\"target\":[\"https:\/\/puig-packaging.com\/fr\/controle-de-qualite-dans-le-processus\/\"]}]},{\"@type\":\"BreadcrumbList\",\"@id\":\"https:\/\/puig-packaging.com\/fr\/controle-de-qualite-dans-le-processus\/#breadcrumb\",\"itemListElement\":[{\"@type\":\"ListItem\",\"position\":1,\"name\":\"Portada\",\"item\":\"https:\/\/puig-packaging.com\/fr\/home\/\"},{\"@type\":\"ListItem\",\"position\":2,\"name\":\"Contr\u00f4le de qualit\u00e9 dans le processus\"}]},{\"@type\":\"WebSite\",\"@id\":\"https:\/\/puig-packaging.com\/fr\/#website\",\"url\":\"https:\/\/puig-packaging.com\/fr\/\",\"name\":\"Plastiques Puig\",\"description\":\"Just another WordPress site\",\"potentialAction\":[{\"@type\":\"SearchAction\",\"target\":{\"@type\":\"EntryPoint\",\"urlTemplate\":\"https:\/\/puig-packaging.com\/fr\/?s={search_term_string}\"},\"query-input\":{\"@type\":\"PropertyValueSpecification\",\"valueRequired\":true,\"valueName\":\"search_term_string\"}}],\"inLanguage\":\"fr-FR\"}]}<\/script>\n<!-- \/ Yoast SEO plugin. -->","yoast_head_json":{"title":"Contr\u00f4le de qualit\u00e9 dans le processus - Plastiques Puig","robots":{"index":"index","follow":"follow","max-snippet":"max-snippet:-1","max-image-preview":"max-image-preview:large","max-video-preview":"max-video-preview:-1"},"canonical":"https:\/\/puig-packaging.com\/fr\/controle-de-qualite-dans-le-processus\/","og_locale":"fr_FR","og_type":"article","og_title":"Contr\u00f4le de qualit\u00e9 dans le processus - Plastiques Puig","og_url":"https:\/\/puig-packaging.com\/fr\/controle-de-qualite-dans-le-processus\/","og_site_name":"Plastiques Puig","article_modified_time":"2021-01-25T15:30:27+00:00","twitter_card":"summary_large_image","twitter_misc":{"Dur\u00e9e de lecture estim\u00e9e":"2 minutes"},"schema":{"@context":"https:\/\/schema.org","@graph":[{"@type":"WebPage","@id":"https:\/\/puig-packaging.com\/fr\/controle-de-qualite-dans-le-processus\/","url":"https:\/\/puig-packaging.com\/fr\/controle-de-qualite-dans-le-processus\/","name":"Contr\u00f4le de qualit\u00e9 dans le processus - Plastiques Puig","isPartOf":{"@id":"https:\/\/puig-packaging.com\/fr\/#website"},"datePublished":"2020-12-18T10:00:34+00:00","dateModified":"2021-01-25T15:30:27+00:00","breadcrumb":{"@id":"https:\/\/puig-packaging.com\/fr\/controle-de-qualite-dans-le-processus\/#breadcrumb"},"inLanguage":"fr-FR","potentialAction":[{"@type":"ReadAction","target":["https:\/\/puig-packaging.com\/fr\/controle-de-qualite-dans-le-processus\/"]}]},{"@type":"BreadcrumbList","@id":"https:\/\/puig-packaging.com\/fr\/controle-de-qualite-dans-le-processus\/#breadcrumb","itemListElement":[{"@type":"ListItem","position":1,"name":"Portada","item":"https:\/\/puig-packaging.com\/fr\/home\/"},{"@type":"ListItem","position":2,"name":"Contr\u00f4le de qualit\u00e9 dans le processus"}]},{"@type":"WebSite","@id":"https:\/\/puig-packaging.com\/fr\/#website","url":"https:\/\/puig-packaging.com\/fr\/","name":"Plastiques Puig","description":"Just another WordPress site","potentialAction":[{"@type":"SearchAction","target":{"@type":"EntryPoint","urlTemplate":"https:\/\/puig-packaging.com\/fr\/?s={search_term_string}"},"query-input":{"@type":"PropertyValueSpecification","valueRequired":true,"valueName":"search_term_string"}}],"inLanguage":"fr-FR"}]}},"_links":{"self":[{"href":"https:\/\/puig-packaging.com\/fr\/wp-json\/wp\/v2\/pages\/1854","targetHints":{"allow":["GET"]}}],"collection":[{"href":"https:\/\/puig-packaging.com\/fr\/wp-json\/wp\/v2\/pages"}],"about":[{"href":"https:\/\/puig-packaging.com\/fr\/wp-json\/wp\/v2\/types\/page"}],"author":[{"embeddable":true,"href":"https:\/\/puig-packaging.com\/fr\/wp-json\/wp\/v2\/users\/1"}],"replies":[{"embeddable":true,"href":"https:\/\/puig-packaging.com\/fr\/wp-json\/wp\/v2\/comments?post=1854"}],"version-history":[{"count":0,"href":"https:\/\/puig-packaging.com\/fr\/wp-json\/wp\/v2\/pages\/1854\/revisions"}],"wp:attachment":[{"href":"https:\/\/puig-packaging.com\/fr\/wp-json\/wp\/v2\/media?parent=1854"}],"curies":[{"name":"wp","href":"https:\/\/api.w.org\/{rel}","templated":true}]}}