{"id":1897,"date":"2020-12-02T11:38:36","date_gmt":"2020-12-02T11:38:36","guid":{"rendered":"https:\/\/puig.clonica.net\/decoracion\/"},"modified":"2020-12-28T14:15:12","modified_gmt":"2020-12-28T14:15:12","slug":"decoracion","status":"publish","type":"page","link":"https:\/\/puig-packaging.com\/en\/services\/decoracion\/","title":{"rendered":"Decoraci\u00f3n"},"content":{"rendered":"<div id='av_section_1'  class='avia-section main_color avia-section-default avia-no-border-styling  avia-bg-style-scroll  avia-builder-el-0  avia-builder-el-no-sibling   container_wrap fullsize' style=' '  ><div class='container' ><main  role=\"main\" itemprop=\"mainContentOfPage\"  class='template-page content  av-content-full alpha units'><div class='post-entry post-entry-type-page post-entry-1897'><div class='entry-content-wrapper clearfix'>\n<div class=\"flex_column av_one_full  flex_column_div av-zero-column-padding first  avia-builder-el-1  el_before_av_one_third  avia-builder-el-first  \" style='border-radius:0px; '><section class=\"av_textblock_section \"  itemscope=\"itemscope\" itemtype=\"https:\/\/schema.org\/CreativeWork\" ><div class='avia_textblock  av_inherit_color '  style='color:#828282; '  itemprop=\"text\" ><h1 style=\"text-align: center; font-weight: 500;\">Decoraci\u00f3n<\/h1>\n<\/div><\/section><br \/>\n<div  style=' margin-top:0px; margin-bottom:30px;'  class='hr hr-custom hr-center hr-icon-no   avia-builder-el-3  el_after_av_textblock  el_before_av_textblock '><span class='hr-inner  inner-border-av-border-fat' style=' width:50px; border-color:#828282;' ><span class='hr-inner-style'><\/span><\/span><\/div><br \/>\n<section class=\"av_textblock_section \"  itemscope=\"itemscope\" itemtype=\"https:\/\/schema.org\/CreativeWork\" ><div class='avia_textblock  '   itemprop=\"text\" ><p style=\"text-align: center;\">En Industrias Pl\u00e1sticas Puig les ofrecemos servicio de decoraci\u00f3n final de sus envases, ya sea mediante serigraf\u00eda,\u00a0<em>sleeves<\/em>, buscando la mejor opci\u00f3n seg\u00fan las necesidades del cliente.<\/p>\n<p style=\"text-align: center;\">Contamos con un servicio externo de serigraf\u00eda de calidad. Una larga relaci\u00f3n de confianza y experiencia que nos permite ofrecer condiciones ventajosas para nuestros clientes.<\/p>\n<div style=\"text-align: center;\"><\/div>\n<\/div><\/section><\/p><\/div><div class=\"flex_column av_one_third  flex_column_div av-zero-column-padding first  avia-builder-el-5  el_after_av_one_full  el_before_av_one_third  column-top-margin\" style='border-radius:0px; '><div  class='avia-image-container  av-styling-    avia-builder-el-6  avia-builder-el-no-sibling  avia-align-center '  itemprop=\"image\" itemscope=\"itemscope\" itemtype=\"https:\/\/schema.org\/ImageObject\"  ><div class='avia-image-container-inner'><div class='avia-image-overlay-wrap'><img decoding=\"async\" class='wp-image-958 avia-img-lazy-loading-not-958 avia_image' src=\"https:\/\/puig-packaging.com\/wp-content\/uploads\/2020\/12\/FotoServeis-3-PuigPackaging-300x300.png\" alt='' title='FotoServeis-3-PuigPackaging' height=\"300\" width=\"300\"  itemprop=\"thumbnailUrl\" srcset=\"https:\/\/puig-packaging.com\/wp-content\/uploads\/2020\/12\/FotoServeis-3-PuigPackaging-300x300.png 300w, https:\/\/puig-packaging.com\/wp-content\/uploads\/2020\/12\/FotoServeis-3-PuigPackaging-80x80.png 80w, https:\/\/puig-packaging.com\/wp-content\/uploads\/2020\/12\/FotoServeis-3-PuigPackaging-768x768.png 768w, https:\/\/puig-packaging.com\/wp-content\/uploads\/2020\/12\/FotoServeis-3-PuigPackaging-36x36.png 36w, https:\/\/puig-packaging.com\/wp-content\/uploads\/2020\/12\/FotoServeis-3-PuigPackaging-180x180.png 180w, https:\/\/puig-packaging.com\/wp-content\/uploads\/2020\/12\/FotoServeis-3-PuigPackaging-705x705.png 705w, https:\/\/puig-packaging.com\/wp-content\/uploads\/2020\/12\/FotoServeis-3-PuigPackaging-100x100.png 100w, https:\/\/puig-packaging.com\/wp-content\/uploads\/2020\/12\/FotoServeis-3-PuigPackaging-600x600.png 600w, https:\/\/puig-packaging.com\/wp-content\/uploads\/2020\/12\/FotoServeis-3-PuigPackaging.png 800w\" sizes=\"(max-width: 300px) 100vw, 300px\" \/><\/div><\/div><\/div><\/div><div class=\"flex_column av_one_third  flex_column_div av-zero-column-padding   avia-builder-el-7  el_after_av_one_third  el_before_av_one_third  column-top-margin\" style='border-radius:0px; '><div  class='avia-image-container  av-styling-    avia-builder-el-8  avia-builder-el-no-sibling  avia-align-center '  itemprop=\"image\" itemscope=\"itemscope\" itemtype=\"https:\/\/schema.org\/ImageObject\"  ><div class='avia-image-container-inner'><div class='avia-image-overlay-wrap'><img decoding=\"async\" class='wp-image-958 avia-img-lazy-loading-not-958 avia_image' src=\"https:\/\/puig-packaging.com\/wp-content\/uploads\/2020\/12\/FotoServeis-3-PuigPackaging-300x300.png\" alt='' title='FotoServeis-3-PuigPackaging' height=\"300\" width=\"300\"  itemprop=\"thumbnailUrl\" srcset=\"https:\/\/puig-packaging.com\/wp-content\/uploads\/2020\/12\/FotoServeis-3-PuigPackaging-300x300.png 300w, https:\/\/puig-packaging.com\/wp-content\/uploads\/2020\/12\/FotoServeis-3-PuigPackaging-80x80.png 80w, https:\/\/puig-packaging.com\/wp-content\/uploads\/2020\/12\/FotoServeis-3-PuigPackaging-768x768.png 768w, https:\/\/puig-packaging.com\/wp-content\/uploads\/2020\/12\/FotoServeis-3-PuigPackaging-36x36.png 36w, https:\/\/puig-packaging.com\/wp-content\/uploads\/2020\/12\/FotoServeis-3-PuigPackaging-180x180.png 180w, https:\/\/puig-packaging.com\/wp-content\/uploads\/2020\/12\/FotoServeis-3-PuigPackaging-705x705.png 705w, https:\/\/puig-packaging.com\/wp-content\/uploads\/2020\/12\/FotoServeis-3-PuigPackaging-100x100.png 100w, https:\/\/puig-packaging.com\/wp-content\/uploads\/2020\/12\/FotoServeis-3-PuigPackaging-600x600.png 600w, https:\/\/puig-packaging.com\/wp-content\/uploads\/2020\/12\/FotoServeis-3-PuigPackaging.png 800w\" sizes=\"(max-width: 300px) 100vw, 300px\" \/><\/div><\/div><\/div><\/div><div class=\"flex_column av_one_third  flex_column_div av-zero-column-padding   avia-builder-el-9  el_after_av_one_third  avia-builder-el-last  column-top-margin\" style='border-radius:0px; '><div  class='avia-image-container  av-styling-    avia-builder-el-10  avia-builder-el-no-sibling  avia-align-center '  itemprop=\"image\" itemscope=\"itemscope\" itemtype=\"https:\/\/schema.org\/ImageObject\"  ><div class='avia-image-container-inner'><div class='avia-image-overlay-wrap'><img decoding=\"async\" class='wp-image-958 avia-img-lazy-loading-not-958 avia_image' src=\"https:\/\/puig-packaging.com\/wp-content\/uploads\/2020\/12\/FotoServeis-3-PuigPackaging-300x300.png\" alt='' title='FotoServeis-3-PuigPackaging' height=\"300\" width=\"300\"  itemprop=\"thumbnailUrl\" srcset=\"https:\/\/puig-packaging.com\/wp-content\/uploads\/2020\/12\/FotoServeis-3-PuigPackaging-300x300.png 300w, https:\/\/puig-packaging.com\/wp-content\/uploads\/2020\/12\/FotoServeis-3-PuigPackaging-80x80.png 80w, https:\/\/puig-packaging.com\/wp-content\/uploads\/2020\/12\/FotoServeis-3-PuigPackaging-768x768.png 768w, https:\/\/puig-packaging.com\/wp-content\/uploads\/2020\/12\/FotoServeis-3-PuigPackaging-36x36.png 36w, https:\/\/puig-packaging.com\/wp-content\/uploads\/2020\/12\/FotoServeis-3-PuigPackaging-180x180.png 180w, https:\/\/puig-packaging.com\/wp-content\/uploads\/2020\/12\/FotoServeis-3-PuigPackaging-705x705.png 705w, https:\/\/puig-packaging.com\/wp-content\/uploads\/2020\/12\/FotoServeis-3-PuigPackaging-100x100.png 100w, https:\/\/puig-packaging.com\/wp-content\/uploads\/2020\/12\/FotoServeis-3-PuigPackaging-600x600.png 600w, https:\/\/puig-packaging.com\/wp-content\/uploads\/2020\/12\/FotoServeis-3-PuigPackaging.png 800w\" sizes=\"(max-width: 300px) 100vw, 300px\" \/><\/div><\/div><\/div><\/div>\n","protected":false},"excerpt":{"rendered":"","protected":false},"author":1,"featured_media":0,"parent":1902,"menu_order":0,"comment_status":"closed","ping_status":"closed","template":"","meta":{"footnotes":""},"class_list":["post-1897","page","type-page","status-publish","hentry"],"yoast_head":"<!-- This site is optimized with the Yoast SEO plugin v26.2 - https:\/\/yoast.com\/wordpress\/plugins\/seo\/ -->\n<title>Decoraci\u00f3n - Plastiques Puig<\/title>\n<meta name=\"robots\" content=\"index, follow, max-snippet:-1, max-image-preview:large, max-video-preview:-1\" \/>\n<link rel=\"canonical\" href=\"https:\/\/puig-packaging.com\/en\/services\/decoracion\/\" \/>\n<meta property=\"og:locale\" content=\"en_US\" \/>\n<meta property=\"og:type\" content=\"article\" \/>\n<meta property=\"og:title\" content=\"Decoraci\u00f3n - Plastiques Puig\" \/>\n<meta property=\"og:url\" content=\"https:\/\/puig-packaging.com\/en\/services\/decoracion\/\" \/>\n<meta property=\"og:site_name\" content=\"Plastiques Puig\" \/>\n<meta property=\"article:modified_time\" content=\"2020-12-28T14:15:12+00:00\" \/>\n<meta name=\"twitter:card\" content=\"summary_large_image\" \/>\n<meta name=\"twitter:label1\" content=\"Est. reading time\" \/>\n\t<meta name=\"twitter:data1\" content=\"5 minutes\" \/>\n<script type=\"application\/ld+json\" class=\"yoast-schema-graph\">{\"@context\":\"https:\/\/schema.org\",\"@graph\":[{\"@type\":\"WebPage\",\"@id\":\"https:\/\/puig-packaging.com\/en\/services\/decoracion\/\",\"url\":\"https:\/\/puig-packaging.com\/en\/services\/decoracion\/\",\"name\":\"Decoraci\u00f3n - Plastiques Puig\",\"isPartOf\":{\"@id\":\"https:\/\/puig-packaging.com\/en\/#website\"},\"datePublished\":\"2020-12-02T11:38:36+00:00\",\"dateModified\":\"2020-12-28T14:15:12+00:00\",\"breadcrumb\":{\"@id\":\"https:\/\/puig-packaging.com\/en\/services\/decoracion\/#breadcrumb\"},\"inLanguage\":\"en-US\",\"potentialAction\":[{\"@type\":\"ReadAction\",\"target\":[\"https:\/\/puig-packaging.com\/en\/services\/decoracion\/\"]}]},{\"@type\":\"BreadcrumbList\",\"@id\":\"https:\/\/puig-packaging.com\/en\/services\/decoracion\/#breadcrumb\",\"itemListElement\":[{\"@type\":\"ListItem\",\"position\":1,\"name\":\"Portada\",\"item\":\"https:\/\/puig-packaging.com\/en\/home\/\"},{\"@type\":\"ListItem\",\"position\":2,\"name\":\"Services\",\"item\":\"https:\/\/puig-packaging.com\/en\/servicios\/\"},{\"@type\":\"ListItem\",\"position\":3,\"name\":\"Decoraci\u00f3n\"}]},{\"@type\":\"WebSite\",\"@id\":\"https:\/\/puig-packaging.com\/en\/#website\",\"url\":\"https:\/\/puig-packaging.com\/en\/\",\"name\":\"Plastiques Puig\",\"description\":\"Just another WordPress site\",\"potentialAction\":[{\"@type\":\"SearchAction\",\"target\":{\"@type\":\"EntryPoint\",\"urlTemplate\":\"https:\/\/puig-packaging.com\/en\/?s={search_term_string}\"},\"query-input\":{\"@type\":\"PropertyValueSpecification\",\"valueRequired\":true,\"valueName\":\"search_term_string\"}}],\"inLanguage\":\"en-US\"}]}<\/script>\n<!-- \/ Yoast SEO plugin. -->","yoast_head_json":{"title":"Decoraci\u00f3n - Plastiques Puig","robots":{"index":"index","follow":"follow","max-snippet":"max-snippet:-1","max-image-preview":"max-image-preview:large","max-video-preview":"max-video-preview:-1"},"canonical":"https:\/\/puig-packaging.com\/en\/services\/decoracion\/","og_locale":"en_US","og_type":"article","og_title":"Decoraci\u00f3n - Plastiques Puig","og_url":"https:\/\/puig-packaging.com\/en\/services\/decoracion\/","og_site_name":"Plastiques Puig","article_modified_time":"2020-12-28T14:15:12+00:00","twitter_card":"summary_large_image","twitter_misc":{"Est. reading time":"5 minutes"},"schema":{"@context":"https:\/\/schema.org","@graph":[{"@type":"WebPage","@id":"https:\/\/puig-packaging.com\/en\/services\/decoracion\/","url":"https:\/\/puig-packaging.com\/en\/services\/decoracion\/","name":"Decoraci\u00f3n - Plastiques Puig","isPartOf":{"@id":"https:\/\/puig-packaging.com\/en\/#website"},"datePublished":"2020-12-02T11:38:36+00:00","dateModified":"2020-12-28T14:15:12+00:00","breadcrumb":{"@id":"https:\/\/puig-packaging.com\/en\/services\/decoracion\/#breadcrumb"},"inLanguage":"en-US","potentialAction":[{"@type":"ReadAction","target":["https:\/\/puig-packaging.com\/en\/services\/decoracion\/"]}]},{"@type":"BreadcrumbList","@id":"https:\/\/puig-packaging.com\/en\/services\/decoracion\/#breadcrumb","itemListElement":[{"@type":"ListItem","position":1,"name":"Portada","item":"https:\/\/puig-packaging.com\/en\/home\/"},{"@type":"ListItem","position":2,"name":"Services","item":"https:\/\/puig-packaging.com\/en\/servicios\/"},{"@type":"ListItem","position":3,"name":"Decoraci\u00f3n"}]},{"@type":"WebSite","@id":"https:\/\/puig-packaging.com\/en\/#website","url":"https:\/\/puig-packaging.com\/en\/","name":"Plastiques Puig","description":"Just another WordPress site","potentialAction":[{"@type":"SearchAction","target":{"@type":"EntryPoint","urlTemplate":"https:\/\/puig-packaging.com\/en\/?s={search_term_string}"},"query-input":{"@type":"PropertyValueSpecification","valueRequired":true,"valueName":"search_term_string"}}],"inLanguage":"en-US"}]}},"_links":{"self":[{"href":"https:\/\/puig-packaging.com\/en\/wp-json\/wp\/v2\/pages\/1897","targetHints":{"allow":["GET"]}}],"collection":[{"href":"https:\/\/puig-packaging.com\/en\/wp-json\/wp\/v2\/pages"}],"about":[{"href":"https:\/\/puig-packaging.com\/en\/wp-json\/wp\/v2\/types\/page"}],"author":[{"embeddable":true,"href":"https:\/\/puig-packaging.com\/en\/wp-json\/wp\/v2\/users\/1"}],"replies":[{"embeddable":true,"href":"https:\/\/puig-packaging.com\/en\/wp-json\/wp\/v2\/comments?post=1897"}],"version-history":[{"count":0,"href":"https:\/\/puig-packaging.com\/en\/wp-json\/wp\/v2\/pages\/1897\/revisions"}],"up":[{"embeddable":true,"href":"https:\/\/puig-packaging.com\/en\/wp-json\/wp\/v2\/pages\/1902"}],"wp:attachment":[{"href":"https:\/\/puig-packaging.com\/en\/wp-json\/wp\/v2\/media?parent=1897"}],"curies":[{"name":"wp","href":"https:\/\/api.w.org\/{rel}","templated":true}]}}